{"id":3017,"date":"2020-06-19T13:23:25","date_gmt":"2020-06-19T13:23:25","guid":{"rendered":"https:\/\/fealold.feal.hr\/?page_id=3017"},"modified":"2024-08-07T06:04:32","modified_gmt":"2024-08-07T06:04:32","slug":"zavarivanje","status":"publish","type":"page","link":"https:\/\/fealold.feal.hr\/de\/zavarivanje\/","title":{"rendered":"Schweissen"},"content":{"rendered":"<div data-elementor-type=\"wp-page\" data-elementor-id=\"3017\" class=\"elementor elementor-3017\" data-elementor-post-type=\"page\">\n\t\t\t\t\t\t<section class=\"elementor-section elementor-top-section elementor-element elementor-element-ee103ec elementor-hidden-tablet elementor-hidden-phone elementor-section-boxed elementor-section-height-default elementor-section-height-default\" data-id=\"ee103ec\" data-element_type=\"section\" data-settings=\"{&quot;background_background&quot;:&quot;classic&quot;}\">\n\t\t\t\t\t\t<div class=\"elementor-container elementor-column-gap-default\">\n\t\t\t\t\t<div class=\"elementor-column elementor-col-100 elementor-top-column elementor-element elementor-element-943b96a\" data-id=\"943b96a\" data-element_type=\"column\">\n\t\t\t<div class=\"elementor-widget-wrap elementor-element-populated\">\n\t\t\t\t\t\t<div class=\"elementor-element elementor-element-062e9af elementor-widget elementor-widget-heading\" data-id=\"062e9af\" data-element_type=\"widget\" data-widget_type=\"heading.default\">\n\t\t\t\t<div class=\"elementor-widget-container\">\n\t\t\t<h6 class=\"elementor-heading-title elementor-size-default\"><a href=\"https:\/\/fealold.feal.hr\/de\/strojna-obrada\/\">&lt; Mechanische Bearbeitung<\/a><\/h6>\t\t<\/div>\n\t\t\t\t<\/div>\n\t\t\t\t\t<\/div>\n\t\t<\/div>\n\t\t\t\t\t<\/div>\n\t\t<\/section>\n\t\t\t\t<section class=\"elementor-section elementor-top-section elementor-element elementor-element-5988ac4 elementor-section-boxed elementor-section-height-default elementor-section-height-default\" data-id=\"5988ac4\" data-element_type=\"section\">\n\t\t\t\t\t\t<div class=\"elementor-container elementor-column-gap-default\">\n\t\t\t\t\t<div class=\"elementor-column elementor-col-100 elementor-top-column elementor-element elementor-element-266c680\" data-id=\"266c680\" data-element_type=\"column\">\n\t\t\t<div class=\"elementor-widget-wrap elementor-element-populated\">\n\t\t\t\t\t\t<div class=\"elementor-element elementor-element-dd63454 elementor-widget elementor-widget-heading\" data-id=\"dd63454\" data-element_type=\"widget\" data-widget_type=\"heading.default\">\n\t\t\t\t<div class=\"elementor-widget-container\">\n\t\t\t<h2 class=\"elementor-heading-title elementor-size-default\">Schweissen<\/h2>\t\t<\/div>\n\t\t\t\t<\/div>\n\t\t\t\t\t<\/div>\n\t\t<\/div>\n\t\t\t\t\t<\/div>\n\t\t<\/section>\n\t\t\t\t<section class=\"elementor-section elementor-top-section elementor-element elementor-element-c90f928 elementor-section-height-min-height elementor-section-content-bottom elementor-section-boxed elementor-section-height-default elementor-section-items-middle\" data-id=\"c90f928\" data-element_type=\"section\" data-settings=\"{&quot;background_background&quot;:&quot;video&quot;,&quot;background_video_link&quot;:&quot;https:\\\/\\\/youtu.be\\\/sEKXM4U2LEE&quot;,&quot;background_play_on_mobile&quot;:&quot;yes&quot;}\">\n\t\t\t\t\t\t\t\t<div class=\"elementor-background-video-container\">\n\t\t\t\t\t\t\t\t\t\t\t\t\t<div class=\"elementor-background-video-embed\"><\/div>\n\t\t\t\t\t\t\t\t\t\t\t\t<\/div>\n\t\t\t\t\t\t\t\t<div class=\"elementor-container elementor-column-gap-default\">\n\t\t\t\t\t<div class=\"elementor-column elementor-col-100 elementor-top-column elementor-element elementor-element-d7ac4ae\" data-id=\"d7ac4ae\" data-element_type=\"column\">\n\t\t\t<div class=\"elementor-widget-wrap\">\n\t\t\t\t\t\t\t<\/div>\n\t\t<\/div>\n\t\t\t\t\t<\/div>\n\t\t<\/section>\n\t\t\t\t<section class=\"elementor-section elementor-top-section elementor-element elementor-element-c63f1bf elementor-section-boxed elementor-section-height-default elementor-section-height-default elementor-invisible\" data-id=\"c63f1bf\" data-element_type=\"section\" data-settings=\"{&quot;animation&quot;:&quot;fadeIn&quot;}\">\n\t\t\t\t\t\t<div class=\"elementor-container elementor-column-gap-default\">\n\t\t\t\t\t<div class=\"elementor-column elementor-col-100 elementor-top-column elementor-element elementor-element-a4aa543\" data-id=\"a4aa543\" data-element_type=\"column\">\n\t\t\t<div class=\"elementor-widget-wrap elementor-element-populated\">\n\t\t\t\t\t\t<div class=\"elementor-element elementor-element-2511a68 elementor-widget elementor-widget-text-editor\" data-id=\"2511a68\" data-element_type=\"widget\" data-widget_type=\"text-editor.default\">\n\t\t\t\t<div class=\"elementor-widget-container\">\n\t\t\t\t\t\t\t<p class=\" translation-block\">Posjedujemo <strong><a href=\"https:\/\/fealold.feal.hr\/certifikati\/\" target=\"_self\">certifikate za zavarivanje<\/a><\/strong>, koji su osobito zahtijevani u \u017eeljezni\u010dkoj industriji. Jedna od na\u0161ih mogu\u0107nosti je kompletno sklapanje prozora za vlakove.<\/p>\t\t\t\t\t\t<\/div>\n\t\t\t\t<\/div>\n\t\t\t\t\t<\/div>\n\t\t<\/div>\n\t\t\t\t\t<\/div>\n\t\t<\/section>\n\t\t\t\t<section class=\"elementor-section elementor-top-section elementor-element elementor-element-a79e87e elementor-section-boxed elementor-section-height-default elementor-section-height-default elementor-invisible\" data-id=\"a79e87e\" data-element_type=\"section\" data-settings=\"{&quot;animation&quot;:&quot;fadeIn&quot;}\">\n\t\t\t\t\t\t<div class=\"elementor-container elementor-column-gap-default\">\n\t\t\t\t\t<div class=\"elementor-column elementor-col-100 elementor-top-column elementor-element elementor-element-2d3a09f\" data-id=\"2d3a09f\" data-element_type=\"column\">\n\t\t\t<div class=\"elementor-widget-wrap elementor-element-populated\">\n\t\t\t\t\t\t<div class=\"elementor-element elementor-element-9840f62 elementor-widget elementor-widget-text-editor\" data-id=\"9840f62\" data-element_type=\"widget\" data-widget_type=\"text-editor.default\">\n\t\t\t\t<div class=\"elementor-widget-container\">\n\t\t\t\t\t\t\t<p>Aluminium ist ein Werkstoff, das heute in fast allen Teilen der Industrie verwendet wird. Dar\u00fcber hinaus ist es ein Werkstoff mit ziemlich guten mechanischen Eigenschaften und f\u00fcr die Verarbeitung durch alle technologischen Prozesse sehr geeignet. Eines der speziellen Verfahren, in denen unser Unternehmen \u00fcber mehr als 15 Jahre Erfahrung verf\u00fcgt, ist das Aluminiumschwei\u00dfverfahren.<\/p><p>Im Jahr 2009 haben wir mit der Zertifizierung von Schwei\u00dfanlagen nach der europ\u00e4ischen Norm EN ISO 3834-2 begonnen und anschlie\u00dfend an der Zertifizierung von Aluminiumschwei\u00dfern f\u00fcr die Schwei\u00dfverfahren TIG (141) und MIG (131) gearbeitet.<\/p><p>Die Schwei\u00dfer sind f\u00fcr einzelne Schwei\u00dfverfahren nach der europ\u00e4ischen Norm f\u00fcr Aluminium EN ISO 9696-2 sowie nach der Spezifikation und Klassifizierung von Schwei\u00dfverfahren nach EN ISO 15614-2 zertifiziert.<\/p>\t\t\t\t\t\t<\/div>\n\t\t\t\t<\/div>\n\t\t\t\t\t<\/div>\n\t\t<\/div>\n\t\t\t\t\t<\/div>\n\t\t<\/section>\n\t\t\t\t<section class=\"elementor-section elementor-top-section elementor-element elementor-element-847034e elementor-section-boxed elementor-section-height-default elementor-section-height-default elementor-invisible\" data-id=\"847034e\" data-element_type=\"section\" data-settings=\"{&quot;animation&quot;:&quot;fadeIn&quot;}\">\n\t\t\t\t\t\t<div class=\"elementor-container elementor-column-gap-default\">\n\t\t\t\t\t<div class=\"elementor-column elementor-col-100 elementor-top-column elementor-element elementor-element-cf9f149\" data-id=\"cf9f149\" data-element_type=\"column\">\n\t\t\t<div class=\"elementor-widget-wrap elementor-element-populated\">\n\t\t\t\t\t\t<div class=\"elementor-element elementor-element-d1d4a33 elementor-widget elementor-widget-text-editor\" data-id=\"d1d4a33\" data-element_type=\"widget\" data-widget_type=\"text-editor.default\">\n\t\t\t\t<div class=\"elementor-widget-container\">\n\t\t\t\t\t\t\t<p>Das Schwei\u00dfen wird unter fachkundiger Aufsicht der Schwei\u00dfingenieure IWE (Internationaler Schwei\u00dfingenieur) \/ EWE (Europ\u00e4ischer Schwei\u00dfingenieur) durchgef\u00fchrt, w\u00e4hrend die Kontrolle der Schwei\u00dfverbindungen in unserem eigenen Labor durch zerst\u00f6rungsfreie Pr\u00fcfungen durchgef\u00fchrt wird: visuelle Kontrolle, Durchdringungsmethode, Ma\u00dfkontrolle; sowie zerst\u00f6rende Methoden zur Pr\u00fcfung geschwei\u00dfter Proben: Zugpr\u00fcfung, Biegepr\u00fcfung, H\u00e4rtemessung.<\/p><p>Im Jahr 2012 erhielten wir das Eisenbahnzertifikat EN ISO 15085-2 CL2 als eines der ersten Unternehmen in Bosnien und Herzegowina sowie in der Region. Mit der Qualit\u00e4t des Schwei\u00dfens von Baugruppen und Teilen von Schienenfahrzeugen hat das Unternehmen langfristige Gesch\u00e4fte mit gro\u00dfen und bekannten Weltunternehmen erzielt: Bombardier, Siemens, Lipik Glas, Saint Gobain\u2026 Wir sind spezialisiert auf das Schwei\u00dfen von Zugfensterrahmen sowie Innenteilen von Z\u00fcgen. Wir verf\u00fcgen \u00fcber moderne Ausr\u00fcstung f\u00fcr das Aluminiumschwei\u00dfen und sind f\u00fcr die Komponentenherstellung in kleinen und mittleren Serien ausgestattet.<\/p>\t\t\t\t\t\t<\/div>\n\t\t\t\t<\/div>\n\t\t\t\t\t<\/div>\n\t\t<\/div>\n\t\t\t\t\t<\/div>\n\t\t<\/section>\n\t\t\t\t<section class=\"elementor-section elementor-top-section elementor-element elementor-element-af3aabf elementor-section-boxed elementor-section-height-default elementor-section-height-default\" data-id=\"af3aabf\" data-element_type=\"section\">\n\t\t\t\t\t\t<div class=\"elementor-container elementor-column-gap-default\">\n\t\t\t\t\t<div class=\"elementor-column elementor-col-100 elementor-top-column elementor-element elementor-element-17c27b2\" data-id=\"17c27b2\" data-element_type=\"column\">\n\t\t\t<div class=\"elementor-widget-wrap elementor-element-populated\">\n\t\t\t\t\t\t<div class=\"elementor-element elementor-element-b1f8441 elementor-widget elementor-widget-text-editor\" data-id=\"b1f8441\" data-element_type=\"widget\" data-widget_type=\"text-editor.default\">\n\t\t\t\t<div class=\"elementor-widget-container\">\n\t\t\t\t\t\t\t<p>Wir genie\u00dfen auch in diesem Bereich einen guten Ruf und wachsen kontinuierlich. Dank der Befolgung von Industrieanforderungen realisieren wir die Projekte haupts\u00e4chlich in den L\u00e4ndern der Europ\u00e4ischen Union.<\/p>\t\t\t\t\t\t<\/div>\n\t\t\t\t<\/div>\n\t\t\t\t\t<\/div>\n\t\t<\/div>\n\t\t\t\t\t<\/div>\n\t\t<\/section>\n\t\t\t\t<section class=\"elementor-section elementor-top-section elementor-element elementor-element-970fdf0 elementor-section-boxed elementor-section-height-default elementor-section-height-default elementor-invisible\" data-id=\"970fdf0\" data-element_type=\"section\" data-settings=\"{&quot;animation&quot;:&quot;fadeIn&quot;}\">\n\t\t\t\t\t\t<div class=\"elementor-container elementor-column-gap-default\">\n\t\t\t\t\t<div class=\"elementor-column elementor-col-100 elementor-top-column elementor-element elementor-element-bfe1b93\" data-id=\"bfe1b93\" data-element_type=\"column\">\n\t\t\t<div class=\"elementor-widget-wrap elementor-element-populated\">\n\t\t\t\t\t\t<div class=\"elementor-element elementor-element-61e1e29 elementor-widget elementor-widget-heading\" data-id=\"61e1e29\" data-element_type=\"widget\" data-widget_type=\"heading.default\">\n\t\t\t\t<div class=\"elementor-widget-container\">\n\t\t\t<h5 class=\"elementor-heading-title elementor-size-default\">Weiterlesen:<\/h5>\t\t<\/div>\n\t\t\t\t<\/div>\n\t\t\t\t<div class=\"elementor-element elementor-element-47659f3 elementor-widget-divider--view-line elementor-widget elementor-widget-divider\" data-id=\"47659f3\" data-element_type=\"widget\" data-widget_type=\"divider.default\">\n\t\t\t\t<div class=\"elementor-widget-container\">\n\t\t\t\t\t<div class=\"elementor-divider\">\n\t\t\t<span class=\"elementor-divider-separator\">\n\t\t\t\t\t\t<\/span>\n\t\t<\/div>\n\t\t\t\t<\/div>\n\t\t\t\t<\/div>\n\t\t\t\t\t<\/div>\n\t\t<\/div>\n\t\t\t\t\t<\/div>\n\t\t<\/section>\n\t\t\t\t<section class=\"elementor-section elementor-top-section elementor-element elementor-element-f0a1278 elementor-section-boxed elementor-section-height-default elementor-section-height-default elementor-invisible\" data-id=\"f0a1278\" data-element_type=\"section\" data-settings=\"{&quot;animation&quot;:&quot;fadeIn&quot;}\">\n\t\t\t\t\t\t<div class=\"elementor-container elementor-column-gap-default\">\n\t\t\t\t\t<div class=\"elementor-column elementor-col-100 elementor-top-column elementor-element elementor-element-d1e316a\" data-id=\"d1e316a\" data-element_type=\"column\">\n\t\t\t<div class=\"elementor-widget-wrap elementor-element-populated\">\n\t\t\t\t\t\t<section class=\"elementor-section elementor-inner-section elementor-element elementor-element-b26fff2 elementor-section-full_width elementor-section-height-default elementor-section-height-default\" data-id=\"b26fff2\" data-element_type=\"section\">\n\t\t\t\t\t\t<div class=\"elementor-container elementor-column-gap-no\">\n\t\t\t\t\t<div class=\"elementor-column elementor-col-33 elementor-inner-column elementor-element elementor-element-dabf897\" data-id=\"dabf897\" data-element_type=\"column\">\n\t\t\t<div class=\"elementor-widget-wrap elementor-element-populated\">\n\t\t\t\t\t\t<div class=\"elementor-element elementor-element-6d633e0 elementor-widget elementor-widget-image\" data-id=\"6d633e0\" data-element_type=\"widget\" data-widget_type=\"image.default\">\n\t\t\t\t<div class=\"elementor-widget-container\">\n\t\t\t\t\t\t\t\t\t\t\t\t\t\t<a href=\"https:\/\/fealold.feal.hr\/de\/povrsinska-zastita\/\">\n\t\t\t\t\t\t\t<img fetchpriority=\"high\" decoding=\"async\" width=\"370\" height=\"250\" src=\"https:\/\/fealold.feal.hr\/wp-content\/uploads\/2020\/10\/anodizacija-4.jpg\" class=\"attachment-full size-full wp-image-4112\" alt=\"\" srcset=\"https:\/\/fealold.feal.hr\/wp-content\/uploads\/2020\/10\/anodizacija-4.jpg 370w, https:\/\/fealold.feal.hr\/wp-content\/uploads\/2020\/10\/anodizacija-4-300x203.jpg 300w\" sizes=\"(max-width: 370px) 100vw, 370px\" \/>\t\t\t\t\t\t\t\t<\/a>\n\t\t\t\t\t\t\t\t\t\t\t\t\t<\/div>\n\t\t\t\t<\/div>\n\t\t\t\t<div class=\"elementor-element elementor-element-1ae1c55 elementor-widget elementor-widget-heading\" data-id=\"1ae1c55\" data-element_type=\"widget\" data-widget_type=\"heading.default\">\n\t\t\t\t<div class=\"elementor-widget-container\">\n\t\t\t<h5 class=\"elementor-heading-title elementor-size-default\"><a href=\"https:\/\/fealold.feal.hr\/de\/povrsinska-zastita\/\">Oberfl\u00e4chenbehandlung<\/a><\/h5>\t\t<\/div>\n\t\t\t\t<\/div>\n\t\t\t\t\t<\/div>\n\t\t<\/div>\n\t\t\t\t<div class=\"elementor-column elementor-col-33 elementor-inner-column elementor-element elementor-element-5a15c85\" data-id=\"5a15c85\" data-element_type=\"column\">\n\t\t\t<div class=\"elementor-widget-wrap elementor-element-populated\">\n\t\t\t\t\t\t<div class=\"elementor-element elementor-element-468aee0 elementor-widget elementor-widget-image\" data-id=\"468aee0\" data-element_type=\"widget\" data-widget_type=\"image.default\">\n\t\t\t\t<div class=\"elementor-widget-container\">\n\t\t\t\t\t\t\t\t\t\t\t\t\t\t<a href=\"https:\/\/fealold.feal.hr\/de\/legure\/\">\n\t\t\t\t\t\t\t<img decoding=\"async\" width=\"370\" height=\"250\" src=\"https:\/\/fealold.feal.hr\/wp-content\/uploads\/2020\/06\/legure-th-2.jpg\" class=\"attachment-full size-full wp-image-2892\" alt=\"\" srcset=\"https:\/\/fealold.feal.hr\/wp-content\/uploads\/2020\/06\/legure-th-2.jpg 370w, https:\/\/fealold.feal.hr\/wp-content\/uploads\/2020\/06\/legure-th-2-300x203.jpg 300w\" sizes=\"(max-width: 370px) 100vw, 370px\" \/>\t\t\t\t\t\t\t\t<\/a>\n\t\t\t\t\t\t\t\t\t\t\t\t\t<\/div>\n\t\t\t\t<\/div>\n\t\t\t\t<div class=\"elementor-element elementor-element-126f3c1 elementor-widget elementor-widget-heading\" data-id=\"126f3c1\" data-element_type=\"widget\" data-widget_type=\"heading.default\">\n\t\t\t\t<div class=\"elementor-widget-container\">\n\t\t\t<h5 class=\"elementor-heading-title elementor-size-default\"><a href=\"https:\/\/fealold.feal.hr\/de\/legure\/\">Legierungen<\/a><\/h5>\t\t<\/div>\n\t\t\t\t<\/div>\n\t\t\t\t\t<\/div>\n\t\t<\/div>\n\t\t\t\t<div class=\"elementor-column elementor-col-33 elementor-inner-column elementor-element elementor-element-f353114\" data-id=\"f353114\" data-element_type=\"column\">\n\t\t\t<div class=\"elementor-widget-wrap elementor-element-populated\">\n\t\t\t\t\t\t<div class=\"elementor-element elementor-element-9d00fef elementor-widget elementor-widget-image\" data-id=\"9d00fef\" data-element_type=\"widget\" data-widget_type=\"image.default\">\n\t\t\t\t<div class=\"elementor-widget-container\">\n\t\t\t\t\t\t\t\t\t\t\t\t\t\t<a href=\"https:\/\/fealold.feal.hr\/de\/proizvodnja-3-test\/\">\n\t\t\t\t\t\t\t<img decoding=\"async\" width=\"370\" height=\"250\" src=\"https:\/\/fealold.feal.hr\/wp-content\/uploads\/2020\/06\/presanje-link.jpg\" class=\"attachment-full size-full wp-image-3006\" alt=\"\" srcset=\"https:\/\/fealold.feal.hr\/wp-content\/uploads\/2020\/06\/presanje-link.jpg 370w, https:\/\/fealold.feal.hr\/wp-content\/uploads\/2020\/06\/presanje-link-300x203.jpg 300w\" sizes=\"(max-width: 370px) 100vw, 370px\" \/>\t\t\t\t\t\t\t\t<\/a>\n\t\t\t\t\t\t\t\t\t\t\t\t\t<\/div>\n\t\t\t\t<\/div>\n\t\t\t\t<div class=\"elementor-element elementor-element-8c3515e elementor-widget elementor-widget-heading\" data-id=\"8c3515e\" data-element_type=\"widget\" data-widget_type=\"heading.default\">\n\t\t\t\t<div class=\"elementor-widget-container\">\n\t\t\t<h5 class=\"elementor-heading-title elementor-size-default\"><a href=\"https:\/\/fealold.feal.hr\/de\/proizvodnja-3-test\/\">Strangpressen<\/a><\/h5>\t\t<\/div>\n\t\t\t\t<\/div>\n\t\t\t\t\t<\/div>\n\t\t<\/div>\n\t\t\t\t\t<\/div>\n\t\t<\/section>\n\t\t\t\t\t<\/div>\n\t\t<\/div>\n\t\t\t\t\t<\/div>\n\t\t<\/section>\n\t\t\t\t<section class=\"elementor-section elementor-top-section elementor-element elementor-element-8cc70b5 elementor-section-boxed elementor-section-height-default elementor-section-height-default\" data-id=\"8cc70b5\" data-element_type=\"section\">\n\t\t\t\t\t\t<div class=\"elementor-container elementor-column-gap-default\">\n\t\t\t\t\t<div class=\"elementor-column elementor-col-100 elementor-top-column elementor-element elementor-element-3af6d43\" data-id=\"3af6d43\" data-element_type=\"column\">\n\t\t\t<div class=\"elementor-widget-wrap elementor-element-populated\">\n\t\t\t\t\t\t<div class=\"elementor-element elementor-element-6610c1a elementor-widget elementor-widget-spacer\" data-id=\"6610c1a\" data-element_type=\"widget\" data-widget_type=\"spacer.default\">\n\t\t\t\t<div class=\"elementor-widget-container\">\n\t\t\t\t\t<div class=\"elementor-spacer\">\n\t\t\t<div class=\"elementor-spacer-inner\"><\/div>\n\t\t<\/div>\n\t\t\t\t<\/div>\n\t\t\t\t<\/div>\n\t\t\t\t\t<\/div>\n\t\t<\/div>\n\t\t\t\t\t<\/div>\n\t\t<\/section>\n\t\t\t\t<\/div>","protected":false},"excerpt":{"rendered":"<p>&lt; Povratak na strojnu obradu Zavarivanje Posjedujemo certifikate za zavarivanje, koji su osobito zahtijevani u \u017eeljezni\u010dkoj industriji. Jedna od na\u0161ih mogu\u0107nosti je kompletno sklapanje prozora za vlakove. Aluminij je materijal koji danas nalazi primjenu u gotovo svim dijelovima industrije. Osim toga, to je materijal s prili\u010dno dobrim mehani\u010dkim svojstvima, a i podatan je za obradu &hellip;<\/p>\n<p class=\"read-more\"> <a class=\"\" href=\"https:\/\/fealold.feal.hr\/de\/zavarivanje\/\"> <span class=\"screen-reader-text\">Schweissen<\/span> Weiterlesen &raquo;<\/a><\/p>","protected":false},"author":4,"featured_media":0,"parent":0,"menu_order":0,"comment_status":"closed","ping_status":"closed","template":"","meta":{"footnotes":""},"tags":[],"class_list":["post-3017","page","type-page","status-publish","hentry"],"_links":{"self":[{"href":"https:\/\/fealold.feal.hr\/de\/wp-json\/wp\/v2\/pages\/3017","targetHints":{"allow":["GET"]}}],"collection":[{"href":"https:\/\/fealold.feal.hr\/de\/wp-json\/wp\/v2\/pages"}],"about":[{"href":"https:\/\/fealold.feal.hr\/de\/wp-json\/wp\/v2\/types\/page"}],"author":[{"embeddable":true,"href":"https:\/\/fealold.feal.hr\/de\/wp-json\/wp\/v2\/users\/4"}],"replies":[{"embeddable":true,"href":"https:\/\/fealold.feal.hr\/de\/wp-json\/wp\/v2\/comments?post=3017"}],"version-history":[{"count":3,"href":"https:\/\/fealold.feal.hr\/de\/wp-json\/wp\/v2\/pages\/3017\/revisions"}],"predecessor-version":[{"id":9361,"href":"https:\/\/fealold.feal.hr\/de\/wp-json\/wp\/v2\/pages\/3017\/revisions\/9361"}],"wp:attachment":[{"href":"https:\/\/fealold.feal.hr\/de\/wp-json\/wp\/v2\/media?parent=3017"}],"wp:term":[{"taxonomy":"post_tag","embeddable":true,"href":"https:\/\/fealold.feal.hr\/de\/wp-json\/wp\/v2\/tags?post=3017"}],"curies":[{"name":"wp","href":"https:\/\/api.w.org\/{rel}","templated":true}]}}