{"id":5995,"date":"2020-11-20T10:23:45","date_gmt":"2020-11-20T10:23:45","guid":{"rendered":"https:\/\/fealold.feal.hr\/?page_id=5995"},"modified":"2021-11-11T08:01:42","modified_gmt":"2021-11-11T08:01:42","slug":"natjecaj-za-dodjelu-stipendija","status":"publish","type":"page","link":"https:\/\/fealold.feal.hr\/de\/natjecaj-za-dodjelu-stipendija\/","title":{"rendered":"Vijest: Natje\u010daj za dodjelu stipendija"},"content":{"rendered":"<div data-elementor-type=\"wp-page\" data-elementor-id=\"5995\" class=\"elementor elementor-5995\" data-elementor-post-type=\"page\">\n\t\t\t\t\t\t<section class=\"elementor-section elementor-top-section elementor-element elementor-element-9d31bdc elementor-hidden-tablet elementor-hidden-phone elementor-section-boxed elementor-section-height-default elementor-section-height-default\" data-id=\"9d31bdc\" data-element_type=\"section\" data-settings=\"{&quot;background_background&quot;:&quot;classic&quot;}\">\n\t\t\t\t\t\t<div class=\"elementor-container elementor-column-gap-default\">\n\t\t\t\t\t<div class=\"elementor-column elementor-col-100 elementor-top-column elementor-element elementor-element-2c7db2d\" data-id=\"2c7db2d\" data-element_type=\"column\">\n\t\t\t<div class=\"elementor-widget-wrap elementor-element-populated\">\n\t\t\t\t\t\t<div class=\"elementor-element elementor-element-74e0bf8 elementor-widget elementor-widget-heading\" data-id=\"74e0bf8\" data-element_type=\"widget\" data-widget_type=\"heading.default\">\n\t\t\t\t<div class=\"elementor-widget-container\">\n\t\t\t<h6 class=\"elementor-heading-title elementor-size-default\"><a href=\"https:\/\/fealold.feal.hr\/de\/vijesti\/\">&lt; News<\/a><\/h6>\t\t<\/div>\n\t\t\t\t<\/div>\n\t\t\t\t\t<\/div>\n\t\t<\/div>\n\t\t\t\t\t<\/div>\n\t\t<\/section>\n\t\t\t\t<section class=\"elementor-section elementor-top-section elementor-element elementor-element-34251be elementor-section-boxed elementor-section-height-default elementor-section-height-default\" data-id=\"34251be\" data-element_type=\"section\">\n\t\t\t\t\t\t<div class=\"elementor-container elementor-column-gap-default\">\n\t\t\t\t\t<div class=\"elementor-column elementor-col-100 elementor-top-column elementor-element elementor-element-5803b9b\" data-id=\"5803b9b\" data-element_type=\"column\">\n\t\t\t<div class=\"elementor-widget-wrap elementor-element-populated\">\n\t\t\t\t\t\t<div class=\"elementor-element elementor-element-76da923 elementor-widget elementor-widget-heading\" data-id=\"76da923\" data-element_type=\"widget\" data-widget_type=\"heading.default\">\n\t\t\t\t<div class=\"elementor-widget-container\">\n\t\t\t<h3 class=\"elementor-heading-title elementor-size-default\">Stipendien-Wettbewerb<\/h3>\t\t<\/div>\n\t\t\t\t<\/div>\n\t\t\t\t\t<\/div>\n\t\t<\/div>\n\t\t\t\t\t<\/div>\n\t\t<\/section>\n\t\t\t\t<section class=\"elementor-section elementor-top-section elementor-element elementor-element-1cde6ce elementor-section-boxed elementor-section-height-default elementor-section-height-default\" data-id=\"1cde6ce\" data-element_type=\"section\">\n\t\t\t\t\t\t<div class=\"elementor-container elementor-column-gap-default\">\n\t\t\t\t\t<div class=\"elementor-column elementor-col-100 elementor-top-column elementor-element elementor-element-e0c7c1c\" data-id=\"e0c7c1c\" data-element_type=\"column\">\n\t\t\t<div class=\"elementor-widget-wrap elementor-element-populated\">\n\t\t\t\t\t\t<div class=\"elementor-element elementor-element-f4e9436 elementor-widget elementor-widget-text-editor\" data-id=\"f4e9436\" data-element_type=\"widget\" data-widget_type=\"text-editor.default\">\n\t\t\t\t<div class=\"elementor-widget-container\">\n\t\t\t\t\t\t\t<em>20.11.2020<\/em>\t\t\t\t\t\t<\/div>\n\t\t\t\t<\/div>\n\t\t\t\t\t<\/div>\n\t\t<\/div>\n\t\t\t\t\t<\/div>\n\t\t<\/section>\n\t\t\t\t<section class=\"elementor-section elementor-top-section elementor-element elementor-element-c227ef9 elementor-section-boxed elementor-section-height-default elementor-section-height-default\" data-id=\"c227ef9\" data-element_type=\"section\">\n\t\t\t\t\t\t<div class=\"elementor-container elementor-column-gap-default\">\n\t\t\t\t\t<div class=\"elementor-column elementor-col-100 elementor-top-column elementor-element elementor-element-920d71a\" data-id=\"920d71a\" data-element_type=\"column\">\n\t\t\t<div class=\"elementor-widget-wrap elementor-element-populated\">\n\t\t\t\t\t\t<div class=\"elementor-element elementor-element-4d3b663 elementor-widget elementor-widget-image\" data-id=\"4d3b663\" data-element_type=\"widget\" data-widget_type=\"image.default\">\n\t\t\t\t<div class=\"elementor-widget-container\">\n\t\t\t\t\t\t\t\t\t\t\t\t\t<img fetchpriority=\"high\" decoding=\"async\" width=\"1200\" height=\"400\" src=\"https:\/\/fealold.feal.hr\/wp-content\/uploads\/2020\/11\/stipendije-2.jpg\" class=\"attachment-full size-full wp-image-5998\" alt=\"\" srcset=\"https:\/\/fealold.feal.hr\/wp-content\/uploads\/2020\/11\/stipendije-2.jpg 1200w, https:\/\/fealold.feal.hr\/wp-content\/uploads\/2020\/11\/stipendije-2-300x100.jpg 300w, https:\/\/fealold.feal.hr\/wp-content\/uploads\/2020\/11\/stipendije-2-1024x341.jpg 1024w, https:\/\/fealold.feal.hr\/wp-content\/uploads\/2020\/11\/stipendije-2-768x256.jpg 768w, https:\/\/fealold.feal.hr\/wp-content\/uploads\/2020\/11\/stipendije-2-16x5.jpg 16w\" sizes=\"(max-width: 1200px) 100vw, 1200px\" \/>\t\t\t\t\t\t\t\t\t\t\t\t\t<\/div>\n\t\t\t\t<\/div>\n\t\t\t\t\t<\/div>\n\t\t<\/div>\n\t\t\t\t\t<\/div>\n\t\t<\/section>\n\t\t\t\t<section class=\"elementor-section elementor-top-section elementor-element elementor-element-a2bec56 elementor-section-boxed elementor-section-height-default elementor-section-height-default elementor-invisible\" data-id=\"a2bec56\" data-element_type=\"section\" data-settings=\"{&quot;animation&quot;:&quot;fadeIn&quot;}\">\n\t\t\t\t\t\t<div class=\"elementor-container elementor-column-gap-default\">\n\t\t\t\t\t<div class=\"elementor-column elementor-col-100 elementor-top-column elementor-element elementor-element-f9ba3b7\" data-id=\"f9ba3b7\" data-element_type=\"column\">\n\t\t\t<div class=\"elementor-widget-wrap elementor-element-populated\">\n\t\t\t\t\t\t<div class=\"elementor-element elementor-element-4a83102 elementor-widget elementor-widget-text-editor\" data-id=\"4a83102\" data-element_type=\"widget\" data-widget_type=\"text-editor.default\">\n\t\t\t\t<div class=\"elementor-widget-container\">\n\t\t\t\t\t\t\t<p><em>Gem\u00e4\u00df den Richtlinien f\u00fcr die Vergabe von Stipendien erteilt FEAL d.o.o. Siroki Brijeg eine<\/em><\/p><p><strong>EINLADUNG ZUR TEILNAHME AN \u00d6FFENTLICHER AUSSCHREIBUNG F\u00dcR STUDENTEN DES ERSTEN UND ZWEITEN STUDIENZYKLUS F\u00dcR DAS AKADEMISCHE JAHR 2020\/2021<\/strong><\/p><p>Durch die Entscheidung des Vorstands und gem\u00e4\u00df den Richtlinien \u00fcber die Gew\u00e4hrung von Stipendien hat FEAL d.o.o. Siroki Brijeg ein Stipendien-Wettbewerb an Studierende der folgenden Studieng\u00e4nge ausgeschrieben:<\/p><ul><li>Maschinenbau<\/li><li>Elektrotechnik<\/li><li>Informatik<\/li><li>Computerwissenschaften<\/li><li>Architektur<\/li><li>Industriedesign<\/li><\/ul><p>Die Gesamtzahl der Stipendien wird nach Pr\u00fcfung der eingehenden Stipendienantr\u00e4ge, Bewertung der Antr\u00e4ge sowie dem Vorstellungsgespr\u00e4ch festgelegt.<\/p><p>VORAUSSETZUNGEN<\/p><ul><li>Ein Vollzeitstudium in einem der aufgef\u00fchrten Studieng\u00e4nge im 2. oder 3. Studienjahr des ersten Studienzyklus oder im 4. oder 5. Studienjahr des zweiten Studienzyklus, einschlie\u00dflich integrierter Studieng\u00e4nge f\u00fcr die angegebenen Studienjahre.<\/li><li>Ein Studium an Universit\u00e4ten in Bosnien und Herzegowina oder in einem der EU-L\u00e4nder.<\/li><li>Der Kandidat darf nicht angestellt oder \u00e4lter als 30 Jahre sein.<\/li><\/ul><p>KRITERIEN F\u00dcR DIE GEW\u00c4HRUNG VON STIPENDIEN<\/p><ul><li>Notendurchschnitt aller abgelegten Pr\u00fcfungen (einschlie\u00dflich f\u00fcr das gesamte Studium)<\/li><li>Teilnahme der Studenten am zus\u00e4tzlichen Unterricht oder au\u00dferunterrichtlichen Aktivit\u00e4ten<\/li><li>Soziale und materielle Bedingungen der Familie<\/li><li>Beurteilung durch die Mitglieder der Pr\u00fcfungskommission<\/li><\/ul><p>STIPENDIENREGELN UND TEILNAHMEBEDINGUNGEN<\/p><p class=\" translation-block\"><span style=\"font-family: 'Arial',sans-serif\">Die H\u00f6he des monatlichen Stipendiums betr\u00e4gt <b>500 KM.<\/b> <\/span><\/p><p>Studierende, die f\u00fcr das Stipendium in Frage kommen, erhalten die finanzielle F\u00f6rderung 10 Monate lang (ein Studienjahr).<\/p><p>Der Stipendiat beh\u00e4lt sich das Recht vor, ein Stipendium bis zum Studienabschluss gem\u00e4\u00df den Bedingungen und Bestimmungen der Verordnung \u00fcber die Vergabe von Stipendien zu erhalten.<\/p><p>Der Stipendiat wird nach dem Studienabschluss mit dem Stipendiengeber einen Arbeitsvertrag mit Probezeit von 6 Monaten abschlie\u00dfen sowie ein Fachpraktikum in der Firma FEAL d.o.o. Siroki Brijeg absolvieren, mit dem Ziel, ein unbefristetes Arbeitsverh\u00e4ltnis gem\u00e4\u00df den Bestimmungen der Verordnung \u00fcber die Vergabe von Stipendien aufzubauen.<\/p><p>Detaillierte Rechte und Pflichten des Stipendiaten sind in der Verordnung \u00fcber die Vergabe von Stipendien sowie dem Stipendienvertrag enthalten, der nach dem Auswahlverfahren abgeschlossen wird.<\/p><p>BEIZULEGEN<\/p><ul><li>Kurzer Lebenslauf mit pers\u00f6nlichen Angaben sowie Kontaktdaten<\/li><li>Geburtsurkunde<\/li><li>Wohnsitzbescheinigung<\/li><li>Bescheinigung \u00fcber erfolgreich abgelegte Pr\u00fcfungsleistungen (Notendurchschnitt aller Pr\u00fcfungen einschlie\u00dflich der im gesamten Studium erzielten Studienleistungen)<\/li><li>Einschreibebest\u00e4tigung f\u00fcr das akademische Jahr 2020\/2021<\/li><li>Kopie der Bescheinigungen \u00fcber Ihr unterrichtliches sowie au\u00dferunterrichtliches Engagement (Zertifikate, Auszeichnungen, Bescheinigung \u00fcber die Teilnahme an Kursen, Workshops usw.)<\/li><li>Familienbogen mit Daten zum Verwandschaftsgrad der im gemeinsamen Haushalt lebenden Personen<\/li><li class=\" translation-block\">Nachweis des Gesamteinkommens der Eltern bzw. der Erziehungsberechtigten sowie anderen Mitgliedern des gemeinsamen Haushalts (Gehaltsnachweis mit den letzten drei Gehaltsabrechnungen, Bescheinigung der Arbeitsagentur \u00fcber Arbeitslosigkeit, Rentenbezug, Sozialleistungen und sonstige Leistungen, Erkl\u00e4rung zum Besch\u00e4ftigungsverh\u00e4ltnis der Mitglieder des gemeinsamen Haushalts)<\/li><li>Kopie der Sterbeurkunde f\u00fcr Studenten ohne Eltern bzw. eines Elternteils<\/li><\/ul><p>Studierende, die bereits andere Stipendien erhalten, verlieren nicht das Recht, sich zu bewerben, es sei denn, sie sind verpflichtet, durch ein Stipendienprogramm bei einem anderen Arbeitgeber ein Arbeitsverh\u00e4ltnis aufzubauen.<\/p><p>Die Stipendienantr\u00e4ge k\u00f6nnen pers\u00f6nlich eingereicht oder per Einschreiben in einem versiegelten Umschlag an die folgende Adresse geschickt werden:<\/p><p><strong>FEAL d.o.o. Siroki Brijeg, Trnska cesta 146, 88220 Siroki Brijeg<\/strong><\/p><p class=\" translation-block\">\"ANTRAG AUF STIPENDIUM\" mit Angabe des Studiengangs sowie des Studienjahres<\/p><p>Frist f\u00fcr die Einreichung der Antr\u00e4ge ist 14 Tage ab Ver\u00f6ffentlichung.<\/p><p>Unvollst\u00e4ndige und versp\u00e4tet eingegangene Antr\u00e4ge k\u00f6nnen im Auswahlverfahren leider nicht ber\u00fccksichtigt werden.<\/p>\t\t\t\t\t\t<\/div>\n\t\t\t\t<\/div>\n\t\t\t\t\t<\/div>\n\t\t<\/div>\n\t\t\t\t\t<\/div>\n\t\t<\/section>\n\t\t\t\t<section class=\"elementor-section elementor-top-section elementor-element elementor-element-8148c69 elementor-section-boxed elementor-section-height-default elementor-section-height-default\" data-id=\"8148c69\" data-element_type=\"section\">\n\t\t\t\t\t\t<div class=\"elementor-container elementor-column-gap-default\">\n\t\t\t\t\t<div class=\"elementor-column elementor-col-100 elementor-top-column elementor-element elementor-element-75bbd8a\" data-id=\"75bbd8a\" data-element_type=\"column\">\n\t\t\t<div class=\"elementor-widget-wrap elementor-element-populated\">\n\t\t\t\t\t\t<div class=\"elementor-element elementor-element-6288e88 elementor-widget elementor-widget-spacer\" data-id=\"6288e88\" data-element_type=\"widget\" data-widget_type=\"spacer.default\">\n\t\t\t\t<div class=\"elementor-widget-container\">\n\t\t\t\t\t<div class=\"elementor-spacer\">\n\t\t\t<div class=\"elementor-spacer-inner\"><\/div>\n\t\t<\/div>\n\t\t\t\t<\/div>\n\t\t\t\t<\/div>\n\t\t\t\t<div class=\"elementor-element elementor-element-cd78e87 elementor-widget elementor-widget-heading\" data-id=\"cd78e87\" data-element_type=\"widget\" data-widget_type=\"heading.default\">\n\t\t\t\t<div class=\"elementor-widget-container\">\n\t\t\t<h3 class=\"elementor-heading-title elementor-size-default\">Weiterlesen:<\/h3>\t\t<\/div>\n\t\t\t\t<\/div>\n\t\t\t\t<div class=\"elementor-element elementor-element-3002611 elementor-widget-divider--view-line elementor-widget elementor-widget-divider\" data-id=\"3002611\" data-element_type=\"widget\" data-widget_type=\"divider.default\">\n\t\t\t\t<div class=\"elementor-widget-container\">\n\t\t\t\t\t<div class=\"elementor-divider\">\n\t\t\t<span class=\"elementor-divider-separator\">\n\t\t\t\t\t\t<\/span>\n\t\t<\/div>\n\t\t\t\t<\/div>\n\t\t\t\t<\/div>\n\t\t\t\t<section class=\"elementor-section elementor-inner-section elementor-element elementor-element-a72f4eb elementor-section-full_width elementor-section-height-default elementor-section-height-default\" data-id=\"a72f4eb\" data-element_type=\"section\">\n\t\t\t\t\t\t<div class=\"elementor-container elementor-column-gap-no\">\n\t\t\t\t\t<div class=\"elementor-column elementor-col-33 elementor-inner-column elementor-element elementor-element-41af3fa\" data-id=\"41af3fa\" data-element_type=\"column\">\n\t\t\t<div class=\"elementor-widget-wrap elementor-element-populated\">\n\t\t\t\t\t\t<div class=\"elementor-element elementor-element-681f951 elementor-widget elementor-widget-image\" data-id=\"681f951\" data-element_type=\"widget\" data-widget_type=\"image.default\">\n\t\t\t\t<div class=\"elementor-widget-container\">\n\t\t\t\t\t\t\t\t\t\t\t\t\t<img decoding=\"async\" width=\"500\" height=\"327\" src=\"https:\/\/fealold.feal.hr\/wp-content\/uploads\/2020\/04\/dani-arhitekata.jpg\" class=\"attachment-full size-full wp-image-1134\" alt=\"\" srcset=\"https:\/\/fealold.feal.hr\/wp-content\/uploads\/2020\/04\/dani-arhitekata.jpg 500w, https:\/\/fealold.feal.hr\/wp-content\/uploads\/2020\/04\/dani-arhitekata-300x196.jpg 300w\" sizes=\"(max-width: 500px) 100vw, 500px\" \/>\t\t\t\t\t\t\t\t\t\t\t\t\t<\/div>\n\t\t\t\t<\/div>\n\t\t\t\t<div class=\"elementor-element elementor-element-7ced5ca elementor-widget elementor-widget-heading\" data-id=\"7ced5ca\" data-element_type=\"widget\" data-widget_type=\"heading.default\">\n\t\t\t\t<div class=\"elementor-widget-container\">\n\t\t\t<h5 class=\"elementor-heading-title elementor-size-default\"><a href=\"https:\/\/fealold.feal.hr\/de\/vijest-dani-arhitekata-3-0\/\">Tage der Architekten 3.0<\/a><\/h5>\t\t<\/div>\n\t\t\t\t<\/div>\n\t\t\t\t<div class=\"elementor-element elementor-element-cb6da9b elementor-widget elementor-widget-text-editor\" data-id=\"cb6da9b\" data-element_type=\"widget\" data-widget_type=\"text-editor.default\">\n\t\t\t\t<div class=\"elementor-widget-container\">\n\t\t\t\t\t\t\t<p>FEAL hat auch an der diesj\u00e4hrigen f\u00fchrenden Fachversammlung \"Tage der Architekten 3.0\" teilgenommen<\/p>\t\t\t\t\t\t<\/div>\n\t\t\t\t<\/div>\n\t\t\t\t<div class=\"elementor-element elementor-element-e5caeaa elementor-align-left elementor-widget elementor-widget-button\" data-id=\"e5caeaa\" data-element_type=\"widget\" data-widget_type=\"button.default\">\n\t\t\t\t<div class=\"elementor-widget-container\">\n\t\t\t\t\t<div class=\"elementor-button-wrapper\">\n\t\t\t<a class=\"elementor-button elementor-button-link elementor-size-md\" href=\"https:\/\/fealold.feal.hr\/de\/vijest-dani-arhitekata-3-0\/\">\n\t\t\t\t\t\t<span class=\"elementor-button-content-wrapper\">\n\t\t\t\t\t\t<span class=\"elementor-button-icon\">\n\t\t\t\t<i aria-hidden=\"true\" class=\"fas fa-angle-double-right\"><\/i>\t\t\t<\/span>\n\t\t\t\t\t\t\t\t\t<span class=\"elementor-button-text\">Weiterlesen<\/span>\n\t\t\t\t\t<\/span>\n\t\t\t\t\t<\/a>\n\t\t<\/div>\n\t\t\t\t<\/div>\n\t\t\t\t<\/div>\n\t\t\t\t\t<\/div>\n\t\t<\/div>\n\t\t\t\t<div class=\"elementor-column elementor-col-33 elementor-inner-column elementor-element elementor-element-84b23b5\" data-id=\"84b23b5\" data-element_type=\"column\">\n\t\t\t<div class=\"elementor-widget-wrap elementor-element-populated\">\n\t\t\t\t\t\t<div class=\"elementor-element elementor-element-6de4561 elementor-widget elementor-widget-image\" data-id=\"6de4561\" data-element_type=\"widget\" data-widget_type=\"image.default\">\n\t\t\t\t<div class=\"elementor-widget-container\">\n\t\t\t\t\t\t\t\t\t\t\t\t\t<img decoding=\"async\" width=\"500\" height=\"327\" src=\"https:\/\/fealold.feal.hr\/wp-content\/uploads\/2020\/04\/direktor.jpg\" class=\"attachment-full size-full wp-image-1136\" alt=\"\" srcset=\"https:\/\/fealold.feal.hr\/wp-content\/uploads\/2020\/04\/direktor.jpg 500w, https:\/\/fealold.feal.hr\/wp-content\/uploads\/2020\/04\/direktor-300x196.jpg 300w\" sizes=\"(max-width: 500px) 100vw, 500px\" \/>\t\t\t\t\t\t\t\t\t\t\t\t\t<\/div>\n\t\t\t\t<\/div>\n\t\t\t\t<div class=\"elementor-element elementor-element-f27c743 elementor-widget elementor-widget-heading\" data-id=\"f27c743\" data-element_type=\"widget\" data-widget_type=\"heading.default\">\n\t\t\t\t<div class=\"elementor-widget-container\">\n\t\t\t<h5 class=\"elementor-heading-title elementor-size-default\"><a href=\"https:\/\/fealold.feal.hr\/de\/vijest-novi-direktor\/\">Interview: Ante Musa, der neue Gesch\u00e4ftsf\u00fchrer von FEAL<\/a><\/h5>\t\t<\/div>\n\t\t\t\t<\/div>\n\t\t\t\t<div class=\"elementor-element elementor-element-94630e1 elementor-widget elementor-widget-text-editor\" data-id=\"94630e1\" data-element_type=\"widget\" data-widget_type=\"text-editor.default\">\n\t\t\t\t<div class=\"elementor-widget-container\">\n\t\t\t\t\t\t\t<p>Interview mit dem neuen Gesch\u00e4ftsf\u00fchrer von FEAL<\/p>\t\t\t\t\t\t<\/div>\n\t\t\t\t<\/div>\n\t\t\t\t<div class=\"elementor-element elementor-element-60a4640 elementor-align-left elementor-widget elementor-widget-button\" data-id=\"60a4640\" data-element_type=\"widget\" data-widget_type=\"button.default\">\n\t\t\t\t<div class=\"elementor-widget-container\">\n\t\t\t\t\t<div class=\"elementor-button-wrapper\">\n\t\t\t<a class=\"elementor-button elementor-button-link elementor-size-md\" href=\"https:\/\/fealold.feal.hr\/de\/vijest-novi-direktor\/\">\n\t\t\t\t\t\t<span class=\"elementor-button-content-wrapper\">\n\t\t\t\t\t\t<span class=\"elementor-button-icon\">\n\t\t\t\t<i aria-hidden=\"true\" class=\"fas fa-angle-double-right\"><\/i>\t\t\t<\/span>\n\t\t\t\t\t\t\t\t\t<span class=\"elementor-button-text\">Weiterlesen<\/span>\n\t\t\t\t\t<\/span>\n\t\t\t\t\t<\/a>\n\t\t<\/div>\n\t\t\t\t<\/div>\n\t\t\t\t<\/div>\n\t\t\t\t\t<\/div>\n\t\t<\/div>\n\t\t\t\t<div class=\"elementor-column elementor-col-33 elementor-inner-column elementor-element elementor-element-c79b4a6\" data-id=\"c79b4a6\" data-element_type=\"column\">\n\t\t\t<div class=\"elementor-widget-wrap elementor-element-populated\">\n\t\t\t\t\t\t<div class=\"elementor-element elementor-element-d1bcd2e elementor-widget elementor-widget-image\" data-id=\"d1bcd2e\" data-element_type=\"widget\" data-widget_type=\"image.default\">\n\t\t\t\t<div class=\"elementor-widget-container\">\n\t\t\t\t\t\t\t\t\t\t\t\t\t<img loading=\"lazy\" decoding=\"async\" width=\"500\" height=\"327\" src=\"https:\/\/fealold.feal.hr\/wp-content\/uploads\/2020\/04\/sfera-vijest.jpg\" class=\"attachment-full size-full wp-image-1488\" alt=\"\" srcset=\"https:\/\/fealold.feal.hr\/wp-content\/uploads\/2020\/04\/sfera-vijest.jpg 500w, https:\/\/fealold.feal.hr\/wp-content\/uploads\/2020\/04\/sfera-vijest-300x196.jpg 300w\" sizes=\"(max-width: 500px) 100vw, 500px\" \/>\t\t\t\t\t\t\t\t\t\t\t\t\t<\/div>\n\t\t\t\t<\/div>\n\t\t\t\t<div class=\"elementor-element elementor-element-278875b elementor-widget elementor-widget-heading\" data-id=\"278875b\" data-element_type=\"widget\" data-widget_type=\"heading.default\">\n\t\t\t\t<div class=\"elementor-widget-container\">\n\t\t\t<h5 class=\"elementor-heading-title elementor-size-default\"><a href=\"https:\/\/fealold.feal.hr\/de\/vijest-sfera-2020\/\">Sfera 2020<\/a><\/h5>\t\t<\/div>\n\t\t\t\t<\/div>\n\t\t\t\t<div class=\"elementor-element elementor-element-7cbaa28 elementor-widget elementor-widget-text-editor\" data-id=\"7cbaa28\" data-element_type=\"widget\" data-widget_type=\"text-editor.default\">\n\t\t\t\t<div class=\"elementor-widget-container\">\n\t\t\t\t\t\t\t<p>Unser Unternehmen unterst\u00fctzte die Veranstalter auch in diesem Jahr und war Hauptsponsor der Konferenz<\/p>\t\t\t\t\t\t<\/div>\n\t\t\t\t<\/div>\n\t\t\t\t<div class=\"elementor-element elementor-element-be06e9c elementor-align-left elementor-widget elementor-widget-button\" data-id=\"be06e9c\" data-element_type=\"widget\" data-widget_type=\"button.default\">\n\t\t\t\t<div class=\"elementor-widget-container\">\n\t\t\t\t\t<div class=\"elementor-button-wrapper\">\n\t\t\t<a class=\"elementor-button elementor-button-link elementor-size-md\" href=\"https:\/\/fealold.feal.hr\/de\/vijest-sfera-2020\/\">\n\t\t\t\t\t\t<span class=\"elementor-button-content-wrapper\">\n\t\t\t\t\t\t<span class=\"elementor-button-icon\">\n\t\t\t\t<i aria-hidden=\"true\" class=\"fas fa-angle-double-right\"><\/i>\t\t\t<\/span>\n\t\t\t\t\t\t\t\t\t<span class=\"elementor-button-text\">Weiterlesen<\/span>\n\t\t\t\t\t<\/span>\n\t\t\t\t\t<\/a>\n\t\t<\/div>\n\t\t\t\t<\/div>\n\t\t\t\t<\/div>\n\t\t\t\t\t<\/div>\n\t\t<\/div>\n\t\t\t\t\t<\/div>\n\t\t<\/section>\n\t\t\t\t\t<\/div>\n\t\t<\/div>\n\t\t\t\t\t<\/div>\n\t\t<\/section>\n\t\t\t\t<section class=\"elementor-section elementor-top-section elementor-element elementor-element-6fc92ce elementor-section-boxed elementor-section-height-default elementor-section-height-default\" data-id=\"6fc92ce\" data-element_type=\"section\">\n\t\t\t\t\t\t<div class=\"elementor-container elementor-column-gap-default\">\n\t\t\t\t\t<div class=\"elementor-column elementor-col-100 elementor-top-column elementor-element elementor-element-83dcecb\" data-id=\"83dcecb\" data-element_type=\"column\">\n\t\t\t<div class=\"elementor-widget-wrap elementor-element-populated\">\n\t\t\t\t\t\t<div class=\"elementor-element elementor-element-26a9cf9 elementor-widget elementor-widget-spacer\" data-id=\"26a9cf9\" data-element_type=\"widget\" data-widget_type=\"spacer.default\">\n\t\t\t\t<div class=\"elementor-widget-container\">\n\t\t\t\t\t<div class=\"elementor-spacer\">\n\t\t\t<div class=\"elementor-spacer-inner\"><\/div>\n\t\t<\/div>\n\t\t\t\t<\/div>\n\t\t\t\t<\/div>\n\t\t\t\t\t<\/div>\n\t\t<\/div>\n\t\t\t\t\t<\/div>\n\t\t<\/section>\n\t\t\t\t<\/div>","protected":false},"excerpt":{"rendered":"<p>&lt; Povratak na sve vijesti Raspisan natje\u010daj za dodjelu stipendija dru\u0161tva FEAL d.o.o. \u0160iroki Brijeg 20.11.2020.\u200b Na osnovu Pravilnika o dodjeli stipendija, FEAL d.o.o. \u0160iroki Brijeg raspisuje JAVNI POZIV ZA DOSTAVLJANJE ZAHTJEVA ZA DODJELU STIPENDIJA ZA REDOVNE STUDENTE PRVOG I DRUGOG CIKLUSA STUDIJA ZA AKADEMSKU GODINU 2020\/2021 Odlukom uprave Dru\u0161tva, a u skladu s odredbama &hellip;<\/p>\n<p class=\"read-more\"> <a class=\"\" href=\"https:\/\/fealold.feal.hr\/de\/natjecaj-za-dodjelu-stipendija\/\"> <span class=\"screen-reader-text\">Vijest: Natje\u010daj za dodjelu stipendija<\/span> Weiterlesen &raquo;<\/a><\/p>","protected":false},"author":4,"featured_media":0,"parent":0,"menu_order":0,"comment_status":"closed","ping_status":"closed","template":"","meta":{"footnotes":""},"tags":[],"class_list":["post-5995","page","type-page","status-publish","hentry"],"_links":{"self":[{"href":"https:\/\/fealold.feal.hr\/de\/wp-json\/wp\/v2\/pages\/5995","targetHints":{"allow":["GET"]}}],"collection":[{"href":"https:\/\/fealold.feal.hr\/de\/wp-json\/wp\/v2\/pages"}],"about":[{"href":"https:\/\/fealold.feal.hr\/de\/wp-json\/wp\/v2\/types\/page"}],"author":[{"embeddable":true,"href":"https:\/\/fealold.feal.hr\/de\/wp-json\/wp\/v2\/users\/4"}],"replies":[{"embeddable":true,"href":"https:\/\/fealold.feal.hr\/de\/wp-json\/wp\/v2\/comments?post=5995"}],"version-history":[{"count":20,"href":"https:\/\/fealold.feal.hr\/de\/wp-json\/wp\/v2\/pages\/5995\/revisions"}],"predecessor-version":[{"id":7002,"href":"https:\/\/fealold.feal.hr\/de\/wp-json\/wp\/v2\/pages\/5995\/revisions\/7002"}],"wp:attachment":[{"href":"https:\/\/fealold.feal.hr\/de\/wp-json\/wp\/v2\/media?parent=5995"}],"wp:term":[{"taxonomy":"post_tag","embeddable":true,"href":"https:\/\/fealold.feal.hr\/de\/wp-json\/wp\/v2\/tags?post=5995"}],"curies":[{"name":"wp","href":"https:\/\/api.w.org\/{rel}","templated":true}]}}