{"id":6483,"date":"2021-08-24T08:31:06","date_gmt":"2021-08-24T08:31:06","guid":{"rendered":"https:\/\/fealold.feal.hr\/?page_id=6483"},"modified":"2021-11-11T07:57:23","modified_gmt":"2021-11-11T07:57:23","slug":"vijest-zeleni-aluminij","status":"publish","type":"page","link":"https:\/\/fealold.feal.hr\/de\/vijest-zeleni-aluminij\/","title":{"rendered":"Vijest: Zeleni aluminij"},"content":{"rendered":"<div data-elementor-type=\"wp-page\" data-elementor-id=\"6483\" class=\"elementor elementor-6483\" data-elementor-post-type=\"page\">\n\t\t\t\t\t\t<section class=\"elementor-section elementor-top-section elementor-element elementor-element-a932fbf elementor-hidden-tablet elementor-hidden-phone elementor-section-boxed elementor-section-height-default elementor-section-height-default\" data-id=\"a932fbf\" data-element_type=\"section\" data-settings=\"{&quot;background_background&quot;:&quot;classic&quot;}\">\n\t\t\t\t\t\t<div class=\"elementor-container elementor-column-gap-default\">\n\t\t\t\t\t<div class=\"elementor-column elementor-col-100 elementor-top-column elementor-element elementor-element-b91842d\" data-id=\"b91842d\" data-element_type=\"column\">\n\t\t\t<div class=\"elementor-widget-wrap elementor-element-populated\">\n\t\t\t\t\t\t<div class=\"elementor-element elementor-element-c2fd63a elementor-widget elementor-widget-heading\" data-id=\"c2fd63a\" data-element_type=\"widget\" data-widget_type=\"heading.default\">\n\t\t\t\t<div class=\"elementor-widget-container\">\n\t\t\t<h6 class=\"elementor-heading-title elementor-size-default\"><a href=\"https:\/\/fealold.feal.hr\/de\/vijesti\/\">&lt; News<\/a><\/h6>\t\t<\/div>\n\t\t\t\t<\/div>\n\t\t\t\t\t<\/div>\n\t\t<\/div>\n\t\t\t\t\t<\/div>\n\t\t<\/section>\n\t\t\t\t<section class=\"elementor-section elementor-top-section elementor-element elementor-element-d41eeb2 elementor-section-boxed elementor-section-height-default elementor-section-height-default\" data-id=\"d41eeb2\" data-element_type=\"section\">\n\t\t\t\t\t\t<div class=\"elementor-container elementor-column-gap-default\">\n\t\t\t\t\t<div class=\"elementor-column elementor-col-100 elementor-top-column elementor-element elementor-element-5396d40\" data-id=\"5396d40\" data-element_type=\"column\">\n\t\t\t<div class=\"elementor-widget-wrap elementor-element-populated\">\n\t\t\t\t\t\t<div class=\"elementor-element elementor-element-9e62e63 elementor-widget elementor-widget-heading\" data-id=\"9e62e63\" data-element_type=\"widget\" data-widget_type=\"heading.default\">\n\t\t\t\t<div class=\"elementor-widget-container\">\n\t\t\t<h3 class=\"elementor-heading-title elementor-size-default\"><i>Gr\u00fcnes Aluminium<\/i> - Erneuerbare Energiequellen bei der Aluminiumerzeugung<\/h3>\t\t<\/div>\n\t\t\t\t<\/div>\n\t\t\t\t\t<\/div>\n\t\t<\/div>\n\t\t\t\t\t<\/div>\n\t\t<\/section>\n\t\t\t\t<section class=\"elementor-section elementor-top-section elementor-element elementor-element-b1ab119 elementor-section-boxed elementor-section-height-default elementor-section-height-default\" data-id=\"b1ab119\" data-element_type=\"section\">\n\t\t\t\t\t\t<div class=\"elementor-container elementor-column-gap-default\">\n\t\t\t\t\t<div class=\"elementor-column elementor-col-100 elementor-top-column elementor-element elementor-element-d15f9f0\" data-id=\"d15f9f0\" data-element_type=\"column\">\n\t\t\t<div class=\"elementor-widget-wrap elementor-element-populated\">\n\t\t\t\t\t\t<div class=\"elementor-element elementor-element-901317e elementor-widget elementor-widget-text-editor\" data-id=\"901317e\" data-element_type=\"widget\" data-widget_type=\"text-editor.default\">\n\t\t\t\t<div class=\"elementor-widget-container\">\n\t\t\t\t\t\t\t<em>24.08.2021<\/em>\t\t\t\t\t\t<\/div>\n\t\t\t\t<\/div>\n\t\t\t\t\t<\/div>\n\t\t<\/div>\n\t\t\t\t\t<\/div>\n\t\t<\/section>\n\t\t\t\t<section class=\"elementor-section elementor-top-section elementor-element elementor-element-ccba853 elementor-section-boxed elementor-section-height-default elementor-section-height-default\" data-id=\"ccba853\" data-element_type=\"section\">\n\t\t\t\t\t\t<div class=\"elementor-container elementor-column-gap-default\">\n\t\t\t\t\t<div class=\"elementor-column elementor-col-100 elementor-top-column elementor-element elementor-element-24196e5\" data-id=\"24196e5\" data-element_type=\"column\">\n\t\t\t<div class=\"elementor-widget-wrap elementor-element-populated\">\n\t\t\t\t\t\t<div class=\"elementor-element elementor-element-7b92e92 elementor-widget elementor-widget-image\" data-id=\"7b92e92\" data-element_type=\"widget\" data-widget_type=\"image.default\">\n\t\t\t\t<div class=\"elementor-widget-container\">\n\t\t\t\t\t\t\t\t\t\t\t\t\t<img fetchpriority=\"high\" decoding=\"async\" width=\"1200\" height=\"400\" src=\"https:\/\/fealold.feal.hr\/wp-content\/uploads\/2021\/08\/solar-power-panel-1.jpg\" class=\"attachment-full size-full wp-image-6558\" alt=\"\" srcset=\"https:\/\/fealold.feal.hr\/wp-content\/uploads\/2021\/08\/solar-power-panel-1.jpg 1200w, https:\/\/fealold.feal.hr\/wp-content\/uploads\/2021\/08\/solar-power-panel-1-300x100.jpg 300w, https:\/\/fealold.feal.hr\/wp-content\/uploads\/2021\/08\/solar-power-panel-1-1024x341.jpg 1024w, https:\/\/fealold.feal.hr\/wp-content\/uploads\/2021\/08\/solar-power-panel-1-768x256.jpg 768w, https:\/\/fealold.feal.hr\/wp-content\/uploads\/2021\/08\/solar-power-panel-1-18x6.jpg 18w\" sizes=\"(max-width: 1200px) 100vw, 1200px\" \/>\t\t\t\t\t\t\t\t\t\t\t\t\t<\/div>\n\t\t\t\t<\/div>\n\t\t\t\t\t<\/div>\n\t\t<\/div>\n\t\t\t\t\t<\/div>\n\t\t<\/section>\n\t\t\t\t<section class=\"elementor-section elementor-top-section elementor-element elementor-element-ab385f8 elementor-section-boxed elementor-section-height-default elementor-section-height-default elementor-invisible\" data-id=\"ab385f8\" data-element_type=\"section\" data-settings=\"{&quot;animation&quot;:&quot;fadeIn&quot;}\">\n\t\t\t\t\t\t<div class=\"elementor-container elementor-column-gap-default\">\n\t\t\t\t\t<div class=\"elementor-column elementor-col-100 elementor-top-column elementor-element elementor-element-c4f6f2f\" data-id=\"c4f6f2f\" data-element_type=\"column\">\n\t\t\t<div class=\"elementor-widget-wrap elementor-element-populated\">\n\t\t\t\t\t\t<div class=\"elementor-element elementor-element-d237dd7 elementor-widget elementor-widget-text-editor\" data-id=\"d237dd7\" data-element_type=\"widget\" data-widget_type=\"text-editor.default\">\n\t\t\t\t<div class=\"elementor-widget-container\">\n\t\t\t\t\t\t\t<p>Die Vereinigten Arabischen Emirate (VAE) sind weltweit der erste Staat, der Solarenergie zur Aluminiumproduktion nutzt und damit einen wichtigen Meilenstein auf dem Weg zur Dekarbonisierung der globalen Fertigungsindustrie darstellt.<\/p>\n<p>Der Solarpark Mohammad bin Rashid Al Maktoum mit einer Leistung von mehr als 1.000 MW produziert Strom f\u00fcr die Aluminiumgie\u00dferei Emirates Global Aluminium (EGA). Diese Leistung ist f\u00fcr die gesamte Produktion von 40.000 Tonnen\/j\u00e4hrlich Aluminium ausreichend. Dubal ist Teil des Emirates sowie der Global Aluminium Gruppe und auch einer der gr\u00f6\u00dften Lieferanten von Aluminiumbolzen unseres Unternehmens.<\/p>\n<p>Im Bewusstsein, dass die Zukunft neue energetische Herausforderungen mit sich bringt investiert FEAL ebenso in moderne Technologien.<\/p>\n<p>FEAL verf\u00fcgt derzeit \u00fcber einen Solarpark mit einer Leistung von 1,4 MW und verwendet diesen f\u00fcr den eigenen Produktionsbedarf. Es wurde betont, dass dieser Prozess \u00e4u\u00dferst wichtig ist, da er aufzeigt, wie n\u00fctzlich Solarenergie als erneuerbare Energie tats\u00e4chlich ist.<\/p>\n<p class=\" translation-block\">Angesichts der zunehmenden Nutzung erneuerbarer Energiequellen insbesondere Solarproduktion kann festgehalten werden, dass damit der Weg f\u00fcr die zuk\u00fcnftige Transformation der Energiewirtschaft er\u00f6ffnet wurde. <\/span><b style=\"font-style: inherit\"><a href=\"https:\/\/fealold.feal.hr\/de\/solarna-energija\/#fne2000\" target=\"_self\">Wir als FEAL haben als Antwort hierf\u00fcr das System FNE-2000 entwickelt.<\/a><\/b><span style=\"font-size: 17px\"> Dies beinhaltet ein neuartiges Tr\u00e4gersystem aus Aluminium sowie Solarpaneelen.<\/span><\/p>\n<p class=\" translation-block\">Die FNE-L\u00f6sungen von FEAL erm\u00f6glichen die Komplettierung mit den meisten auf dem Markt erh\u00e4ltlichen Photovoltaikmodulen. Naturgem\u00e4\u00df l\u00e4sst sich die Konstruktion selbst an unterschiedliche Abmessungen des Solarparks anpassen.<\/p>\n<p>FNE-2000 ist ein System, das f\u00fcr die Freifl\u00e4chenmontage und verschiedene Arten des Fundamentbaus entwickelt wurde. Die Komplettl\u00f6sung ist f\u00fcr eine schnelle, einfache und saubere Montage vor Ort ohne zus\u00e4tzliche Verarbeitungsanforderungen konzipiert.&nbsp;<\/p>\n<p><span style=\"font-size: 17px;\">Solarenergie wird sicherlich zu einer der wichtigsten Energiequellen werden, die f\u00fcr eine nachhaltige Entwicklung von entscheidender Bedeutung sein wird und den Wirtschaftswachstum ankurbelt.<\/span><\/p>\t\t\t\t\t\t<\/div>\n\t\t\t\t<\/div>\n\t\t\t\t\t<\/div>\n\t\t<\/div>\n\t\t\t\t\t<\/div>\n\t\t<\/section>\n\t\t\t\t<section class=\"elementor-section elementor-top-section elementor-element elementor-element-4f3c81f elementor-section-boxed elementor-section-height-default elementor-section-height-default\" data-id=\"4f3c81f\" data-element_type=\"section\">\n\t\t\t\t\t\t<div class=\"elementor-container elementor-column-gap-default\">\n\t\t\t\t\t<div class=\"elementor-column elementor-col-100 elementor-top-column elementor-element elementor-element-c06247d\" data-id=\"c06247d\" data-element_type=\"column\">\n\t\t\t<div class=\"elementor-widget-wrap elementor-element-populated\">\n\t\t\t\t\t\t<div class=\"elementor-element elementor-element-41c1f39 elementor-widget elementor-widget-spacer\" data-id=\"41c1f39\" data-element_type=\"widget\" data-widget_type=\"spacer.default\">\n\t\t\t\t<div class=\"elementor-widget-container\">\n\t\t\t\t\t<div class=\"elementor-spacer\">\n\t\t\t<div class=\"elementor-spacer-inner\"><\/div>\n\t\t<\/div>\n\t\t\t\t<\/div>\n\t\t\t\t<\/div>\n\t\t\t\t<div class=\"elementor-element elementor-element-096b211 elementor-widget elementor-widget-heading\" data-id=\"096b211\" data-element_type=\"widget\" data-widget_type=\"heading.default\">\n\t\t\t\t<div class=\"elementor-widget-container\">\n\t\t\t<h3 class=\"elementor-heading-title elementor-size-default\">Weiterlesen:<\/h3>\t\t<\/div>\n\t\t\t\t<\/div>\n\t\t\t\t<div class=\"elementor-element elementor-element-9a7643a elementor-widget-divider--view-line elementor-widget elementor-widget-divider\" data-id=\"9a7643a\" data-element_type=\"widget\" data-widget_type=\"divider.default\">\n\t\t\t\t<div class=\"elementor-widget-container\">\n\t\t\t\t\t<div class=\"elementor-divider\">\n\t\t\t<span class=\"elementor-divider-separator\">\n\t\t\t\t\t\t<\/span>\n\t\t<\/div>\n\t\t\t\t<\/div>\n\t\t\t\t<\/div>\n\t\t\t\t<section class=\"elementor-section elementor-inner-section elementor-element elementor-element-d0efc48 elementor-section-full_width elementor-section-height-default elementor-section-height-default\" data-id=\"d0efc48\" data-element_type=\"section\">\n\t\t\t\t\t\t<div class=\"elementor-container elementor-column-gap-no\">\n\t\t\t\t\t<div class=\"elementor-column elementor-col-33 elementor-inner-column elementor-element elementor-element-0b88968\" data-id=\"0b88968\" data-element_type=\"column\">\n\t\t\t<div class=\"elementor-widget-wrap elementor-element-populated\">\n\t\t\t\t\t\t<div class=\"elementor-element elementor-element-5ff99b0 elementor-widget elementor-widget-image\" data-id=\"5ff99b0\" data-element_type=\"widget\" data-widget_type=\"image.default\">\n\t\t\t\t<div class=\"elementor-widget-container\">\n\t\t\t\t\t\t\t\t\t\t\t\t\t<img decoding=\"async\" width=\"500\" height=\"327\" src=\"https:\/\/fealold.feal.hr\/wp-content\/uploads\/2020\/04\/dani-arhitekata.jpg\" class=\"attachment-full size-full wp-image-1134\" alt=\"\" srcset=\"https:\/\/fealold.feal.hr\/wp-content\/uploads\/2020\/04\/dani-arhitekata.jpg 500w, https:\/\/fealold.feal.hr\/wp-content\/uploads\/2020\/04\/dani-arhitekata-300x196.jpg 300w\" sizes=\"(max-width: 500px) 100vw, 500px\" \/>\t\t\t\t\t\t\t\t\t\t\t\t\t<\/div>\n\t\t\t\t<\/div>\n\t\t\t\t<div class=\"elementor-element elementor-element-8a00adb elementor-widget elementor-widget-heading\" data-id=\"8a00adb\" data-element_type=\"widget\" data-widget_type=\"heading.default\">\n\t\t\t\t<div class=\"elementor-widget-container\">\n\t\t\t<h5 class=\"elementor-heading-title elementor-size-default\"><a href=\"https:\/\/fealold.feal.hr\/de\/vijest-dani-arhitekata-3-0\/\">Tage der Architekten 3.0<\/a><\/h5>\t\t<\/div>\n\t\t\t\t<\/div>\n\t\t\t\t<div class=\"elementor-element elementor-element-174c7d8 elementor-widget elementor-widget-text-editor\" data-id=\"174c7d8\" data-element_type=\"widget\" data-widget_type=\"text-editor.default\">\n\t\t\t\t<div class=\"elementor-widget-container\">\n\t\t\t\t\t\t\t<p>FEAL hat auch an der diesj\u00e4hrigen f\u00fchrenden Fachversammlung \"Tage der Architekten 3.0\" teilgenommen<\/p>\t\t\t\t\t\t<\/div>\n\t\t\t\t<\/div>\n\t\t\t\t<div class=\"elementor-element elementor-element-b1b5dc5 elementor-align-left elementor-widget elementor-widget-button\" data-id=\"b1b5dc5\" data-element_type=\"widget\" data-widget_type=\"button.default\">\n\t\t\t\t<div class=\"elementor-widget-container\">\n\t\t\t\t\t<div class=\"elementor-button-wrapper\">\n\t\t\t<a class=\"elementor-button elementor-button-link elementor-size-md\" href=\"https:\/\/fealold.feal.hr\/de\/vijest-dani-arhitekata-3-0\/\">\n\t\t\t\t\t\t<span class=\"elementor-button-content-wrapper\">\n\t\t\t\t\t\t<span class=\"elementor-button-icon\">\n\t\t\t\t<i aria-hidden=\"true\" class=\"fas fa-angle-double-right\"><\/i>\t\t\t<\/span>\n\t\t\t\t\t\t\t\t\t<span class=\"elementor-button-text\">Weiterlesen<\/span>\n\t\t\t\t\t<\/span>\n\t\t\t\t\t<\/a>\n\t\t<\/div>\n\t\t\t\t<\/div>\n\t\t\t\t<\/div>\n\t\t\t\t\t<\/div>\n\t\t<\/div>\n\t\t\t\t<div class=\"elementor-column elementor-col-33 elementor-inner-column elementor-element elementor-element-3240892\" data-id=\"3240892\" data-element_type=\"column\">\n\t\t\t<div class=\"elementor-widget-wrap elementor-element-populated\">\n\t\t\t\t\t\t<div class=\"elementor-element elementor-element-32219d6 elementor-widget elementor-widget-image\" data-id=\"32219d6\" data-element_type=\"widget\" data-widget_type=\"image.default\">\n\t\t\t\t<div class=\"elementor-widget-container\">\n\t\t\t\t\t\t\t\t\t\t\t\t\t<img decoding=\"async\" width=\"500\" height=\"327\" src=\"https:\/\/fealold.feal.hr\/wp-content\/uploads\/2020\/04\/direktor.jpg\" class=\"attachment-full size-full wp-image-1136\" alt=\"\" srcset=\"https:\/\/fealold.feal.hr\/wp-content\/uploads\/2020\/04\/direktor.jpg 500w, https:\/\/fealold.feal.hr\/wp-content\/uploads\/2020\/04\/direktor-300x196.jpg 300w\" sizes=\"(max-width: 500px) 100vw, 500px\" \/>\t\t\t\t\t\t\t\t\t\t\t\t\t<\/div>\n\t\t\t\t<\/div>\n\t\t\t\t<div class=\"elementor-element elementor-element-1626c82 elementor-widget elementor-widget-heading\" data-id=\"1626c82\" data-element_type=\"widget\" data-widget_type=\"heading.default\">\n\t\t\t\t<div class=\"elementor-widget-container\">\n\t\t\t<h5 class=\"elementor-heading-title elementor-size-default\"><a href=\"https:\/\/fealold.feal.hr\/de\/vijest-novi-direktor\/\">Interview: Ante Musa, der neue Gesch\u00e4ftsf\u00fchrer von FEAL<\/a><\/h5>\t\t<\/div>\n\t\t\t\t<\/div>\n\t\t\t\t<div class=\"elementor-element elementor-element-fc6cd9b elementor-widget elementor-widget-text-editor\" data-id=\"fc6cd9b\" data-element_type=\"widget\" data-widget_type=\"text-editor.default\">\n\t\t\t\t<div class=\"elementor-widget-container\">\n\t\t\t\t\t\t\t<p>Interview mit dem neuen Gesch\u00e4ftsf\u00fchrer von FEAL<\/p>\t\t\t\t\t\t<\/div>\n\t\t\t\t<\/div>\n\t\t\t\t<div class=\"elementor-element elementor-element-ad871c8 elementor-align-left elementor-widget elementor-widget-button\" data-id=\"ad871c8\" data-element_type=\"widget\" data-widget_type=\"button.default\">\n\t\t\t\t<div class=\"elementor-widget-container\">\n\t\t\t\t\t<div class=\"elementor-button-wrapper\">\n\t\t\t<a class=\"elementor-button elementor-button-link elementor-size-md\" href=\"https:\/\/fealold.feal.hr\/de\/vijest-novi-direktor\/\">\n\t\t\t\t\t\t<span class=\"elementor-button-content-wrapper\">\n\t\t\t\t\t\t<span class=\"elementor-button-icon\">\n\t\t\t\t<i aria-hidden=\"true\" class=\"fas fa-angle-double-right\"><\/i>\t\t\t<\/span>\n\t\t\t\t\t\t\t\t\t<span class=\"elementor-button-text\">Weiterlesen<\/span>\n\t\t\t\t\t<\/span>\n\t\t\t\t\t<\/a>\n\t\t<\/div>\n\t\t\t\t<\/div>\n\t\t\t\t<\/div>\n\t\t\t\t\t<\/div>\n\t\t<\/div>\n\t\t\t\t<div class=\"elementor-column elementor-col-33 elementor-inner-column elementor-element elementor-element-2ab810f\" data-id=\"2ab810f\" data-element_type=\"column\">\n\t\t\t<div class=\"elementor-widget-wrap elementor-element-populated\">\n\t\t\t\t\t\t<div class=\"elementor-element elementor-element-779b73e elementor-widget elementor-widget-image\" data-id=\"779b73e\" data-element_type=\"widget\" data-widget_type=\"image.default\">\n\t\t\t\t<div class=\"elementor-widget-container\">\n\t\t\t\t\t\t\t\t\t\t\t\t\t<img loading=\"lazy\" decoding=\"async\" width=\"500\" height=\"327\" src=\"https:\/\/fealold.feal.hr\/wp-content\/uploads\/2020\/04\/sfera-vijest.jpg\" class=\"attachment-full size-full wp-image-1488\" alt=\"\" srcset=\"https:\/\/fealold.feal.hr\/wp-content\/uploads\/2020\/04\/sfera-vijest.jpg 500w, https:\/\/fealold.feal.hr\/wp-content\/uploads\/2020\/04\/sfera-vijest-300x196.jpg 300w\" sizes=\"(max-width: 500px) 100vw, 500px\" \/>\t\t\t\t\t\t\t\t\t\t\t\t\t<\/div>\n\t\t\t\t<\/div>\n\t\t\t\t<div class=\"elementor-element elementor-element-5612841 elementor-widget elementor-widget-heading\" data-id=\"5612841\" data-element_type=\"widget\" data-widget_type=\"heading.default\">\n\t\t\t\t<div class=\"elementor-widget-container\">\n\t\t\t<h5 class=\"elementor-heading-title elementor-size-default\"><a href=\"https:\/\/fealold.feal.hr\/de\/vijest-sfera-2020\/\">Sfera 2020<\/a><\/h5>\t\t<\/div>\n\t\t\t\t<\/div>\n\t\t\t\t<div class=\"elementor-element elementor-element-f802cbb elementor-widget elementor-widget-text-editor\" data-id=\"f802cbb\" data-element_type=\"widget\" data-widget_type=\"text-editor.default\">\n\t\t\t\t<div class=\"elementor-widget-container\">\n\t\t\t\t\t\t\t<p>Unser Unternehmen unterst\u00fctzte die Veranstalter auch in diesem Jahr und war Hauptsponsor der Konferenz<\/p>\t\t\t\t\t\t<\/div>\n\t\t\t\t<\/div>\n\t\t\t\t<div class=\"elementor-element elementor-element-bff8802 elementor-align-left elementor-widget elementor-widget-button\" data-id=\"bff8802\" data-element_type=\"widget\" data-widget_type=\"button.default\">\n\t\t\t\t<div class=\"elementor-widget-container\">\n\t\t\t\t\t<div class=\"elementor-button-wrapper\">\n\t\t\t<a class=\"elementor-button elementor-button-link elementor-size-md\" href=\"https:\/\/fealold.feal.hr\/de\/vijest-sfera-2020\/\">\n\t\t\t\t\t\t<span class=\"elementor-button-content-wrapper\">\n\t\t\t\t\t\t<span class=\"elementor-button-icon\">\n\t\t\t\t<i aria-hidden=\"true\" class=\"fas fa-angle-double-right\"><\/i>\t\t\t<\/span>\n\t\t\t\t\t\t\t\t\t<span class=\"elementor-button-text\">Weiterlesen<\/span>\n\t\t\t\t\t<\/span>\n\t\t\t\t\t<\/a>\n\t\t<\/div>\n\t\t\t\t<\/div>\n\t\t\t\t<\/div>\n\t\t\t\t\t<\/div>\n\t\t<\/div>\n\t\t\t\t\t<\/div>\n\t\t<\/section>\n\t\t\t\t\t<\/div>\n\t\t<\/div>\n\t\t\t\t\t<\/div>\n\t\t<\/section>\n\t\t\t\t<section class=\"elementor-section elementor-top-section elementor-element elementor-element-ffc742f elementor-section-boxed elementor-section-height-default elementor-section-height-default\" data-id=\"ffc742f\" data-element_type=\"section\">\n\t\t\t\t\t\t<div class=\"elementor-container elementor-column-gap-default\">\n\t\t\t\t\t<div class=\"elementor-column elementor-col-100 elementor-top-column elementor-element elementor-element-8f0f7ec\" data-id=\"8f0f7ec\" data-element_type=\"column\">\n\t\t\t<div class=\"elementor-widget-wrap elementor-element-populated\">\n\t\t\t\t\t\t<div class=\"elementor-element elementor-element-7a438a1 elementor-widget elementor-widget-spacer\" data-id=\"7a438a1\" data-element_type=\"widget\" data-widget_type=\"spacer.default\">\n\t\t\t\t<div class=\"elementor-widget-container\">\n\t\t\t\t\t<div class=\"elementor-spacer\">\n\t\t\t<div class=\"elementor-spacer-inner\"><\/div>\n\t\t<\/div>\n\t\t\t\t<\/div>\n\t\t\t\t<\/div>\n\t\t\t\t\t<\/div>\n\t\t<\/div>\n\t\t\t\t\t<\/div>\n\t\t<\/section>\n\t\t\t\t<\/div>","protected":false},"excerpt":{"rendered":"<p>&lt; Povratak na sve vijesti Zeleni aluminij \u2013 Proizvodnja aluminija uz kori\u0161tenje energije dobivene iz obnovljivih izvora 24.08.2021.\u200b Ujedinjeni Arapski Emirati (UAE) su postali prva dr\u017eava na svijetu koja koristi solarnu energiju za proizvodnju aluminija \u010dime predstavlja veliku prekretnicu na putu dekarbonizacije globalne proizvodne industrije. Naime u solarnom parku Mohammad bin Rashid Al Maktoum instalirane &hellip;<\/p>\n<p class=\"read-more\"> <a class=\"\" href=\"https:\/\/fealold.feal.hr\/de\/vijest-zeleni-aluminij\/\"> <span class=\"screen-reader-text\">Vijest: Zeleni aluminij<\/span> Weiterlesen &raquo;<\/a><\/p>","protected":false},"author":4,"featured_media":0,"parent":0,"menu_order":0,"comment_status":"closed","ping_status":"closed","template":"","meta":{"footnotes":""},"tags":[],"class_list":["post-6483","page","type-page","status-publish","hentry"],"_links":{"self":[{"href":"https:\/\/fealold.feal.hr\/de\/wp-json\/wp\/v2\/pages\/6483","targetHints":{"allow":["GET"]}}],"collection":[{"href":"https:\/\/fealold.feal.hr\/de\/wp-json\/wp\/v2\/pages"}],"about":[{"href":"https:\/\/fealold.feal.hr\/de\/wp-json\/wp\/v2\/types\/page"}],"author":[{"embeddable":true,"href":"https:\/\/fealold.feal.hr\/de\/wp-json\/wp\/v2\/users\/4"}],"replies":[{"embeddable":true,"href":"https:\/\/fealold.feal.hr\/de\/wp-json\/wp\/v2\/comments?post=6483"}],"version-history":[{"count":40,"href":"https:\/\/fealold.feal.hr\/de\/wp-json\/wp\/v2\/pages\/6483\/revisions"}],"predecessor-version":[{"id":6990,"href":"https:\/\/fealold.feal.hr\/de\/wp-json\/wp\/v2\/pages\/6483\/revisions\/6990"}],"wp:attachment":[{"href":"https:\/\/fealold.feal.hr\/de\/wp-json\/wp\/v2\/media?parent=6483"}],"wp:term":[{"taxonomy":"post_tag","embeddable":true,"href":"https:\/\/fealold.feal.hr\/de\/wp-json\/wp\/v2\/tags?post=6483"}],"curies":[{"name":"wp","href":"https:\/\/api.w.org\/{rel}","templated":true}]}}