{"id":7494,"date":"2022-05-30T10:52:18","date_gmt":"2022-05-30T10:52:18","guid":{"rendered":"https:\/\/fealold.feal.hr\/?page_id=7494"},"modified":"2024-08-07T07:49:58","modified_gmt":"2024-08-07T07:49:58","slug":"fne-1100","status":"publish","type":"page","link":"https:\/\/fealold.feal.hr\/de\/fne-1100\/","title":{"rendered":"FNE 1100"},"content":{"rendered":"<div data-elementor-type=\"wp-page\" data-elementor-id=\"7494\" class=\"elementor elementor-7494\" data-elementor-post-type=\"page\">\n\t\t\t\t\t\t<section class=\"elementor-section elementor-top-section elementor-element elementor-element-40e3076 elementor-hidden-tablet elementor-hidden-phone elementor-section-boxed elementor-section-height-default elementor-section-height-default\" data-id=\"40e3076\" data-element_type=\"section\" data-settings=\"{&quot;background_background&quot;:&quot;classic&quot;}\">\n\t\t\t\t\t\t<div class=\"elementor-container elementor-column-gap-default\">\n\t\t\t\t\t<div class=\"elementor-column elementor-col-100 elementor-top-column elementor-element elementor-element-41a3b6d\" data-id=\"41a3b6d\" data-element_type=\"column\">\n\t\t\t<div class=\"elementor-widget-wrap elementor-element-populated\">\n\t\t\t\t\t\t<div class=\"elementor-element elementor-element-f31effe elementor-widget elementor-widget-heading\" data-id=\"f31effe\" data-element_type=\"widget\" data-widget_type=\"heading.default\">\n\t\t\t\t<div class=\"elementor-widget-container\">\n\t\t\t<h6 class=\"elementor-heading-title elementor-size-default\"><a href=\"https:\/\/fealold.feal.hr\/de\/solarna-energija\/\">&lt; Solarenergie<\/a><\/h6>\t\t<\/div>\n\t\t\t\t<\/div>\n\t\t\t\t\t<\/div>\n\t\t<\/div>\n\t\t\t\t\t<\/div>\n\t\t<\/section>\n\t\t\t\t<section class=\"elementor-section elementor-top-section elementor-element elementor-element-d99ad43 elementor-section-boxed elementor-section-height-default elementor-section-height-default\" data-id=\"d99ad43\" data-element_type=\"section\">\n\t\t\t\t\t\t<div class=\"elementor-container elementor-column-gap-default\">\n\t\t\t\t\t<div class=\"elementor-column elementor-col-100 elementor-top-column elementor-element elementor-element-ac1605d\" data-id=\"ac1605d\" data-element_type=\"column\">\n\t\t\t<div class=\"elementor-widget-wrap elementor-element-populated\">\n\t\t\t\t\t\t<div class=\"elementor-element elementor-element-050f68e elementor-widget elementor-widget-heading\" data-id=\"050f68e\" data-element_type=\"widget\" data-widget_type=\"heading.default\">\n\t\t\t\t<div class=\"elementor-widget-container\">\n\t\t\t<h2 class=\"elementor-heading-title elementor-size-default\">Das System FNE-1100<\/h2>\t\t<\/div>\n\t\t\t\t<\/div>\n\t\t\t\t\t<\/div>\n\t\t<\/div>\n\t\t\t\t\t<\/div>\n\t\t<\/section>\n\t\t\t\t<section class=\"elementor-section elementor-top-section elementor-element elementor-element-a0436d2 elementor-section-boxed elementor-section-height-default elementor-section-height-default\" data-id=\"a0436d2\" data-element_type=\"section\">\n\t\t\t\t\t\t<div class=\"elementor-container elementor-column-gap-default\">\n\t\t\t\t\t<div class=\"elementor-column elementor-col-100 elementor-top-column elementor-element elementor-element-d048035\" data-id=\"d048035\" data-element_type=\"column\">\n\t\t\t<div class=\"elementor-widget-wrap elementor-element-populated\">\n\t\t\t\t\t\t<div class=\"elementor-element elementor-element-a557151 elementor--h-position-center elementor--v-position-middle elementor-widget elementor-widget-slides\" data-id=\"a557151\" data-element_type=\"widget\" data-settings=\"{&quot;navigation&quot;:&quot;none&quot;,&quot;transition&quot;:&quot;slide&quot;,&quot;transition_speed&quot;:500}\" data-widget_type=\"slides.default\">\n\t\t\t\t<div class=\"elementor-widget-container\">\n\t\t\t\t\t<div class=\"elementor-swiper\">\n\t\t\t<div class=\"elementor-slides-wrapper elementor-main-swiper swiper\" dir=\"ltr\" data-animation=\"fadeInUp\">\n\t\t\t\t<div class=\"swiper-wrapper elementor-slides\">\n\t\t\t\t\t\t\t\t\t\t<div class=\"elementor-repeater-item-fd0ffe5 swiper-slide\"><div class=\"swiper-slide-bg\" role=\"img\"><\/div><div class=\"swiper-slide-inner\" ><div class=\"swiper-slide-contents\"><\/div><\/div><\/div>\t\t\t\t<\/div>\n\t\t\t\t\t\t\t<\/div>\n\t\t<\/div>\n\t\t\t\t<\/div>\n\t\t\t\t<\/div>\n\t\t\t\t\t<\/div>\n\t\t<\/div>\n\t\t\t\t\t<\/div>\n\t\t<\/section>\n\t\t\t\t<section class=\"elementor-section elementor-top-section elementor-element elementor-element-f487476 elementor-section-boxed elementor-section-height-default elementor-section-height-default\" data-id=\"f487476\" data-element_type=\"section\">\n\t\t\t\t\t\t<div class=\"elementor-container elementor-column-gap-default\">\n\t\t\t\t\t<div class=\"elementor-column elementor-col-100 elementor-top-column elementor-element elementor-element-33a805e\" data-id=\"33a805e\" data-element_type=\"column\">\n\t\t\t<div class=\"elementor-widget-wrap elementor-element-populated\">\n\t\t\t\t\t\t<div class=\"elementor-element elementor-element-5b6d213 elementor-tabs-view-horizontal elementor-widget elementor-widget-tabs\" data-id=\"5b6d213\" data-element_type=\"widget\" data-widget_type=\"tabs.default\">\n\t\t\t\t<div class=\"elementor-widget-container\">\n\t\t\t\t\t<div class=\"elementor-tabs\">\n\t\t\t<div class=\"elementor-tabs-wrapper\" role=\"tablist\" >\n\t\t\t\t\t\t\t\t\t<div id=\"elementor-tab-title-9581\" class=\"elementor-tab-title elementor-tab-desktop-title\" aria-selected=\"true\" data-tab=\"1\" role=\"tab\" tabindex=\"0\" aria-controls=\"elementor-tab-content-9581\" aria-expanded=\"false\">Beschreibung<\/div>\n\t\t\t\t\t\t\t\t\t<div id=\"elementor-tab-title-9582\" class=\"elementor-tab-title elementor-tab-desktop-title\" aria-selected=\"false\" data-tab=\"2\" role=\"tab\" tabindex=\"-1\" aria-controls=\"elementor-tab-content-9582\" aria-expanded=\"false\">Download<\/div>\n\t\t\t\t\t\t\t<\/div>\n\t\t\t<div class=\"elementor-tabs-content-wrapper\" role=\"tablist\" aria-orientation=\"vertical\">\n\t\t\t\t\t\t\t\t\t<div class=\"elementor-tab-title elementor-tab-mobile-title\" aria-selected=\"true\" data-tab=\"1\" role=\"tab\" tabindex=\"0\" aria-controls=\"elementor-tab-content-9581\" aria-expanded=\"false\">Beschreibung<\/div>\n\t\t\t\t\t<div id=\"elementor-tab-content-9581\" class=\"elementor-tab-content elementor-clearfix\" data-tab=\"1\" role=\"tabpanel\" aria-labelledby=\"elementor-tab-title-9581\" tabindex=\"0\" hidden=\"false\"><p>Der Solarenergiemarkt befindet sich in einer Zeit dynamischer Ver\u00e4nderungen. Die immer schnellere Entwicklung von Photovoltaikanlagen und deren Umsetzung erfordert eine einfache und flexible Unterkonstruktion.<\/p>\n<p>Das System FEAL FNE 1100 enth\u00e4lt eine Aluminiumunterkonstruktion, die f\u00fcr die Schaffung modularer Tragkonstruktionen mit der M\u00f6glichkeit der Montage auf den D\u00e4chern von Einfamilienh\u00e4usern f\u00fcr verschiedene Arten konventioneller \u00dcberdachungen entwickelt wurde. Die verwendeten Materialien wurden ausgew\u00e4hlt, um Zuverl\u00e4ssigkeit und Langlebigkeit im Laufe der Zeit zu gew\u00e4hrleisten. Die Konstruktionselemente bestehen aus den Aluminiumlegierungen EN AW-6063 und EN AW-6005.<\/p><\/div>\n\t\t\t\t\t\t\t\t\t<div class=\"elementor-tab-title elementor-tab-mobile-title\" aria-selected=\"false\" data-tab=\"2\" role=\"tab\" tabindex=\"-1\" aria-controls=\"elementor-tab-content-9582\" aria-expanded=\"false\">Download<\/div>\n\t\t\t\t\t<div id=\"elementor-tab-content-9582\" class=\"elementor-tab-content elementor-clearfix\" data-tab=\"2\" role=\"tabpanel\" aria-labelledby=\"elementor-tab-title-9582\" tabindex=\"0\" hidden=\"hidden\">\t\t<div data-elementor-type=\"section\" data-elementor-id=\"7527\" class=\"elementor elementor-7527\" data-elementor-post-type=\"elementor_library\">\n\t\t\t\t\t<section class=\"elementor-section elementor-inner-section elementor-element elementor-element-1ca22f9f elementor-section-boxed elementor-section-height-default elementor-section-height-default\" data-id=\"1ca22f9f\" data-element_type=\"section\">\n\t\t\t\t\t\t<div class=\"elementor-container elementor-column-gap-default\">\n\t\t\t\t\t<div class=\"elementor-column elementor-col-100 elementor-inner-column elementor-element elementor-element-44ba2d12\" data-id=\"44ba2d12\" data-element_type=\"column\">\n\t\t\t<div class=\"elementor-widget-wrap elementor-element-populated\">\n\t\t\t\t\t\t<div class=\"elementor-element elementor-element-4db300be elementor-widget elementor-widget-image\" data-id=\"4db300be\" data-element_type=\"widget\" data-widget_type=\"image.default\">\n\t\t\t\t<div class=\"elementor-widget-container\">\n\t\t\t\t\t\t\t\t\t\t\t\t\t<img decoding=\"async\" width=\"177\" height=\"250\" src=\"https:\/\/fealold.feal.hr\/wp-content\/uploads\/2021\/08\/fne-1100-KATALOG-TH2.jpg\" class=\"attachment-full size-full wp-image-7526\" alt=\"\" srcset=\"https:\/\/fealold.feal.hr\/wp-content\/uploads\/2021\/08\/fne-1100-KATALOG-TH2.jpg 177w, https:\/\/fealold.feal.hr\/wp-content\/uploads\/2021\/08\/fne-1100-KATALOG-TH2-8x12.jpg 8w\" sizes=\"(max-width: 177px) 100vw, 177px\" \/>\t\t\t\t\t\t\t\t\t\t\t\t\t<\/div>\n\t\t\t\t<\/div>\n\t\t\t\t<div class=\"elementor-element elementor-element-73f9c7b0 elementor-widget-divider--view-line elementor-widget elementor-widget-divider\" data-id=\"73f9c7b0\" data-element_type=\"widget\" data-widget_type=\"divider.default\">\n\t\t\t\t<div class=\"elementor-widget-container\">\n\t\t\t\t\t<div class=\"elementor-divider\">\n\t\t\t<span class=\"elementor-divider-separator\">\n\t\t\t\t\t\t<\/span>\n\t\t<\/div>\n\t\t\t\t<\/div>\n\t\t\t\t<\/div>\n\t\t\t\t<div class=\"elementor-element elementor-element-6f32211c elementor-align-center elementor-widget elementor-widget-button\" data-id=\"6f32211c\" data-element_type=\"widget\" data-widget_type=\"button.default\">\n\t\t\t\t<div class=\"elementor-widget-container\">\n\t\t\t\t\t<div class=\"elementor-button-wrapper\">\n\t\t\t<a class=\"elementor-button elementor-button-link elementor-size-sm\" href=\"https:\/\/fealold.feal.hr\/wp-content\/uploads\/2020\/10\/FNE_1100.pdf\" target=\"_blank\">\n\t\t\t\t\t\t<span class=\"elementor-button-content-wrapper\">\n\t\t\t\t\t\t\t\t\t<span class=\"elementor-button-text\">Katalog herunterladen<\/span>\n\t\t\t\t\t<\/span>\n\t\t\t\t\t<\/a>\n\t\t<\/div>\n\t\t\t\t<\/div>\n\t\t\t\t<\/div>\n\t\t\t\t\t<\/div>\n\t\t<\/div>\n\t\t\t\t\t<\/div>\n\t\t<\/section>\n\t\t\t\t<\/div>\n\t\t<\/div>\n\t\t\t\t\t\t\t<\/div>\n\t\t<\/div>\n\t\t\t\t<\/div>\n\t\t\t\t<\/div>\n\t\t\t\t\t<\/div>\n\t\t<\/div>\n\t\t\t\t\t<\/div>\n\t\t<\/section>\n\t\t\t\t<section class=\"elementor-section elementor-top-section elementor-element elementor-element-dcee040 elementor-section-boxed elementor-section-height-default elementor-section-height-default\" data-id=\"dcee040\" data-element_type=\"section\">\n\t\t\t\t\t\t<div class=\"elementor-container elementor-column-gap-default\">\n\t\t\t\t\t<div class=\"elementor-column elementor-col-100 elementor-top-column elementor-element elementor-element-2e97f0e\" data-id=\"2e97f0e\" data-element_type=\"column\">\n\t\t\t<div class=\"elementor-widget-wrap elementor-element-populated\">\n\t\t\t\t\t\t<div class=\"elementor-element elementor-element-870616e elementor-widget elementor-widget-spacer\" data-id=\"870616e\" data-element_type=\"widget\" data-widget_type=\"spacer.default\">\n\t\t\t\t<div class=\"elementor-widget-container\">\n\t\t\t\t\t<div class=\"elementor-spacer\">\n\t\t\t<div class=\"elementor-spacer-inner\"><\/div>\n\t\t<\/div>\n\t\t\t\t<\/div>\n\t\t\t\t<\/div>\n\t\t\t\t\t<\/div>\n\t\t<\/div>\n\t\t\t\t\t<\/div>\n\t\t<\/section>\n\t\t\t\t<section class=\"elementor-section elementor-top-section elementor-element elementor-element-4fbaaf7 elementor-section-boxed elementor-section-height-default elementor-section-height-default\" data-id=\"4fbaaf7\" data-element_type=\"section\">\n\t\t\t\t\t\t<div class=\"elementor-container elementor-column-gap-default\">\n\t\t\t\t\t<div class=\"elementor-column elementor-col-100 elementor-top-column elementor-element elementor-element-cf1367e\" data-id=\"cf1367e\" data-element_type=\"column\">\n\t\t\t<div class=\"elementor-widget-wrap elementor-element-populated\">\n\t\t\t\t\t\t<div class=\"elementor-element elementor-element-cd484c9 elementor-widget elementor-widget-heading\" data-id=\"cd484c9\" data-element_type=\"widget\" data-widget_type=\"heading.default\">\n\t\t\t\t<div class=\"elementor-widget-container\">\n\t\t\t<h5 class=\"elementor-heading-title elementor-size-default\">Mehr sehen:<\/h5>\t\t<\/div>\n\t\t\t\t<\/div>\n\t\t\t\t<div class=\"elementor-element elementor-element-33871c6 elementor-widget-divider--view-line elementor-widget elementor-widget-divider\" data-id=\"33871c6\" data-element_type=\"widget\" data-widget_type=\"divider.default\">\n\t\t\t\t<div class=\"elementor-widget-container\">\n\t\t\t\t\t<div class=\"elementor-divider\">\n\t\t\t<span class=\"elementor-divider-separator\">\n\t\t\t\t\t\t<\/span>\n\t\t<\/div>\n\t\t\t\t<\/div>\n\t\t\t\t<\/div>\n\t\t\t\t<section class=\"elementor-section elementor-inner-section elementor-element elementor-element-a56adab elementor-section-boxed elementor-section-height-default elementor-section-height-default\" data-id=\"a56adab\" data-element_type=\"section\">\n\t\t\t\t\t\t<div class=\"elementor-container elementor-column-gap-no\">\n\t\t\t\t\t<div class=\"elementor-column elementor-col-25 elementor-inner-column elementor-element elementor-element-0422372\" data-id=\"0422372\" data-element_type=\"column\">\n\t\t\t<div class=\"elementor-widget-wrap elementor-element-populated\">\n\t\t\t\t\t\t<div class=\"elementor-element elementor-element-7dda79b elementor-widget elementor-widget-image\" data-id=\"7dda79b\" data-element_type=\"widget\" data-widget_type=\"image.default\">\n\t\t\t\t<div class=\"elementor-widget-container\">\n\t\t\t\t\t\t\t\t\t\t\t\t\t\t<a href=\"https:\/\/fealold.feal.hr\/de\/ulazna-vrata\/\">\n\t\t\t\t\t\t\t<img fetchpriority=\"high\" decoding=\"async\" width=\"500\" height=\"334\" src=\"https:\/\/fealold.feal.hr\/wp-content\/uploads\/2021\/09\/ulazna-vrata-th.png\" class=\"attachment-full size-full wp-image-6731\" alt=\"\" srcset=\"https:\/\/fealold.feal.hr\/wp-content\/uploads\/2021\/09\/ulazna-vrata-th.png 500w, https:\/\/fealold.feal.hr\/wp-content\/uploads\/2021\/09\/ulazna-vrata-th-300x200.png 300w, https:\/\/fealold.feal.hr\/wp-content\/uploads\/2021\/09\/ulazna-vrata-th-18x12.png 18w\" sizes=\"(max-width: 500px) 100vw, 500px\" \/>\t\t\t\t\t\t\t\t<\/a>\n\t\t\t\t\t\t\t\t\t\t\t\t\t<\/div>\n\t\t\t\t<\/div>\n\t\t\t\t<div class=\"elementor-element elementor-element-3310dc9 elementor-widget elementor-widget-heading\" data-id=\"3310dc9\" data-element_type=\"widget\" data-widget_type=\"heading.default\">\n\t\t\t\t<div class=\"elementor-widget-container\">\n\t\t\t<h5 class=\"elementor-heading-title elementor-size-default\"><a href=\"https:\/\/fealold.feal.hr\/de\/ulazna-vrata\/\">Eingangst\u00fcr<\/a><\/h5>\t\t<\/div>\n\t\t\t\t<\/div>\n\t\t\t\t\t<\/div>\n\t\t<\/div>\n\t\t\t\t<div class=\"elementor-column elementor-col-25 elementor-inner-column elementor-element elementor-element-3956e2e\" data-id=\"3956e2e\" data-element_type=\"column\">\n\t\t\t<div class=\"elementor-widget-wrap elementor-element-populated\">\n\t\t\t\t\t\t<div class=\"elementor-element elementor-element-5b623ca elementor-widget elementor-widget-image\" data-id=\"5b623ca\" data-element_type=\"widget\" data-widget_type=\"image.default\">\n\t\t\t\t<div class=\"elementor-widget-container\">\n\t\t\t\t\t\t\t\t\t\t\t\t\t\t<a href=\"https:\/\/fealold.feal.hr\/de\/prozori-i-vrata-s-prekinutim-termickim-mostom\/\">\n\t\t\t\t\t\t\t<img decoding=\"async\" width=\"500\" height=\"334\" src=\"https:\/\/fealold.feal.hr\/wp-content\/uploads\/2021\/09\/sistemi-s-ptm.jpg\" class=\"attachment-full size-full wp-image-6732\" alt=\"\" srcset=\"https:\/\/fealold.feal.hr\/wp-content\/uploads\/2021\/09\/sistemi-s-ptm.jpg 500w, https:\/\/fealold.feal.hr\/wp-content\/uploads\/2021\/09\/sistemi-s-ptm-300x200.jpg 300w, https:\/\/fealold.feal.hr\/wp-content\/uploads\/2021\/09\/sistemi-s-ptm-18x12.jpg 18w\" sizes=\"(max-width: 500px) 100vw, 500px\" \/>\t\t\t\t\t\t\t\t<\/a>\n\t\t\t\t\t\t\t\t\t\t\t\t\t<\/div>\n\t\t\t\t<\/div>\n\t\t\t\t<div class=\"elementor-element elementor-element-9cd3dff elementor-widget elementor-widget-heading\" data-id=\"9cd3dff\" data-element_type=\"widget\" data-widget_type=\"heading.default\">\n\t\t\t\t<div class=\"elementor-widget-container\">\n\t\t\t<h5 class=\"elementor-heading-title elementor-size-default\"><a href=\"https:\/\/fealold.feal.hr\/de\/prozori-i-vrata-s-prekinutim-termickim-mostom\/\">Fenster und T\u00fcrsysteme mit thermischer Trennung<\/a><\/h5>\t\t<\/div>\n\t\t\t\t<\/div>\n\t\t\t\t\t<\/div>\n\t\t<\/div>\n\t\t\t\t<div class=\"elementor-column elementor-col-25 elementor-inner-column elementor-element elementor-element-c2f1240\" data-id=\"c2f1240\" data-element_type=\"column\">\n\t\t\t<div class=\"elementor-widget-wrap elementor-element-populated\">\n\t\t\t\t\t\t<div class=\"elementor-element elementor-element-ad9611e elementor-widget elementor-widget-image\" data-id=\"ad9611e\" data-element_type=\"widget\" data-widget_type=\"image.default\">\n\t\t\t\t<div class=\"elementor-widget-container\">\n\t\t\t\t\t\t\t\t\t\t\t\t\t\t<a href=\"https:\/\/fealold.feal.hr\/de\/klizni-sistemi\/\">\n\t\t\t\t\t\t\t<img loading=\"lazy\" decoding=\"async\" width=\"500\" height=\"334\" src=\"https:\/\/fealold.feal.hr\/wp-content\/uploads\/2021\/09\/klizni-sistemi.png\" class=\"attachment-full size-full wp-image-6733\" alt=\"\" srcset=\"https:\/\/fealold.feal.hr\/wp-content\/uploads\/2021\/09\/klizni-sistemi.png 500w, https:\/\/fealold.feal.hr\/wp-content\/uploads\/2021\/09\/klizni-sistemi-300x200.png 300w, https:\/\/fealold.feal.hr\/wp-content\/uploads\/2021\/09\/klizni-sistemi-18x12.png 18w\" sizes=\"(max-width: 500px) 100vw, 500px\" \/>\t\t\t\t\t\t\t\t<\/a>\n\t\t\t\t\t\t\t\t\t\t\t\t\t<\/div>\n\t\t\t\t<\/div>\n\t\t\t\t<div class=\"elementor-element elementor-element-2799bc9 elementor-widget elementor-widget-heading\" data-id=\"2799bc9\" data-element_type=\"widget\" data-widget_type=\"heading.default\">\n\t\t\t\t<div class=\"elementor-widget-container\">\n\t\t\t<h5 class=\"elementor-heading-title elementor-size-default\"><a href=\"https:\/\/fealold.feal.hr\/de\/klizni-sistemi\/\">Schiebesysteme<\/a><\/h5>\t\t<\/div>\n\t\t\t\t<\/div>\n\t\t\t\t\t<\/div>\n\t\t<\/div>\n\t\t\t\t<div class=\"elementor-column elementor-col-25 elementor-inner-column elementor-element elementor-element-85073a1\" data-id=\"85073a1\" data-element_type=\"column\">\n\t\t\t<div class=\"elementor-widget-wrap elementor-element-populated\">\n\t\t\t\t\t\t<div class=\"elementor-element elementor-element-8a73645 elementor-widget elementor-widget-image\" data-id=\"8a73645\" data-element_type=\"widget\" data-widget_type=\"image.default\">\n\t\t\t\t<div class=\"elementor-widget-container\">\n\t\t\t\t\t\t\t\t\t\t\t\t\t\t<a href=\"https:\/\/fealold.feal.hr\/de\/fasadni-sistemi\/\">\n\t\t\t\t\t\t\t<img loading=\"lazy\" decoding=\"async\" width=\"500\" height=\"334\" src=\"https:\/\/fealold.feal.hr\/wp-content\/uploads\/2021\/09\/fasadni-sistemi-th-SE.jpg\" class=\"attachment-full size-full wp-image-6648\" alt=\"\" srcset=\"https:\/\/fealold.feal.hr\/wp-content\/uploads\/2021\/09\/fasadni-sistemi-th-SE.jpg 500w, https:\/\/fealold.feal.hr\/wp-content\/uploads\/2021\/09\/fasadni-sistemi-th-SE-300x200.jpg 300w, https:\/\/fealold.feal.hr\/wp-content\/uploads\/2021\/09\/fasadni-sistemi-th-SE-18x12.jpg 18w\" sizes=\"(max-width: 500px) 100vw, 500px\" \/>\t\t\t\t\t\t\t\t<\/a>\n\t\t\t\t\t\t\t\t\t\t\t\t\t<\/div>\n\t\t\t\t<\/div>\n\t\t\t\t<div class=\"elementor-element elementor-element-a5cfe15 elementor-widget elementor-widget-heading\" data-id=\"a5cfe15\" data-element_type=\"widget\" data-widget_type=\"heading.default\">\n\t\t\t\t<div class=\"elementor-widget-container\">\n\t\t\t<h5 class=\"elementor-heading-title elementor-size-default\"><a href=\"https:\/\/fealold.feal.hr\/de\/fasadni-sistemi\/\">Fassadensysteme<\/a><\/h5>\t\t<\/div>\n\t\t\t\t<\/div>\n\t\t\t\t\t<\/div>\n\t\t<\/div>\n\t\t\t\t\t<\/div>\n\t\t<\/section>\n\t\t\t\t\t<\/div>\n\t\t<\/div>\n\t\t\t\t\t<\/div>\n\t\t<\/section>\n\t\t\t\t<section class=\"elementor-section elementor-top-section elementor-element elementor-element-34bb3c7 elementor-section-boxed elementor-section-height-default elementor-section-height-default\" data-id=\"34bb3c7\" data-element_type=\"section\">\n\t\t\t\t\t\t<div class=\"elementor-container elementor-column-gap-default\">\n\t\t\t\t\t<div class=\"elementor-column elementor-col-100 elementor-top-column elementor-element elementor-element-449511b\" data-id=\"449511b\" data-element_type=\"column\">\n\t\t\t<div class=\"elementor-widget-wrap elementor-element-populated\">\n\t\t\t\t\t\t<div class=\"elementor-element elementor-element-26e1fea elementor-widget elementor-widget-spacer\" data-id=\"26e1fea\" data-element_type=\"widget\" data-widget_type=\"spacer.default\">\n\t\t\t\t<div class=\"elementor-widget-container\">\n\t\t\t\t\t<div class=\"elementor-spacer\">\n\t\t\t<div class=\"elementor-spacer-inner\"><\/div>\n\t\t<\/div>\n\t\t\t\t<\/div>\n\t\t\t\t<\/div>\n\t\t\t\t\t<\/div>\n\t\t<\/div>\n\t\t\t\t\t<\/div>\n\t\t<\/section>\n\t\t\t\t<\/div>","protected":false},"excerpt":{"rendered":"<p>&lt; Povratak na solarnu energiju FNE-1100 Opis Download Opis Tr\u017ei\u0161te solarne energije je u vremenu dinami\u010dnih promjena. Sve br\u017ei razvoj fotonaponskih sustava, te njihova implementacija zahtjeva jednostavnu i prilagodljivu potkonstrukciju. FEAL FNE 1100 sistem sadr\u017eava aluminijsku potkonstrukciju dizajniranu za stvaranje modularnih potpornih struktura s mogu\u0107no\u0161\u0107u postavljanja na krovove obiteljskih ku\u0107a za rali\u010dite vrste konvencionalnih pokrova. &hellip;<\/p>\n<p class=\"read-more\"> <a class=\"\" href=\"https:\/\/fealold.feal.hr\/de\/fne-1100\/\"> <span class=\"screen-reader-text\">FNE 1100<\/span> Weiterlesen &raquo;<\/a><\/p>","protected":false},"author":4,"featured_media":0,"parent":0,"menu_order":0,"comment_status":"closed","ping_status":"closed","template":"","meta":{"footnotes":""},"tags":[],"class_list":["post-7494","page","type-page","status-publish","hentry"],"_links":{"self":[{"href":"https:\/\/fealold.feal.hr\/de\/wp-json\/wp\/v2\/pages\/7494","targetHints":{"allow":["GET"]}}],"collection":[{"href":"https:\/\/fealold.feal.hr\/de\/wp-json\/wp\/v2\/pages"}],"about":[{"href":"https:\/\/fealold.feal.hr\/de\/wp-json\/wp\/v2\/types\/page"}],"author":[{"embeddable":true,"href":"https:\/\/fealold.feal.hr\/de\/wp-json\/wp\/v2\/users\/4"}],"replies":[{"embeddable":true,"href":"https:\/\/fealold.feal.hr\/de\/wp-json\/wp\/v2\/comments?post=7494"}],"version-history":[{"count":31,"href":"https:\/\/fealold.feal.hr\/de\/wp-json\/wp\/v2\/pages\/7494\/revisions"}],"predecessor-version":[{"id":9468,"href":"https:\/\/fealold.feal.hr\/de\/wp-json\/wp\/v2\/pages\/7494\/revisions\/9468"}],"wp:attachment":[{"href":"https:\/\/fealold.feal.hr\/de\/wp-json\/wp\/v2\/media?parent=7494"}],"wp:term":[{"taxonomy":"post_tag","embeddable":true,"href":"https:\/\/fealold.feal.hr\/de\/wp-json\/wp\/v2\/tags?post=7494"}],"curies":[{"name":"wp","href":"https:\/\/api.w.org\/{rel}","templated":true}]}}