{"id":7863,"date":"2022-12-05T09:56:15","date_gmt":"2022-12-05T09:56:15","guid":{"rendered":"https:\/\/fealold.feal.hr\/?page_id=7863"},"modified":"2022-12-05T10:16:49","modified_gmt":"2022-12-05T10:16:49","slug":"treca-generacija-stipendista","status":"publish","type":"page","link":"https:\/\/fealold.feal.hr\/de\/treca-generacija-stipendista\/","title":{"rendered":"Vijest: Tre\u0107a generacija stipendista"},"content":{"rendered":"<div data-elementor-type=\"wp-page\" data-elementor-id=\"7863\" class=\"elementor elementor-7863\" data-elementor-post-type=\"page\">\n\t\t\t\t\t\t<section class=\"elementor-section elementor-top-section elementor-element elementor-element-25ae090 elementor-section-boxed elementor-section-height-default elementor-section-height-default\" data-id=\"25ae090\" data-element_type=\"section\">\n\t\t\t\t\t\t<div class=\"elementor-container elementor-column-gap-default\">\n\t\t\t\t\t<div class=\"elementor-column elementor-col-100 elementor-top-column elementor-element elementor-element-3a67ae9\" data-id=\"3a67ae9\" data-element_type=\"column\">\n\t\t\t<div class=\"elementor-widget-wrap elementor-element-populated\">\n\t\t\t\t\t\t<div class=\"elementor-element elementor-element-fe78ddc elementor-widget elementor-widget-heading\" data-id=\"fe78ddc\" data-element_type=\"widget\" data-widget_type=\"heading.default\">\n\t\t\t\t<div class=\"elementor-widget-container\">\n\t\t\t<h3 class=\"elementor-heading-title elementor-size-default\">Stipendien, die an die dritte Generation von FEAL-Stipendiaten vergeben werden<\/h3>\t\t<\/div>\n\t\t\t\t<\/div>\n\t\t\t\t\t<\/div>\n\t\t<\/div>\n\t\t\t\t\t<\/div>\n\t\t<\/section>\n\t\t\t\t<section class=\"elementor-section elementor-top-section elementor-element elementor-element-f19cbda elementor-section-boxed elementor-section-height-default elementor-section-height-default\" data-id=\"f19cbda\" data-element_type=\"section\">\n\t\t\t\t\t\t<div class=\"elementor-container elementor-column-gap-default\">\n\t\t\t\t\t<div class=\"elementor-column elementor-col-100 elementor-top-column elementor-element elementor-element-5a48f8e\" data-id=\"5a48f8e\" data-element_type=\"column\">\n\t\t\t<div class=\"elementor-widget-wrap elementor-element-populated\">\n\t\t\t\t\t\t<div class=\"elementor-element elementor-element-8d92c04 elementor-widget elementor-widget-text-editor\" data-id=\"8d92c04\" data-element_type=\"widget\" data-widget_type=\"text-editor.default\">\n\t\t\t\t<div class=\"elementor-widget-container\">\n\t\t\t\t\t\t\t<p><em>05.12.2022.<\/em><\/p>\t\t\t\t\t\t<\/div>\n\t\t\t\t<\/div>\n\t\t\t\t\t<\/div>\n\t\t<\/div>\n\t\t\t\t\t<\/div>\n\t\t<\/section>\n\t\t\t\t<section class=\"elementor-section elementor-top-section elementor-element elementor-element-7400451 elementor-section-boxed elementor-section-height-default elementor-section-height-default\" data-id=\"7400451\" data-element_type=\"section\">\n\t\t\t\t\t\t<div class=\"elementor-container elementor-column-gap-default\">\n\t\t\t\t\t<div class=\"elementor-column elementor-col-100 elementor-top-column elementor-element elementor-element-8b4f851\" data-id=\"8b4f851\" data-element_type=\"column\">\n\t\t\t<div class=\"elementor-widget-wrap elementor-element-populated\">\n\t\t\t\t\t\t<div class=\"elementor-element elementor-element-b0ab149 elementor-widget elementor-widget-image\" data-id=\"b0ab149\" data-element_type=\"widget\" data-widget_type=\"image.default\">\n\t\t\t\t<div class=\"elementor-widget-container\">\n\t\t\t\t\t\t\t\t\t\t\t\t\t<img fetchpriority=\"high\" decoding=\"async\" width=\"1200\" height=\"400\" src=\"https:\/\/fealold.feal.hr\/wp-content\/uploads\/2022\/12\/FEAL-stipendisti-2022-01.jpg\" class=\"attachment-full size-full wp-image-7865\" alt=\"\" srcset=\"https:\/\/fealold.feal.hr\/wp-content\/uploads\/2022\/12\/FEAL-stipendisti-2022-01.jpg 1200w, https:\/\/fealold.feal.hr\/wp-content\/uploads\/2022\/12\/FEAL-stipendisti-2022-01-300x100.jpg 300w, https:\/\/fealold.feal.hr\/wp-content\/uploads\/2022\/12\/FEAL-stipendisti-2022-01-1024x341.jpg 1024w, https:\/\/fealold.feal.hr\/wp-content\/uploads\/2022\/12\/FEAL-stipendisti-2022-01-768x256.jpg 768w, https:\/\/fealold.feal.hr\/wp-content\/uploads\/2022\/12\/FEAL-stipendisti-2022-01-18x6.jpg 18w\" sizes=\"(max-width: 1200px) 100vw, 1200px\" \/>\t\t\t\t\t\t\t\t\t\t\t\t\t<\/div>\n\t\t\t\t<\/div>\n\t\t\t\t\t<\/div>\n\t\t<\/div>\n\t\t\t\t\t<\/div>\n\t\t<\/section>\n\t\t\t\t<section class=\"elementor-section elementor-top-section elementor-element elementor-element-946ab24 elementor-section-boxed elementor-section-height-default elementor-section-height-default elementor-invisible\" data-id=\"946ab24\" data-element_type=\"section\" data-settings=\"{&quot;animation&quot;:&quot;fadeIn&quot;}\">\n\t\t\t\t\t\t<div class=\"elementor-container elementor-column-gap-default\">\n\t\t\t\t\t<div class=\"elementor-column elementor-col-100 elementor-top-column elementor-element elementor-element-0809348\" data-id=\"0809348\" data-element_type=\"column\">\n\t\t\t<div class=\"elementor-widget-wrap elementor-element-populated\">\n\t\t\t\t\t\t<div class=\"elementor-element elementor-element-9aebf60 elementor-widget elementor-widget-text-editor\" data-id=\"9aebf60\" data-element_type=\"widget\" data-widget_type=\"text-editor.default\">\n\t\t\t\t<div class=\"elementor-widget-container\">\n\t\t\t\t\t\t\t<p>Bei der Unterzeichnung der Stipendienvergabe an die zweite Generation unserer Stipendiaten haben wir angek\u00fcndigt, dass wir unsere Praxis der Unterst\u00fctzung talentierter und flei\u00dfiger Studenten fortsetzen werden. An diesem Samstag haben wir mit der dritten Generation unserer Stipendiatinnen und Stipendiaten in den R\u00e4umlichkeiten der Firma FEAL abgehangen und umgesetzt, was wir angek\u00fcndigt hatten.<\/p>\t\t\t\t\t\t<\/div>\n\t\t\t\t<\/div>\n\t\t\t\t\t<\/div>\n\t\t<\/div>\n\t\t\t\t\t<\/div>\n\t\t<\/section>\n\t\t\t\t<section class=\"elementor-section elementor-top-section elementor-element elementor-element-c749ef8 elementor-section-boxed elementor-section-height-default elementor-section-height-default\" data-id=\"c749ef8\" data-element_type=\"section\">\n\t\t\t\t\t\t<div class=\"elementor-container elementor-column-gap-default\">\n\t\t\t\t\t<div class=\"elementor-column elementor-col-50 elementor-top-column elementor-element elementor-element-b40597d\" data-id=\"b40597d\" data-element_type=\"column\">\n\t\t\t<div class=\"elementor-widget-wrap elementor-element-populated\">\n\t\t\t\t\t\t<div class=\"elementor-element elementor-element-b3a7c98 elementor-widget elementor-widget-text-editor\" data-id=\"b3a7c98\" data-element_type=\"widget\" data-widget_type=\"text-editor.default\">\n\t\t\t\t<div class=\"elementor-widget-container\">\n\t\t\t\t\t\t\t<p>Der Stipendienwettbewerb f\u00fcr die dritte Stipendiatengeneration wurde am 23. September 2022 ausgeschrieben. Jahr f\u00fcr Studierende der Studieng\u00e4nge Maschinenbau, Elektrotechnik, Informatik, Informatik, Architektur, Bauwesen, Industriedesign und Wirtschaftswissenschaften<\/p><p>Aus knapp hundert eingegangenen Bewerbungen haben wir nach mehrt\u00e4giger Pr\u00fcfung in mehreren Runden die 10 besten Studierenden verschiedener Fakult\u00e4ten ausgew\u00e4hlt. Die diesj\u00e4hrigen Stipendiaten sind Studierende der Fachrichtungen: Maschinenbau, Architektur, Elektrotechnik und Wirtschaftswissenschaften.<\/p><p>Am Samstag hatten wir in unseren R\u00e4umlichkeiten eine besondere Zusammenkunft und Stipendienvergabe an unsere dritte Generation von Stipendiatinnen und Stipendiaten. Bei dieser Gelegenheit lernten unsere Stipendiatinnen und Stipendiaten die Arbeitsweise der Firma FEAL sowie der gesamten FEAL-Gruppe n\u00e4her kennen.<\/p>\t\t\t\t\t\t<\/div>\n\t\t\t\t<\/div>\n\t\t\t\t\t<\/div>\n\t\t<\/div>\n\t\t\t\t<div class=\"elementor-column elementor-col-50 elementor-top-column elementor-element elementor-element-dee855b\" data-id=\"dee855b\" data-element_type=\"column\">\n\t\t\t<div class=\"elementor-widget-wrap elementor-element-populated\">\n\t\t\t\t\t\t<div class=\"elementor-element elementor-element-221d089 elementor--h-position-center elementor--v-position-middle elementor-arrows-position-inside elementor-pagination-position-inside elementor-widget elementor-widget-slides\" data-id=\"221d089\" data-element_type=\"widget\" data-settings=\"{&quot;navigation&quot;:&quot;both&quot;,&quot;autoplay&quot;:&quot;yes&quot;,&quot;pause_on_hover&quot;:&quot;yes&quot;,&quot;pause_on_interaction&quot;:&quot;yes&quot;,&quot;autoplay_speed&quot;:5000,&quot;infinite&quot;:&quot;yes&quot;,&quot;transition&quot;:&quot;slide&quot;,&quot;transition_speed&quot;:500}\" data-widget_type=\"slides.default\">\n\t\t\t\t<div class=\"elementor-widget-container\">\n\t\t\t\t\t<div class=\"elementor-swiper\">\n\t\t\t<div class=\"elementor-slides-wrapper elementor-main-swiper swiper\" dir=\"ltr\" data-animation=\"fadeInUp\">\n\t\t\t\t<div class=\"swiper-wrapper elementor-slides\">\n\t\t\t\t\t\t\t\t\t\t<div class=\"elementor-repeater-item-0587180 swiper-slide\"><div class=\"swiper-slide-bg\" role=\"img\"><\/div><div class=\"swiper-slide-inner\" ><div class=\"swiper-slide-contents\"><\/div><\/div><\/div><div class=\"elementor-repeater-item-2060071 swiper-slide\"><div class=\"swiper-slide-bg\" role=\"img\"><\/div><div class=\"swiper-slide-inner\" ><div class=\"swiper-slide-contents\"><\/div><\/div><\/div><div class=\"elementor-repeater-item-e770f59 swiper-slide\"><div class=\"swiper-slide-bg\" role=\"img\"><\/div><div class=\"swiper-slide-inner\" ><div class=\"swiper-slide-contents\"><\/div><\/div><\/div><div class=\"elementor-repeater-item-b78536c swiper-slide\"><div class=\"swiper-slide-bg\" role=\"img\"><\/div><div class=\"swiper-slide-inner\" ><div class=\"swiper-slide-contents\"><\/div><\/div><\/div><div class=\"elementor-repeater-item-7634628 swiper-slide\"><div class=\"swiper-slide-bg\" role=\"img\"><\/div><div class=\"swiper-slide-inner\" ><div class=\"swiper-slide-contents\"><\/div><\/div><\/div><div class=\"elementor-repeater-item-bf6c8bd swiper-slide\"><div class=\"swiper-slide-bg\" role=\"img\"><\/div><div class=\"swiper-slide-inner\" ><div class=\"swiper-slide-contents\"><\/div><\/div><\/div><div class=\"elementor-repeater-item-c5c8842 swiper-slide\"><div class=\"swiper-slide-bg\" role=\"img\"><\/div><div class=\"swiper-slide-inner\" ><div class=\"swiper-slide-contents\"><\/div><\/div><\/div><div class=\"elementor-repeater-item-6067ce0 swiper-slide\"><div class=\"swiper-slide-bg\" role=\"img\"><\/div><div class=\"swiper-slide-inner\" ><div class=\"swiper-slide-contents\"><\/div><\/div><\/div><div class=\"elementor-repeater-item-4a4963b swiper-slide\"><div class=\"swiper-slide-bg\" role=\"img\"><\/div><div class=\"swiper-slide-inner\" ><div class=\"swiper-slide-contents\"><\/div><\/div><\/div>\t\t\t\t<\/div>\n\t\t\t\t\t\t\t\t\t\t\t\t\t\t\t<div class=\"swiper-pagination\"><\/div>\n\t\t\t\t\t\t\t\t\t\t\t\t\t\t\t\t<div class=\"elementor-swiper-button elementor-swiper-button-prev\" role=\"button\" tabindex=\"0\">\n\t\t\t\t\t\t\t<i aria-hidden=\"true\" class=\"eicon-chevron-left\"><\/i>\t\t\t\t\t\t\t<span class=\"elementor-screen-only\">Previous slide<\/span>\n\t\t\t\t\t\t<\/div>\n\t\t\t\t\t\t<div class=\"elementor-swiper-button elementor-swiper-button-next\" role=\"button\" tabindex=\"0\">\n\t\t\t\t\t\t\t<i aria-hidden=\"true\" class=\"eicon-chevron-right\"><\/i>\t\t\t\t\t\t\t<span class=\"elementor-screen-only\">Next slide<\/span>\n\t\t\t\t\t\t<\/div>\n\t\t\t\t\t\t\t\t\t\t\t\t<\/div>\n\t\t<\/div>\n\t\t\t\t<\/div>\n\t\t\t\t<\/div>\n\t\t\t\t\t<\/div>\n\t\t<\/div>\n\t\t\t\t\t<\/div>\n\t\t<\/section>\n\t\t\t\t<section class=\"elementor-section elementor-top-section elementor-element elementor-element-3e2c142 elementor-section-boxed elementor-section-height-default elementor-section-height-default elementor-invisible\" data-id=\"3e2c142\" data-element_type=\"section\" data-settings=\"{&quot;animation&quot;:&quot;fadeIn&quot;}\">\n\t\t\t\t\t\t<div class=\"elementor-container elementor-column-gap-default\">\n\t\t\t\t\t<div class=\"elementor-column elementor-col-100 elementor-top-column elementor-element elementor-element-9de6d75\" data-id=\"9de6d75\" data-element_type=\"column\">\n\t\t\t<div class=\"elementor-widget-wrap elementor-element-populated\">\n\t\t\t\t\t\t<div class=\"elementor-element elementor-element-dd6f76f elementor-widget elementor-widget-text-editor\" data-id=\"dd6f76f\" data-element_type=\"widget\" data-widget_type=\"text-editor.default\">\n\t\t\t\t<div class=\"elementor-widget-container\">\n\t\t\t\t\t\t\t<p>Unsere Stipendiatinnen und Stipendiaten erhalten gem\u00e4\u00df der unterzeichneten Vereinbarung ein Stipendium in H\u00f6he von 500 KM pro Monat bis zum Ende ihres Studiums und absolvieren eine Berufspraxis und Ausbildung im Unternehmen FEAL.<\/p><p>Das kontinuierliche Ziel der Firma FEAL ist die Besch\u00e4ftigung von jungem, talentiertem, gebildetem und flei\u00dfigem Personal. Durch die Vergabe von Stipendien an Studierende m\u00f6chten wir ihnen helfen und den Studienalltag erleichtern und ihnen gleichzeitig durch die Praxis erm\u00f6glichen, Erfahrungen in der realen Branche zu sammeln. Wir sind davon \u00fcberzeugt, dass sie nach Abschluss ihres Studiums besser vorbereitet und wettbewerbsf\u00e4higer auf dem Arbeitsmarkt sein werden.\u00a0\u00a0<\/p>\t\t\t\t\t\t<\/div>\n\t\t\t\t<\/div>\n\t\t\t\t\t<\/div>\n\t\t<\/div>\n\t\t\t\t\t<\/div>\n\t\t<\/section>\n\t\t\t\t<section class=\"elementor-section elementor-top-section elementor-element elementor-element-2b7bf95 elementor-section-boxed elementor-section-height-default elementor-section-height-default\" data-id=\"2b7bf95\" data-element_type=\"section\">\n\t\t\t\t\t\t<div class=\"elementor-container elementor-column-gap-default\">\n\t\t\t\t\t<div class=\"elementor-column elementor-col-100 elementor-top-column elementor-element elementor-element-024346f\" data-id=\"024346f\" data-element_type=\"column\">\n\t\t\t<div class=\"elementor-widget-wrap elementor-element-populated\">\n\t\t\t\t\t\t<div class=\"elementor-element elementor-element-1e3b7c6 elementor-widget elementor-widget-spacer\" data-id=\"1e3b7c6\" data-element_type=\"widget\" data-widget_type=\"spacer.default\">\n\t\t\t\t<div class=\"elementor-widget-container\">\n\t\t\t\t\t<div class=\"elementor-spacer\">\n\t\t\t<div class=\"elementor-spacer-inner\"><\/div>\n\t\t<\/div>\n\t\t\t\t<\/div>\n\t\t\t\t<\/div>\n\t\t\t\t<div class=\"elementor-element elementor-element-8af20f2 elementor-widget elementor-widget-heading\" data-id=\"8af20f2\" data-element_type=\"widget\" data-widget_type=\"heading.default\">\n\t\t\t\t<div class=\"elementor-widget-container\">\n\t\t\t<h3 class=\"elementor-heading-title elementor-size-default\">Weiterlesen:<\/h3>\t\t<\/div>\n\t\t\t\t<\/div>\n\t\t\t\t<div class=\"elementor-element elementor-element-2dedd57 elementor-widget-divider--view-line elementor-widget elementor-widget-divider\" data-id=\"2dedd57\" data-element_type=\"widget\" data-widget_type=\"divider.default\">\n\t\t\t\t<div class=\"elementor-widget-container\">\n\t\t\t\t\t<div class=\"elementor-divider\">\n\t\t\t<span class=\"elementor-divider-separator\">\n\t\t\t\t\t\t<\/span>\n\t\t<\/div>\n\t\t\t\t<\/div>\n\t\t\t\t<\/div>\n\t\t\t\t<section class=\"elementor-section elementor-inner-section elementor-element elementor-element-9a6a927 elementor-section-full_width elementor-section-height-default elementor-section-height-default\" data-id=\"9a6a927\" data-element_type=\"section\">\n\t\t\t\t\t\t<div class=\"elementor-container elementor-column-gap-no\">\n\t\t\t\t\t<div class=\"elementor-column elementor-col-33 elementor-inner-column elementor-element elementor-element-bb2c821\" data-id=\"bb2c821\" data-element_type=\"column\">\n\t\t\t<div class=\"elementor-widget-wrap elementor-element-populated\">\n\t\t\t\t\t\t<div class=\"elementor-element elementor-element-13d7ee6 elementor-widget elementor-widget-image\" data-id=\"13d7ee6\" data-element_type=\"widget\" data-widget_type=\"image.default\">\n\t\t\t\t<div class=\"elementor-widget-container\">\n\t\t\t\t\t\t\t\t\t\t\t\t\t\t<a href=\"https:\/\/fealold.feal.hr\/de\/vijest-zeleni-aluminij\/\">\n\t\t\t\t\t\t\t<img decoding=\"async\" width=\"500\" height=\"327\" src=\"https:\/\/fealold.feal.hr\/wp-content\/uploads\/2021\/08\/zeleni-alu-th-1.jpg\" class=\"attachment-full size-full wp-image-6562\" alt=\"\" srcset=\"https:\/\/fealold.feal.hr\/wp-content\/uploads\/2021\/08\/zeleni-alu-th-1.jpg 500w, https:\/\/fealold.feal.hr\/wp-content\/uploads\/2021\/08\/zeleni-alu-th-1-300x196.jpg 300w, https:\/\/fealold.feal.hr\/wp-content\/uploads\/2021\/08\/zeleni-alu-th-1-18x12.jpg 18w\" sizes=\"(max-width: 500px) 100vw, 500px\" \/>\t\t\t\t\t\t\t\t<\/a>\n\t\t\t\t\t\t\t\t\t\t\t\t\t<\/div>\n\t\t\t\t<\/div>\n\t\t\t\t<div class=\"elementor-element elementor-element-d05e74f elementor-widget elementor-widget-heading\" data-id=\"d05e74f\" data-element_type=\"widget\" data-widget_type=\"heading.default\">\n\t\t\t\t<div class=\"elementor-widget-container\">\n\t\t\t<h5 class=\"elementor-heading-title elementor-size-default\"><a href=\"https:\/\/fealold.feal.hr\/de\/vijest-zeleni-aluminij\/\"><i>Gr\u00fcnes Aluminium<\/i> - Erneuerbare Energiequellen bei der Aluminiumerzeugung<\/a><\/h5>\t\t<\/div>\n\t\t\t\t<\/div>\n\t\t\t\t<div class=\"elementor-element elementor-element-91308ea elementor-widget elementor-widget-text-editor\" data-id=\"91308ea\" data-element_type=\"widget\" data-widget_type=\"text-editor.default\">\n\t\t\t\t<div class=\"elementor-widget-container\">\n\t\t\t\t\t\t\tIm Bewusstsein, dass die Zukunft neue energetische Herausforderungen mit sich bringt investiert FEAL ebenso in moderne Technologien.\t\t\t\t\t\t<\/div>\n\t\t\t\t<\/div>\n\t\t\t\t<div class=\"elementor-element elementor-element-b14003e elementor-align-left elementor-widget elementor-widget-button\" data-id=\"b14003e\" data-element_type=\"widget\" data-widget_type=\"button.default\">\n\t\t\t\t<div class=\"elementor-widget-container\">\n\t\t\t\t\t<div class=\"elementor-button-wrapper\">\n\t\t\t<a class=\"elementor-button elementor-button-link elementor-size-md\" href=\"https:\/\/fealold.feal.hr\/de\/vijest-zeleni-aluminij\/\">\n\t\t\t\t\t\t<span class=\"elementor-button-content-wrapper\">\n\t\t\t\t\t\t<span class=\"elementor-button-icon\">\n\t\t\t\t<i aria-hidden=\"true\" class=\"fas fa-angle-double-right\"><\/i>\t\t\t<\/span>\n\t\t\t\t\t\t\t\t\t<span class=\"elementor-button-text\">Weiterlesen<\/span>\n\t\t\t\t\t<\/span>\n\t\t\t\t\t<\/a>\n\t\t<\/div>\n\t\t\t\t<\/div>\n\t\t\t\t<\/div>\n\t\t\t\t\t<\/div>\n\t\t<\/div>\n\t\t\t\t<div class=\"elementor-column elementor-col-33 elementor-inner-column elementor-element elementor-element-e389258\" data-id=\"e389258\" data-element_type=\"column\">\n\t\t\t<div class=\"elementor-widget-wrap elementor-element-populated\">\n\t\t\t\t\t\t<div class=\"elementor-element elementor-element-16f2448 elementor-widget elementor-widget-image\" data-id=\"16f2448\" data-element_type=\"widget\" data-widget_type=\"image.default\">\n\t\t\t\t<div class=\"elementor-widget-container\">\n\t\t\t\t\t\t\t\t\t\t\t\t\t\t<a href=\"https:\/\/fealold.feal.hr\/de\/vijest-dani-arhitekture-u-vrijeme-ubrzane-digitalizacije\/\">\n\t\t\t\t\t\t\t<img decoding=\"async\" width=\"500\" height=\"330\" src=\"https:\/\/fealold.feal.hr\/wp-content\/uploads\/2021\/09\/Arhitekti-02.jpg\" class=\"attachment-full size-full wp-image-6659\" alt=\"\" srcset=\"https:\/\/fealold.feal.hr\/wp-content\/uploads\/2021\/09\/Arhitekti-02.jpg 500w, https:\/\/fealold.feal.hr\/wp-content\/uploads\/2021\/09\/Arhitekti-02-300x198.jpg 300w, https:\/\/fealold.feal.hr\/wp-content\/uploads\/2021\/09\/Arhitekti-02-18x12.jpg 18w\" sizes=\"(max-width: 500px) 100vw, 500px\" \/>\t\t\t\t\t\t\t\t<\/a>\n\t\t\t\t\t\t\t\t\t\t\t\t\t<\/div>\n\t\t\t\t<\/div>\n\t\t\t\t<div class=\"elementor-element elementor-element-220c0da elementor-widget elementor-widget-heading\" data-id=\"220c0da\" data-element_type=\"widget\" data-widget_type=\"heading.default\">\n\t\t\t\t<div class=\"elementor-widget-container\">\n\t\t\t<h5 class=\"elementor-heading-title elementor-size-default\"><a href=\"https:\/\/fealold.feal.hr\/de\/vijest-dani-arhitekture-u-vrijeme-ubrzane-digitalizacije\/\">Die Architekturtage in der Zeit beschleunigter Digitalisierung<\/a><\/h5>\t\t<\/div>\n\t\t\t\t<\/div>\n\t\t\t\t<div class=\"elementor-element elementor-element-b5b81b0 elementor-widget elementor-widget-text-editor\" data-id=\"b5b81b0\" data-element_type=\"widget\" data-widget_type=\"text-editor.default\">\n\t\t\t\t<div class=\"elementor-widget-container\">\n\t\t\t\t\t\t\tDie Architekturtage stellen eine der gr\u00f6\u00dften Veranstaltungen im Bereich Architektur in Bosnien und Herzegowina dar.  Es freut uns sehr, dass wir auch in diesem Jahr der \u201eGold-Sponsor\u201c dieser dreit\u00e4gigen Veranstaltung  sein d\u00fcrften.\t\t\t\t\t\t<\/div>\n\t\t\t\t<\/div>\n\t\t\t\t<div class=\"elementor-element elementor-element-cb3d56b elementor-align-left elementor-widget elementor-widget-button\" data-id=\"cb3d56b\" data-element_type=\"widget\" data-widget_type=\"button.default\">\n\t\t\t\t<div class=\"elementor-widget-container\">\n\t\t\t\t\t<div class=\"elementor-button-wrapper\">\n\t\t\t<a class=\"elementor-button elementor-button-link elementor-size-md\" href=\"https:\/\/fealold.feal.hr\/de\/vijest-dani-arhitekture-u-vrijeme-ubrzane-digitalizacije\/\">\n\t\t\t\t\t\t<span class=\"elementor-button-content-wrapper\">\n\t\t\t\t\t\t<span class=\"elementor-button-icon\">\n\t\t\t\t<i aria-hidden=\"true\" class=\"fas fa-angle-double-right\"><\/i>\t\t\t<\/span>\n\t\t\t\t\t\t\t\t\t<span class=\"elementor-button-text\">Weiterlesen<\/span>\n\t\t\t\t\t<\/span>\n\t\t\t\t\t<\/a>\n\t\t<\/div>\n\t\t\t\t<\/div>\n\t\t\t\t<\/div>\n\t\t\t\t\t<\/div>\n\t\t<\/div>\n\t\t\t\t<div class=\"elementor-column elementor-col-33 elementor-inner-column elementor-element elementor-element-d531a95\" data-id=\"d531a95\" data-element_type=\"column\">\n\t\t\t<div class=\"elementor-widget-wrap elementor-element-populated\">\n\t\t\t\t\t\t<div class=\"elementor-element elementor-element-7371a2d elementor-widget elementor-widget-image\" data-id=\"7371a2d\" data-element_type=\"widget\" data-widget_type=\"image.default\">\n\t\t\t\t<div class=\"elementor-widget-container\">\n\t\t\t\t\t\t\t\t\t\t\t\t\t\t<a href=\"https:\/\/fealold.feal.hr\/de\/vijest-potpisani-ugovori-o-dodjeli-stipendija\/\">\n\t\t\t\t\t\t\t<img loading=\"lazy\" decoding=\"async\" width=\"500\" height=\"327\" src=\"https:\/\/fealold.feal.hr\/wp-content\/uploads\/2021\/02\/thumbnail.jpg\" class=\"attachment-full size-full wp-image-6218\" alt=\"\" srcset=\"https:\/\/fealold.feal.hr\/wp-content\/uploads\/2021\/02\/thumbnail.jpg 500w, https:\/\/fealold.feal.hr\/wp-content\/uploads\/2021\/02\/thumbnail-300x196.jpg 300w, https:\/\/fealold.feal.hr\/wp-content\/uploads\/2021\/02\/thumbnail-16x10.jpg 16w\" sizes=\"(max-width: 500px) 100vw, 500px\" \/>\t\t\t\t\t\t\t\t<\/a>\n\t\t\t\t\t\t\t\t\t\t\t\t\t<\/div>\n\t\t\t\t<\/div>\n\t\t\t\t<div class=\"elementor-element elementor-element-32a0092 elementor-widget elementor-widget-heading\" data-id=\"32a0092\" data-element_type=\"widget\" data-widget_type=\"heading.default\">\n\t\t\t\t<div class=\"elementor-widget-container\">\n\t\t\t<h5 class=\"elementor-heading-title elementor-size-default\"><a href=\"https:\/\/fealold.feal.hr\/de\/vijest-potpisani-ugovori-o-dodjeli-stipendija\/\">Unterzeichnung der Vereinbarung \u00fcber Stipendienprogramm<\/a><\/h5>\t\t<\/div>\n\t\t\t\t<\/div>\n\t\t\t\t<div class=\"elementor-element elementor-element-7d9ccc7 elementor-widget elementor-widget-text-editor\" data-id=\"7d9ccc7\" data-element_type=\"widget\" data-widget_type=\"text-editor.default\">\n\t\t\t\t<div class=\"elementor-widget-container\">\n\t\t\t\t\t\t\tHeute wurde im Headquarter FEAL d.o.o. in Siroki Brijeg die Vereinbarung \u00fcber Stipendienprogramm mit zehn Studenten der Fakult\u00e4t f\u00fcr Maschinenbau, Elektrotechnik, Informatik und Architektur unterzeichnet \t\t\t\t\t\t<\/div>\n\t\t\t\t<\/div>\n\t\t\t\t<div class=\"elementor-element elementor-element-92aad9b elementor-align-left elementor-widget elementor-widget-button\" data-id=\"92aad9b\" data-element_type=\"widget\" data-widget_type=\"button.default\">\n\t\t\t\t<div class=\"elementor-widget-container\">\n\t\t\t\t\t<div class=\"elementor-button-wrapper\">\n\t\t\t<a class=\"elementor-button elementor-button-link elementor-size-md\" href=\"https:\/\/fealold.feal.hr\/de\/vijest-potpisani-ugovori-o-dodjeli-stipendija\/\">\n\t\t\t\t\t\t<span class=\"elementor-button-content-wrapper\">\n\t\t\t\t\t\t<span class=\"elementor-button-icon\">\n\t\t\t\t<i aria-hidden=\"true\" class=\"fas fa-angle-double-right\"><\/i>\t\t\t<\/span>\n\t\t\t\t\t\t\t\t\t<span class=\"elementor-button-text\">Weiterlesen<\/span>\n\t\t\t\t\t<\/span>\n\t\t\t\t\t<\/a>\n\t\t<\/div>\n\t\t\t\t<\/div>\n\t\t\t\t<\/div>\n\t\t\t\t\t<\/div>\n\t\t<\/div>\n\t\t\t\t\t<\/div>\n\t\t<\/section>\n\t\t\t\t\t<\/div>\n\t\t<\/div>\n\t\t\t\t\t<\/div>\n\t\t<\/section>\n\t\t\t\t<\/div>","protected":false},"excerpt":{"rendered":"<p>Dodijeljene stipendije tre\u0107oj generaciji FEAL-ovih stipendista 05.12.2022. Pri potpisivanju dodjele stipendija drugoj generaciji na\u0161ih stipendista najavili smo da \u0107emo nastaviti ovu na\u0161u praksu pomo\u0107i talentiranim i vrijednim studentima. Ove subote smo se u prostorijama tvrtke FEAL dru\u017eili s tre\u0107om generacijom na\u0161ih stipendista i realizirali najavljeno. Natje\u010daj o dodjeli stipendija za tre\u0107u generaciju stipendista raspisan je &hellip;<\/p>\n<p class=\"read-more\"> <a class=\"\" href=\"https:\/\/fealold.feal.hr\/de\/treca-generacija-stipendista\/\"> <span class=\"screen-reader-text\">Vijest: Tre\u0107a generacija stipendista<\/span> Weiterlesen &raquo;<\/a><\/p>","protected":false},"author":4,"featured_media":0,"parent":0,"menu_order":0,"comment_status":"closed","ping_status":"closed","template":"","meta":{"footnotes":""},"tags":[],"class_list":["post-7863","page","type-page","status-publish","hentry"],"_links":{"self":[{"href":"https:\/\/fealold.feal.hr\/de\/wp-json\/wp\/v2\/pages\/7863","targetHints":{"allow":["GET"]}}],"collection":[{"href":"https:\/\/fealold.feal.hr\/de\/wp-json\/wp\/v2\/pages"}],"about":[{"href":"https:\/\/fealold.feal.hr\/de\/wp-json\/wp\/v2\/types\/page"}],"author":[{"embeddable":true,"href":"https:\/\/fealold.feal.hr\/de\/wp-json\/wp\/v2\/users\/4"}],"replies":[{"embeddable":true,"href":"https:\/\/fealold.feal.hr\/de\/wp-json\/wp\/v2\/comments?post=7863"}],"version-history":[{"count":8,"href":"https:\/\/fealold.feal.hr\/de\/wp-json\/wp\/v2\/pages\/7863\/revisions"}],"predecessor-version":[{"id":7886,"href":"https:\/\/fealold.feal.hr\/de\/wp-json\/wp\/v2\/pages\/7863\/revisions\/7886"}],"wp:attachment":[{"href":"https:\/\/fealold.feal.hr\/de\/wp-json\/wp\/v2\/media?parent=7863"}],"wp:term":[{"taxonomy":"post_tag","embeddable":true,"href":"https:\/\/fealold.feal.hr\/de\/wp-json\/wp\/v2\/tags?post=7863"}],"curies":[{"name":"wp","href":"https:\/\/api.w.org\/{rel}","templated":true}]}}