{"id":8523,"date":"2023-10-07T06:13:04","date_gmt":"2023-10-07T06:13:04","guid":{"rendered":"https:\/\/fealold.feal.hr\/?page_id=8523"},"modified":"2023-10-07T07:36:16","modified_gmt":"2023-10-07T07:36:16","slug":"feal-novi-clan-njemacke-udruge-za-zastitu-od-buke-dvlv","status":"publish","type":"page","link":"https:\/\/fealold.feal.hr\/de\/feal-novi-clan-njemacke-udruge-za-zastitu-od-buke-dvlv\/","title":{"rendered":"FEAL novi \u010dlan njema\u010dke Udruge za za\u0161titu od buke DVLV"},"content":{"rendered":"<div data-elementor-type=\"wp-page\" data-elementor-id=\"8523\" class=\"elementor elementor-8523\" data-elementor-post-type=\"page\">\n\t\t\t\t\t\t<section class=\"elementor-section elementor-top-section elementor-element elementor-element-ca668d1 elementor-hidden-tablet elementor-hidden-phone elementor-section-boxed elementor-section-height-default elementor-section-height-default\" data-id=\"ca668d1\" data-element_type=\"section\" data-settings=\"{&quot;background_background&quot;:&quot;classic&quot;}\">\n\t\t\t\t\t\t<div class=\"elementor-container elementor-column-gap-default\">\n\t\t\t\t\t<div class=\"elementor-column elementor-col-100 elementor-top-column elementor-element elementor-element-9edc3d7\" data-id=\"9edc3d7\" data-element_type=\"column\">\n\t\t\t<div class=\"elementor-widget-wrap elementor-element-populated\">\n\t\t\t\t\t\t<div class=\"elementor-element elementor-element-423fa62 elementor-widget elementor-widget-heading\" data-id=\"423fa62\" data-element_type=\"widget\" data-widget_type=\"heading.default\">\n\t\t\t\t<div class=\"elementor-widget-container\">\n\t\t\t<h6 class=\"elementor-heading-title elementor-size-default\"><a href=\"https:\/\/fealold.feal.hr\/de\/vijesti\/\">&lt; News<\/a><\/h6>\t\t<\/div>\n\t\t\t\t<\/div>\n\t\t\t\t\t<\/div>\n\t\t<\/div>\n\t\t\t\t\t<\/div>\n\t\t<\/section>\n\t\t\t\t<section class=\"elementor-section elementor-top-section elementor-element elementor-element-bda493b elementor-section-boxed elementor-section-height-default elementor-section-height-default\" data-id=\"bda493b\" data-element_type=\"section\">\n\t\t\t\t\t\t<div class=\"elementor-container elementor-column-gap-default\">\n\t\t\t\t\t<div class=\"elementor-column elementor-col-100 elementor-top-column elementor-element elementor-element-9a33620\" data-id=\"9a33620\" data-element_type=\"column\">\n\t\t\t<div class=\"elementor-widget-wrap elementor-element-populated\">\n\t\t\t\t\t\t<div class=\"elementor-element elementor-element-629fa28 elementor-widget elementor-widget-heading\" data-id=\"629fa28\" data-element_type=\"widget\" data-widget_type=\"heading.default\">\n\t\t\t\t<div class=\"elementor-widget-container\">\n\t\t\t<h3 class=\"elementor-heading-title elementor-size-default\">FEAL ist neues Mitglied der DVLV<\/h3>\t\t<\/div>\n\t\t\t\t<\/div>\n\t\t\t\t\t<\/div>\n\t\t<\/div>\n\t\t\t\t\t<\/div>\n\t\t<\/section>\n\t\t\t\t<section class=\"elementor-section elementor-top-section elementor-element elementor-element-5e0db38 elementor-section-boxed elementor-section-height-default elementor-section-height-default\" data-id=\"5e0db38\" data-element_type=\"section\">\n\t\t\t\t\t\t<div class=\"elementor-container elementor-column-gap-default\">\n\t\t\t\t\t<div class=\"elementor-column elementor-col-100 elementor-top-column elementor-element elementor-element-cced4cd\" data-id=\"cced4cd\" data-element_type=\"column\">\n\t\t\t<div class=\"elementor-widget-wrap elementor-element-populated\">\n\t\t\t\t\t\t<div class=\"elementor-element elementor-element-bb95685 elementor-widget elementor-widget-text-editor\" data-id=\"bb95685\" data-element_type=\"widget\" data-widget_type=\"text-editor.default\">\n\t\t\t\t<div class=\"elementor-widget-container\">\n\t\t\t\t\t\t\t07.10.2023.\t\t\t\t\t\t<\/div>\n\t\t\t\t<\/div>\n\t\t\t\t\t<\/div>\n\t\t<\/div>\n\t\t\t\t\t<\/div>\n\t\t<\/section>\n\t\t\t\t<section class=\"elementor-section elementor-top-section elementor-element elementor-element-a0c6a1b elementor-section-boxed elementor-section-height-default elementor-section-height-default\" data-id=\"a0c6a1b\" data-element_type=\"section\">\n\t\t\t\t\t\t<div class=\"elementor-container elementor-column-gap-default\">\n\t\t\t\t\t<div class=\"elementor-column elementor-col-100 elementor-top-column elementor-element elementor-element-d2fb016\" data-id=\"d2fb016\" data-element_type=\"column\">\n\t\t\t<div class=\"elementor-widget-wrap elementor-element-populated\">\n\t\t\t\t\t\t<div class=\"elementor-element elementor-element-ce32237 elementor-widget elementor-widget-image\" data-id=\"ce32237\" data-element_type=\"widget\" data-widget_type=\"image.default\">\n\t\t\t\t<div class=\"elementor-widget-container\">\n\t\t\t\t\t\t\t\t\t\t\t\t\t<img fetchpriority=\"high\" decoding=\"async\" width=\"1200\" height=\"521\" src=\"https:\/\/fealold.feal.hr\/wp-content\/uploads\/2023\/10\/naslovna4.jpg\" class=\"attachment-full size-full wp-image-8526\" alt=\"\" srcset=\"https:\/\/fealold.feal.hr\/wp-content\/uploads\/2023\/10\/naslovna4.jpg 1200w, https:\/\/fealold.feal.hr\/wp-content\/uploads\/2023\/10\/naslovna4-300x130.jpg 300w, https:\/\/fealold.feal.hr\/wp-content\/uploads\/2023\/10\/naslovna4-1024x445.jpg 1024w, https:\/\/fealold.feal.hr\/wp-content\/uploads\/2023\/10\/naslovna4-768x333.jpg 768w, https:\/\/fealold.feal.hr\/wp-content\/uploads\/2023\/10\/naslovna4-18x8.jpg 18w\" sizes=\"(max-width: 1200px) 100vw, 1200px\" \/>\t\t\t\t\t\t\t\t\t\t\t\t\t<\/div>\n\t\t\t\t<\/div>\n\t\t\t\t\t<\/div>\n\t\t<\/div>\n\t\t\t\t\t<\/div>\n\t\t<\/section>\n\t\t\t\t<section class=\"elementor-section elementor-top-section elementor-element elementor-element-4f16c5b elementor-section-boxed elementor-section-height-default elementor-section-height-default\" data-id=\"4f16c5b\" data-element_type=\"section\">\n\t\t\t\t\t\t<div class=\"elementor-container elementor-column-gap-default\">\n\t\t\t\t\t<div class=\"elementor-column elementor-col-100 elementor-top-column elementor-element elementor-element-eb018b1\" data-id=\"eb018b1\" data-element_type=\"column\">\n\t\t\t<div class=\"elementor-widget-wrap elementor-element-populated\">\n\t\t\t\t\t\t<div class=\"elementor-element elementor-element-fa50b3a elementor-widget elementor-widget-heading\" data-id=\"fa50b3a\" data-element_type=\"widget\" data-widget_type=\"heading.default\">\n\t\t\t\t<div class=\"elementor-widget-container\">\n\t\t\t<h3 class=\"elementor-heading-title elementor-size-default\">Noise Phalanx ist ein junges Produkt der FEAL Gruppe und ein innovatives Schallschutzsystem f\u00fcr die Deutsche Bahn.<\/h3>\t\t<\/div>\n\t\t\t\t<\/div>\n\t\t\t\t\t<\/div>\n\t\t<\/div>\n\t\t\t\t\t<\/div>\n\t\t<\/section>\n\t\t\t\t<section class=\"elementor-section elementor-top-section elementor-element elementor-element-e397b12 elementor-section-boxed elementor-section-height-default elementor-section-height-default\" data-id=\"e397b12\" data-element_type=\"section\">\n\t\t\t\t\t\t<div class=\"elementor-container elementor-column-gap-default\">\n\t\t\t\t\t<div class=\"elementor-column elementor-col-100 elementor-top-column elementor-element elementor-element-9da79a8\" data-id=\"9da79a8\" data-element_type=\"column\">\n\t\t\t<div class=\"elementor-widget-wrap elementor-element-populated\">\n\t\t\t\t\t\t<div class=\"elementor-element elementor-element-058a7af elementor-widget elementor-widget-text-editor\" data-id=\"058a7af\" data-element_type=\"widget\" data-widget_type=\"text-editor.default\">\n\t\t\t\t<div class=\"elementor-widget-container\">\n\t\t\t\t\t\t\t<p class=\" translation-block\">Nach mehreren Jahren der Marktimplementierung und der Produktsicherstellung wurde der interne Abwicklungsbereich des wachsenden Marktes \u2013 L\u00e4rmschutz f\u00fcr die Bahn \u2013 auf ein neues Niveau gehoben. Die innerbetriebliche Struktur wurde personell sowie fertigungstechnisch neu formiert und verst\u00e4rkt. In diesem Zusammenhang haben wir auch um Mitgliedschaft beim \u2013 DVLV Deutscher Verband f\u00fcr L\u00e4rmschutz \u2013 angesucht und k\u00f6nnen uns seit dem 01.09.2023 DVLV Mitglied nennen. Informationen zur Mitgliedschaft k\u00f6nnen Sie hieraus entnehmen:  <a href=\"https:\/\/dvlv.eu\" target=\"_self\">https:\/\/dvlv.eu<\/a><\/p><p>Mit dieser Mitgliedsaufnahme erhoffen wir uns entsprechende Marktn\u00e4he. Die Aufnahme selbst ist auch eine Auszeichnung des innovativen Produktes selbst sowie eine Auszeichnung f\u00fcr die professionelle Arbeit\/Abwicklung der vergangenen Jahre. Mittlerweile geh\u00f6rt die Produktgruppe L\u00e4rmschutz zu einer festen Umsatzgr\u00f6\u00dfe der FEAL Gruppe.<\/p><p>Wir bedienen dadurch den st\u00e4ndig wachsenden L\u00e4rmschutz im industriellen und gewerblichen Bereich, welcher immer mehr an Bedeutung gewinnt. Ein entsprechendes Team an erfahrenen Technikern und Ingenieuren steht f\u00fcr die Weiterentwicklung im Systembereich sowie Projektbereich zur Verf\u00fcgung. \u00dcber die vorhandenen EBA-Zulassungen (Eisenbahnbundesamt) sowie Produktfreigaben folgen wir der RIL (Deutsche Norm f\u00fcr L\u00e4rmschutz im Bereich der Bahn) ausnahmslos, welches Grundvoraussetzung f\u00fcr die DVLV Mitgliedschaft ist. Wir verf\u00fcgen mittlerweile \u00fcber ein komplettes Produktsortiment f\u00fcr Geschwindigkeiten bis 300 km\/h.<\/p><p>Bei Fragen hierzu steht Ihnen unser Team an Ingenieuren zur Verf\u00fcgung.<\/p>\t\t\t\t\t\t<\/div>\n\t\t\t\t<\/div>\n\t\t\t\t\t<\/div>\n\t\t<\/div>\n\t\t\t\t\t<\/div>\n\t\t<\/section>\n\t\t\t\t<section class=\"elementor-section elementor-top-section elementor-element elementor-element-014db8b elementor-section-boxed elementor-section-height-default elementor-section-height-default\" data-id=\"014db8b\" data-element_type=\"section\">\n\t\t\t\t\t\t<div class=\"elementor-container elementor-column-gap-default\">\n\t\t\t\t\t<div class=\"elementor-column elementor-col-100 elementor-top-column elementor-element elementor-element-acfd967\" data-id=\"acfd967\" data-element_type=\"column\">\n\t\t\t<div class=\"elementor-widget-wrap elementor-element-populated\">\n\t\t\t\t\t\t<div class=\"elementor-element elementor-element-8c2dd04 elementor-widget elementor-widget-spacer\" data-id=\"8c2dd04\" data-element_type=\"widget\" data-widget_type=\"spacer.default\">\n\t\t\t\t<div class=\"elementor-widget-container\">\n\t\t\t\t\t<div class=\"elementor-spacer\">\n\t\t\t<div class=\"elementor-spacer-inner\"><\/div>\n\t\t<\/div>\n\t\t\t\t<\/div>\n\t\t\t\t<\/div>\n\t\t\t\t<div class=\"elementor-element elementor-element-938e1b6 elementor-widget elementor-widget-heading\" data-id=\"938e1b6\" data-element_type=\"widget\" data-widget_type=\"heading.default\">\n\t\t\t\t<div class=\"elementor-widget-container\">\n\t\t\t<h3 class=\"elementor-heading-title elementor-size-default\">Weiterlesen:<\/h3>\t\t<\/div>\n\t\t\t\t<\/div>\n\t\t\t\t<div class=\"elementor-element elementor-element-642a96f elementor-widget-divider--view-line elementor-widget elementor-widget-divider\" data-id=\"642a96f\" data-element_type=\"widget\" data-widget_type=\"divider.default\">\n\t\t\t\t<div class=\"elementor-widget-container\">\n\t\t\t\t\t<div class=\"elementor-divider\">\n\t\t\t<span class=\"elementor-divider-separator\">\n\t\t\t\t\t\t<\/span>\n\t\t<\/div>\n\t\t\t\t<\/div>\n\t\t\t\t<\/div>\n\t\t\t\t<section class=\"elementor-section elementor-inner-section elementor-element elementor-element-751f2d0 elementor-section-full_width elementor-section-height-default elementor-section-height-default\" data-id=\"751f2d0\" data-element_type=\"section\">\n\t\t\t\t\t\t<div class=\"elementor-container elementor-column-gap-no\">\n\t\t\t\t\t<div class=\"elementor-column elementor-col-33 elementor-inner-column elementor-element elementor-element-78ed42d\" data-id=\"78ed42d\" data-element_type=\"column\">\n\t\t\t<div class=\"elementor-widget-wrap elementor-element-populated\">\n\t\t\t\t\t\t<div class=\"elementor-element elementor-element-fdef67e elementor-widget elementor-widget-image\" data-id=\"fdef67e\" data-element_type=\"widget\" data-widget_type=\"image.default\">\n\t\t\t\t<div class=\"elementor-widget-container\">\n\t\t\t\t\t\t\t\t\t\t\t\t\t\t<a href=\"https:\/\/fealold.feal.hr\/de\/vijest-dani-arhitekture-u-vrijeme-ubrzane-digitalizacije\/\">\n\t\t\t\t\t\t\t<img decoding=\"async\" width=\"500\" height=\"327\" src=\"https:\/\/fealold.feal.hr\/wp-content\/uploads\/2023\/01\/stipendisti-2023.jpg\" class=\"attachment-full size-full wp-image-7976\" alt=\"\" srcset=\"https:\/\/fealold.feal.hr\/wp-content\/uploads\/2023\/01\/stipendisti-2023.jpg 500w, https:\/\/fealold.feal.hr\/wp-content\/uploads\/2023\/01\/stipendisti-2023-300x196.jpg 300w, https:\/\/fealold.feal.hr\/wp-content\/uploads\/2023\/01\/stipendisti-2023-18x12.jpg 18w\" sizes=\"(max-width: 500px) 100vw, 500px\" \/>\t\t\t\t\t\t\t\t<\/a>\n\t\t\t\t\t\t\t\t\t\t\t\t\t<\/div>\n\t\t\t\t<\/div>\n\t\t\t\t<div class=\"elementor-element elementor-element-3e40977 elementor-widget elementor-widget-heading\" data-id=\"3e40977\" data-element_type=\"widget\" data-widget_type=\"heading.default\">\n\t\t\t\t<div class=\"elementor-widget-container\">\n\t\t\t<h5 class=\"elementor-heading-title elementor-size-default\"><a href=\"https:\/\/fealold.feal.hr\/de\/treca-generacija-stipendista\/\">Stipendien, die an die dritte Generation von FEAL-Stipendiaten vergeben werden<\/a><\/h5>\t\t<\/div>\n\t\t\t\t<\/div>\n\t\t\t\t<div class=\"elementor-element elementor-element-da016e3 elementor-widget elementor-widget-text-editor\" data-id=\"da016e3\" data-element_type=\"widget\" data-widget_type=\"text-editor.default\">\n\t\t\t\t<div class=\"elementor-widget-container\">\n\t\t\t\t\t\t\t<p>Aus knapp hundert eingegangenen Bewerbungen haben wir nach mehrt\u00e4giger Pr\u00fcfung in mehreren Runden die 10 besten Studierenden verschiedener Fakult\u00e4ten ausgew\u00e4hlt.\u00a0<\/p>\t\t\t\t\t\t<\/div>\n\t\t\t\t<\/div>\n\t\t\t\t<div class=\"elementor-element elementor-element-478a1dc elementor-align-left elementor-widget elementor-widget-button\" data-id=\"478a1dc\" data-element_type=\"widget\" data-widget_type=\"button.default\">\n\t\t\t\t<div class=\"elementor-widget-container\">\n\t\t\t\t\t<div class=\"elementor-button-wrapper\">\n\t\t\t<a class=\"elementor-button elementor-button-link elementor-size-md\" href=\"https:\/\/fealold.feal.hr\/de\/treca-generacija-stipendista\/\">\n\t\t\t\t\t\t<span class=\"elementor-button-content-wrapper\">\n\t\t\t\t\t\t<span class=\"elementor-button-icon\">\n\t\t\t\t<i aria-hidden=\"true\" class=\"fas fa-angle-double-right\"><\/i>\t\t\t<\/span>\n\t\t\t\t\t\t\t\t\t<span class=\"elementor-button-text\">Weiterlesen<\/span>\n\t\t\t\t\t<\/span>\n\t\t\t\t\t<\/a>\n\t\t<\/div>\n\t\t\t\t<\/div>\n\t\t\t\t<\/div>\n\t\t\t\t\t<\/div>\n\t\t<\/div>\n\t\t\t\t<div class=\"elementor-column elementor-col-33 elementor-inner-column elementor-element elementor-element-8f30d0c\" data-id=\"8f30d0c\" data-element_type=\"column\">\n\t\t\t<div class=\"elementor-widget-wrap elementor-element-populated\">\n\t\t\t\t\t\t<div class=\"elementor-element elementor-element-94a08cb elementor-widget elementor-widget-image\" data-id=\"94a08cb\" data-element_type=\"widget\" data-widget_type=\"image.default\">\n\t\t\t\t<div class=\"elementor-widget-container\">\n\t\t\t\t\t\t\t\t\t\t\t\t\t\t<a href=\"https:\/\/fealold.feal.hr\/de\/vijest-dani-arhitekture-u-vrijeme-ubrzane-digitalizacije\/\">\n\t\t\t\t\t\t\t<img decoding=\"async\" width=\"500\" height=\"327\" src=\"https:\/\/fealold.feal.hr\/wp-content\/uploads\/2023\/01\/FNE-sistemi-01.jpg\" class=\"attachment-full size-full wp-image-7977\" alt=\"\" srcset=\"https:\/\/fealold.feal.hr\/wp-content\/uploads\/2023\/01\/FNE-sistemi-01.jpg 500w, https:\/\/fealold.feal.hr\/wp-content\/uploads\/2023\/01\/FNE-sistemi-01-300x196.jpg 300w, https:\/\/fealold.feal.hr\/wp-content\/uploads\/2023\/01\/FNE-sistemi-01-18x12.jpg 18w\" sizes=\"(max-width: 500px) 100vw, 500px\" \/>\t\t\t\t\t\t\t\t<\/a>\n\t\t\t\t\t\t\t\t\t\t\t\t\t<\/div>\n\t\t\t\t<\/div>\n\t\t\t\t<div class=\"elementor-element elementor-element-521dd49 elementor-widget elementor-widget-heading\" data-id=\"521dd49\" data-element_type=\"widget\" data-widget_type=\"heading.default\">\n\t\t\t\t<div class=\"elementor-widget-container\">\n\t\t\t<h5 class=\"elementor-heading-title elementor-size-default\"><a href=\"https:\/\/fealold.feal.hr\/de\/vijest-potpisani-ugovori-o-dodjeli-stipendija\/\">FEAL FNE Unterkonstruktionssysteme f\u00fcr Photovoltaikanlagen<\/a><\/h5>\t\t<\/div>\n\t\t\t\t<\/div>\n\t\t\t\t<div class=\"elementor-element elementor-element-7df8f97 elementor-widget elementor-widget-text-editor\" data-id=\"7df8f97\" data-element_type=\"widget\" data-widget_type=\"text-editor.default\">\n\t\t\t\t<div class=\"elementor-widget-container\">\n\t\t\t\t\t\t\t<p>Lernen Sie alle unsere Systeme an einem Ort kennen. \nUnsere ausf\u00fchrlichen Kataloge zu jedem einzelnen System stehen Ihnen ebenfalls zur Verf\u00fcgung.<\/p>\t\t\t\t\t\t<\/div>\n\t\t\t\t<\/div>\n\t\t\t\t<div class=\"elementor-element elementor-element-3e12202 elementor-align-left elementor-widget elementor-widget-button\" data-id=\"3e12202\" data-element_type=\"widget\" data-widget_type=\"button.default\">\n\t\t\t\t<div class=\"elementor-widget-container\">\n\t\t\t\t\t<div class=\"elementor-button-wrapper\">\n\t\t\t<a class=\"elementor-button elementor-button-link elementor-size-md\" href=\"https:\/\/fealold.feal.hr\/de\/solarna-energija\/\">\n\t\t\t\t\t\t<span class=\"elementor-button-content-wrapper\">\n\t\t\t\t\t\t<span class=\"elementor-button-icon\">\n\t\t\t\t<i aria-hidden=\"true\" class=\"fas fa-angle-double-right\"><\/i>\t\t\t<\/span>\n\t\t\t\t\t\t\t\t\t<span class=\"elementor-button-text\">Weiterlesen<\/span>\n\t\t\t\t\t<\/span>\n\t\t\t\t\t<\/a>\n\t\t<\/div>\n\t\t\t\t<\/div>\n\t\t\t\t<\/div>\n\t\t\t\t\t<\/div>\n\t\t<\/div>\n\t\t\t\t<div class=\"elementor-column elementor-col-33 elementor-inner-column elementor-element elementor-element-fba68f7\" data-id=\"fba68f7\" data-element_type=\"column\">\n\t\t\t<div class=\"elementor-widget-wrap elementor-element-populated\">\n\t\t\t\t\t\t<div class=\"elementor-element elementor-element-ec39dc5 elementor-widget elementor-widget-image\" data-id=\"ec39dc5\" data-element_type=\"widget\" data-widget_type=\"image.default\">\n\t\t\t\t<div class=\"elementor-widget-container\">\n\t\t\t\t\t\t\t\t\t\t\t\t\t\t<a href=\"https:\/\/fealold.feal.hr\/de\/vijest-zeleni-aluminij\/\">\n\t\t\t\t\t\t\t<img loading=\"lazy\" decoding=\"async\" width=\"500\" height=\"327\" src=\"https:\/\/fealold.feal.hr\/wp-content\/uploads\/2021\/08\/zeleni-alu-th-1.jpg\" class=\"attachment-full size-full wp-image-6562\" alt=\"\" srcset=\"https:\/\/fealold.feal.hr\/wp-content\/uploads\/2021\/08\/zeleni-alu-th-1.jpg 500w, https:\/\/fealold.feal.hr\/wp-content\/uploads\/2021\/08\/zeleni-alu-th-1-300x196.jpg 300w, https:\/\/fealold.feal.hr\/wp-content\/uploads\/2021\/08\/zeleni-alu-th-1-18x12.jpg 18w\" sizes=\"(max-width: 500px) 100vw, 500px\" \/>\t\t\t\t\t\t\t\t<\/a>\n\t\t\t\t\t\t\t\t\t\t\t\t\t<\/div>\n\t\t\t\t<\/div>\n\t\t\t\t<div class=\"elementor-element elementor-element-40d7b0a elementor-widget elementor-widget-heading\" data-id=\"40d7b0a\" data-element_type=\"widget\" data-widget_type=\"heading.default\">\n\t\t\t\t<div class=\"elementor-widget-container\">\n\t\t\t<h5 class=\"elementor-heading-title elementor-size-default\"><a href=\"https:\/\/fealold.feal.hr\/de\/vijest-zeleni-aluminij\/\"><i>Gr\u00fcnes Aluminium<\/i> - Erneuerbare Energiequellen bei der Aluminiumerzeugung<\/a><\/h5>\t\t<\/div>\n\t\t\t\t<\/div>\n\t\t\t\t<div class=\"elementor-element elementor-element-719593b elementor-widget elementor-widget-text-editor\" data-id=\"719593b\" data-element_type=\"widget\" data-widget_type=\"text-editor.default\">\n\t\t\t\t<div class=\"elementor-widget-container\">\n\t\t\t\t\t\t\tIm Bewusstsein, dass die Zukunft neue energetische Herausforderungen mit sich bringt investiert FEAL ebenso in moderne Technologien.\t\t\t\t\t\t<\/div>\n\t\t\t\t<\/div>\n\t\t\t\t<div class=\"elementor-element elementor-element-5156a2c elementor-align-left elementor-widget elementor-widget-button\" data-id=\"5156a2c\" data-element_type=\"widget\" data-widget_type=\"button.default\">\n\t\t\t\t<div class=\"elementor-widget-container\">\n\t\t\t\t\t<div class=\"elementor-button-wrapper\">\n\t\t\t<a class=\"elementor-button elementor-button-link elementor-size-md\" href=\"https:\/\/fealold.feal.hr\/de\/vijest-zeleni-aluminij\/\">\n\t\t\t\t\t\t<span class=\"elementor-button-content-wrapper\">\n\t\t\t\t\t\t<span class=\"elementor-button-icon\">\n\t\t\t\t<i aria-hidden=\"true\" class=\"fas fa-angle-double-right\"><\/i>\t\t\t<\/span>\n\t\t\t\t\t\t\t\t\t<span class=\"elementor-button-text\">Weiterlesen<\/span>\n\t\t\t\t\t<\/span>\n\t\t\t\t\t<\/a>\n\t\t<\/div>\n\t\t\t\t<\/div>\n\t\t\t\t<\/div>\n\t\t\t\t\t<\/div>\n\t\t<\/div>\n\t\t\t\t\t<\/div>\n\t\t<\/section>\n\t\t\t\t\t<\/div>\n\t\t<\/div>\n\t\t\t\t\t<\/div>\n\t\t<\/section>\n\t\t\t\t<section class=\"elementor-section elementor-top-section elementor-element elementor-element-fa9ebf1 elementor-section-boxed elementor-section-height-default elementor-section-height-default\" data-id=\"fa9ebf1\" data-element_type=\"section\">\n\t\t\t\t\t\t<div class=\"elementor-container elementor-column-gap-default\">\n\t\t\t\t\t<div class=\"elementor-column elementor-col-100 elementor-top-column elementor-element elementor-element-4ea9320\" data-id=\"4ea9320\" data-element_type=\"column\">\n\t\t\t<div class=\"elementor-widget-wrap elementor-element-populated\">\n\t\t\t\t\t\t<div class=\"elementor-element elementor-element-9ac97a5 elementor-widget elementor-widget-spacer\" data-id=\"9ac97a5\" data-element_type=\"widget\" data-widget_type=\"spacer.default\">\n\t\t\t\t<div class=\"elementor-widget-container\">\n\t\t\t\t\t<div class=\"elementor-spacer\">\n\t\t\t<div class=\"elementor-spacer-inner\"><\/div>\n\t\t<\/div>\n\t\t\t\t<\/div>\n\t\t\t\t<\/div>\n\t\t\t\t\t<\/div>\n\t\t<\/div>\n\t\t\t\t\t<\/div>\n\t\t<\/section>\n\t\t\t\t<\/div>","protected":false},"excerpt":{"rendered":"<p>&lt; Povratak na sve vijesti FEAL je novi \u010dlan njema\u010dke udruge za za\u0161titu od buke DVLV 07.10.2023. Noise Phalanx je novi proizvod FEAL grupe, a rije\u010d je o inovativnom sistemu za\u0161tite od buke za Deutsche Bahn. Nakon vi\u0161egodi\u0161nje implementacije i osiguranja proizvoda na tr\u017ei\u0161tu, razvoj bukobrana smo podigli na novu razinu. Unutarnji ustroj je kadrovski &hellip;<\/p>\n<p class=\"read-more\"> <a class=\"\" href=\"https:\/\/fealold.feal.hr\/de\/feal-novi-clan-njemacke-udruge-za-zastitu-od-buke-dvlv\/\"> <span class=\"screen-reader-text\">FEAL novi \u010dlan njema\u010dke Udruge za za\u0161titu od buke DVLV<\/span> Weiterlesen &raquo;<\/a><\/p>","protected":false},"author":4,"featured_media":0,"parent":0,"menu_order":0,"comment_status":"closed","ping_status":"closed","template":"","meta":{"footnotes":""},"tags":[],"class_list":["post-8523","page","type-page","status-publish","hentry"],"_links":{"self":[{"href":"https:\/\/fealold.feal.hr\/de\/wp-json\/wp\/v2\/pages\/8523","targetHints":{"allow":["GET"]}}],"collection":[{"href":"https:\/\/fealold.feal.hr\/de\/wp-json\/wp\/v2\/pages"}],"about":[{"href":"https:\/\/fealold.feal.hr\/de\/wp-json\/wp\/v2\/types\/page"}],"author":[{"embeddable":true,"href":"https:\/\/fealold.feal.hr\/de\/wp-json\/wp\/v2\/users\/4"}],"replies":[{"embeddable":true,"href":"https:\/\/fealold.feal.hr\/de\/wp-json\/wp\/v2\/comments?post=8523"}],"version-history":[{"count":13,"href":"https:\/\/fealold.feal.hr\/de\/wp-json\/wp\/v2\/pages\/8523\/revisions"}],"predecessor-version":[{"id":8543,"href":"https:\/\/fealold.feal.hr\/de\/wp-json\/wp\/v2\/pages\/8523\/revisions\/8543"}],"wp:attachment":[{"href":"https:\/\/fealold.feal.hr\/de\/wp-json\/wp\/v2\/media?parent=8523"}],"wp:term":[{"taxonomy":"post_tag","embeddable":true,"href":"https:\/\/fealold.feal.hr\/de\/wp-json\/wp\/v2\/tags?post=8523"}],"curies":[{"name":"wp","href":"https:\/\/api.w.org\/{rel}","templated":true}]}}