{"id":8594,"date":"2023-11-13T08:21:37","date_gmt":"2023-11-13T08:21:37","guid":{"rendered":"https:\/\/fealold.feal.hr\/?page_id=8594"},"modified":"2023-11-13T08:34:39","modified_gmt":"2023-11-13T08:34:39","slug":"natjecaj-za-posao-proizvodnja","status":"publish","type":"page","link":"https:\/\/fealold.feal.hr\/de\/natjecaj-za-posao-proizvodnja\/","title":{"rendered":"Natjecaj za posao: proizvodnja"},"content":{"rendered":"<div data-elementor-type=\"wp-page\" data-elementor-id=\"8594\" class=\"elementor elementor-8594\" data-elementor-post-type=\"page\">\n\t\t\t\t\t\t<section class=\"elementor-section elementor-top-section elementor-element elementor-element-b9723cd elementor-hidden-tablet elementor-hidden-phone elementor-section-boxed elementor-section-height-default elementor-section-height-default\" data-id=\"b9723cd\" data-element_type=\"section\" data-settings=\"{&quot;background_background&quot;:&quot;classic&quot;}\">\n\t\t\t\t\t\t<div class=\"elementor-container elementor-column-gap-default\">\n\t\t\t\t\t<div class=\"elementor-column elementor-col-100 elementor-top-column elementor-element elementor-element-0cec4e1\" data-id=\"0cec4e1\" data-element_type=\"column\">\n\t\t\t<div class=\"elementor-widget-wrap elementor-element-populated\">\n\t\t\t\t\t\t<div class=\"elementor-element elementor-element-fb3b0c9 elementor-widget elementor-widget-heading\" data-id=\"fb3b0c9\" data-element_type=\"widget\" data-widget_type=\"heading.default\">\n\t\t\t\t<div class=\"elementor-widget-container\">\n\t\t\t<h6 class=\"elementor-heading-title elementor-size-default\"><a href=\"https:\/\/fealold.feal.hr\/de\/vijesti\/\">&lt; News<\/a><\/h6>\t\t<\/div>\n\t\t\t\t<\/div>\n\t\t\t\t\t<\/div>\n\t\t<\/div>\n\t\t\t\t\t<\/div>\n\t\t<\/section>\n\t\t\t\t<section class=\"elementor-section elementor-top-section elementor-element elementor-element-9e396f7 elementor-section-boxed elementor-section-height-default elementor-section-height-default\" data-id=\"9e396f7\" data-element_type=\"section\">\n\t\t\t\t\t\t<div class=\"elementor-container elementor-column-gap-default\">\n\t\t\t\t\t<div class=\"elementor-column elementor-col-100 elementor-top-column elementor-element elementor-element-38d586f\" data-id=\"38d586f\" data-element_type=\"column\">\n\t\t\t<div class=\"elementor-widget-wrap elementor-element-populated\">\n\t\t\t\t\t\t<div class=\"elementor-element elementor-element-3a110d3 elementor-widget elementor-widget-heading\" data-id=\"3a110d3\" data-element_type=\"widget\" data-widget_type=\"heading.default\">\n\t\t\t\t<div class=\"elementor-widget-container\">\n\t\t\t<h3 class=\"elementor-heading-title elementor-size-default\">FEAL d.o.o. \u0160iroki Brijeg k\u00fcndigt einen Wettbewerb zur Einstellung weiterer Arbeitskr\u00e4fte in der Produktion an.<\/h3>\t\t<\/div>\n\t\t\t\t<\/div>\n\t\t\t\t\t<\/div>\n\t\t<\/div>\n\t\t\t\t\t<\/div>\n\t\t<\/section>\n\t\t\t\t<section class=\"elementor-section elementor-top-section elementor-element elementor-element-6428a8a elementor-section-boxed elementor-section-height-default elementor-section-height-default\" data-id=\"6428a8a\" data-element_type=\"section\">\n\t\t\t\t\t\t<div class=\"elementor-container elementor-column-gap-default\">\n\t\t\t\t\t<div class=\"elementor-column elementor-col-100 elementor-top-column elementor-element elementor-element-eb10350\" data-id=\"eb10350\" data-element_type=\"column\">\n\t\t\t<div class=\"elementor-widget-wrap elementor-element-populated\">\n\t\t\t\t\t\t<div class=\"elementor-element elementor-element-d3114ab elementor-widget elementor-widget-text-editor\" data-id=\"d3114ab\" data-element_type=\"widget\" data-widget_type=\"text-editor.default\">\n\t\t\t\t<div class=\"elementor-widget-container\">\n\t\t\t\t\t\t\t<p><em>13.11.2023.<\/em><\/p>\t\t\t\t\t\t<\/div>\n\t\t\t\t<\/div>\n\t\t\t\t\t<\/div>\n\t\t<\/div>\n\t\t\t\t\t<\/div>\n\t\t<\/section>\n\t\t\t\t<section class=\"elementor-section elementor-top-section elementor-element elementor-element-e9c0a94 elementor-section-boxed elementor-section-height-default elementor-section-height-default\" data-id=\"e9c0a94\" data-element_type=\"section\">\n\t\t\t\t\t\t<div class=\"elementor-container elementor-column-gap-default\">\n\t\t\t\t\t<div class=\"elementor-column elementor-col-100 elementor-top-column elementor-element elementor-element-16d870c\" data-id=\"16d870c\" data-element_type=\"column\">\n\t\t\t<div class=\"elementor-widget-wrap elementor-element-populated\">\n\t\t\t\t\t\t<div class=\"elementor-element elementor-element-3e14cf8 elementor-widget elementor-widget-image\" data-id=\"3e14cf8\" data-element_type=\"widget\" data-widget_type=\"image.default\">\n\t\t\t\t<div class=\"elementor-widget-container\">\n\t\t\t\t\t\t\t\t\t\t\t\t\t<img fetchpriority=\"high\" decoding=\"async\" width=\"1200\" height=\"420\" src=\"https:\/\/fealold.feal.hr\/wp-content\/uploads\/2023\/11\/IMG_5073.jpg\" class=\"attachment-full size-full wp-image-8597\" alt=\"\" srcset=\"https:\/\/fealold.feal.hr\/wp-content\/uploads\/2023\/11\/IMG_5073.jpg 1200w, https:\/\/fealold.feal.hr\/wp-content\/uploads\/2023\/11\/IMG_5073-300x105.jpg 300w, https:\/\/fealold.feal.hr\/wp-content\/uploads\/2023\/11\/IMG_5073-1024x358.jpg 1024w, https:\/\/fealold.feal.hr\/wp-content\/uploads\/2023\/11\/IMG_5073-768x269.jpg 768w, https:\/\/fealold.feal.hr\/wp-content\/uploads\/2023\/11\/IMG_5073-18x6.jpg 18w\" sizes=\"(max-width: 1200px) 100vw, 1200px\" \/>\t\t\t\t\t\t\t\t\t\t\t\t\t<\/div>\n\t\t\t\t<\/div>\n\t\t\t\t\t<\/div>\n\t\t<\/div>\n\t\t\t\t\t<\/div>\n\t\t<\/section>\n\t\t\t\t<section class=\"elementor-section elementor-top-section elementor-element elementor-element-0e02100 elementor-section-boxed elementor-section-height-default elementor-section-height-default\" data-id=\"0e02100\" data-element_type=\"section\" data-settings=\"{&quot;animation&quot;:&quot;none&quot;}\">\n\t\t\t\t\t\t<div class=\"elementor-container elementor-column-gap-default\">\n\t\t\t\t\t<div class=\"elementor-column elementor-col-100 elementor-top-column elementor-element elementor-element-5594f6d\" data-id=\"5594f6d\" data-element_type=\"column\">\n\t\t\t<div class=\"elementor-widget-wrap elementor-element-populated\">\n\t\t\t\t\t\t<div class=\"elementor-element elementor-element-3f5476c elementor-widget elementor-widget-text-editor\" data-id=\"3f5476c\" data-element_type=\"widget\" data-widget_type=\"text-editor.default\">\n\t\t\t\t<div class=\"elementor-widget-container\">\n\t\t\t\t\t\t\t<p>FEAL d.o.o. \u0160iroki Brijeg k\u00fcndigt einen Wettbewerb zur Einstellung weiterer Arbeitskr\u00e4fte in der Produktion an.<\/p><p>Voraussetzungen:<\/p><ul><li>Sekundarschulbildung<\/li><li>w\u00fcnschenswerte Berufserfahrung in der Industrie (Produktion) oder in Schlosser- und Metallverarbeitungsberufen;<\/li><\/ul><p>Ausgew\u00e4hlte Kandidaten werden Jobs und Produktionslinien zugewiesen, die ihren Erfahrungen und Vorlieben entsprechen, mit einem Gehalt, das ihrer Erfahrung und ihren F\u00e4higkeiten entspricht.<\/p><p>Was wir bieten:<\/p><ul><li>Ein Gehalt, das der Erfahrung und dem Wissen des Kandidaten entspricht;<\/li><li>Lernen und Fortschritt durch interne und externe Bildung;<\/li><li>M\u00f6glichkeit zu einer Festanstellung<\/li><li>Eine warme Mahlzeit am Arbeitsplatz;<\/li><li>Gehaltszuschuss und zus\u00e4tzliche Urlaubstage f\u00fcr die bestehende Berufserfahrung des Kandidaten;<\/li><li>Kostenlose vorl\u00e4ufige, regelm\u00e4\u00dfige und au\u00dferordentliche \u00e4rztliche Untersuchungen;<\/li><li>Unfall- und Krankheitsversicherung mit 24-Stunden-Abdeckung (am Arbeitsplatz und au\u00dferhalb des Arbeitsplatzes);<\/li><li>Das Recht auf zus\u00e4tzliche Anreize (Pr\u00e4mien und Urlaubszulagen).<\/li><\/ul><p><u>Das Bewerbungsschreiben sollte einen Lebenslauf, Adresse sowie Kontaktdaten enthalten. <\/u><\/p><p class=\" translation-block\">Bewerbungen k\u00f6nnen an die E-Mail-Adresse info@fealold.feal.hr und pers\u00f6nlich oder per Post an die Adresse FEAL d.o.o. eingereicht werden. \u0160iroki Brijeg, Trnska cesta 146, 88220 \u0160iroki Brijeg, BiH.<\/p><ol><li>\u201eBewerbung f\u00fcr \u00f6ffentliche Ausschreibung \u2013 Produktionsmitarbeiter\u201c<\/li><\/ol><p>Der Wettbewerb bleibt ab dem Ver\u00f6ffentlichungsdatum 15 Tage lang ge\u00f6ffnet.<\/p><p>\u00a0<\/p>\t\t\t\t\t\t<\/div>\n\t\t\t\t<\/div>\n\t\t\t\t\t<\/div>\n\t\t<\/div>\n\t\t\t\t\t<\/div>\n\t\t<\/section>\n\t\t\t\t<section class=\"elementor-section elementor-top-section elementor-element elementor-element-0e06fb7 elementor-section-boxed elementor-section-height-default elementor-section-height-default\" data-id=\"0e06fb7\" data-element_type=\"section\">\n\t\t\t\t\t\t<div class=\"elementor-container elementor-column-gap-default\">\n\t\t\t\t\t<div class=\"elementor-column elementor-col-100 elementor-top-column elementor-element elementor-element-88cbfa1\" data-id=\"88cbfa1\" data-element_type=\"column\">\n\t\t\t<div class=\"elementor-widget-wrap elementor-element-populated\">\n\t\t\t\t\t\t<div class=\"elementor-element elementor-element-695323d elementor-widget elementor-widget-spacer\" data-id=\"695323d\" data-element_type=\"widget\" data-widget_type=\"spacer.default\">\n\t\t\t\t<div class=\"elementor-widget-container\">\n\t\t\t\t\t<div class=\"elementor-spacer\">\n\t\t\t<div class=\"elementor-spacer-inner\"><\/div>\n\t\t<\/div>\n\t\t\t\t<\/div>\n\t\t\t\t<\/div>\n\t\t\t\t<div class=\"elementor-element elementor-element-ed81341 elementor-widget elementor-widget-heading\" data-id=\"ed81341\" data-element_type=\"widget\" data-widget_type=\"heading.default\">\n\t\t\t\t<div class=\"elementor-widget-container\">\n\t\t\t<h3 class=\"elementor-heading-title elementor-size-default\">Weiterlesen:<\/h3>\t\t<\/div>\n\t\t\t\t<\/div>\n\t\t\t\t<div class=\"elementor-element elementor-element-db3d2ab elementor-widget-divider--view-line elementor-widget elementor-widget-divider\" data-id=\"db3d2ab\" data-element_type=\"widget\" data-widget_type=\"divider.default\">\n\t\t\t\t<div class=\"elementor-widget-container\">\n\t\t\t\t\t<div class=\"elementor-divider\">\n\t\t\t<span class=\"elementor-divider-separator\">\n\t\t\t\t\t\t<\/span>\n\t\t<\/div>\n\t\t\t\t<\/div>\n\t\t\t\t<\/div>\n\t\t\t\t<section class=\"elementor-section elementor-inner-section elementor-element elementor-element-8db8317 elementor-section-full_width elementor-section-height-default elementor-section-height-default\" data-id=\"8db8317\" data-element_type=\"section\">\n\t\t\t\t\t\t<div class=\"elementor-container elementor-column-gap-no\">\n\t\t\t\t\t<div class=\"elementor-column elementor-col-33 elementor-inner-column elementor-element elementor-element-d835d71\" data-id=\"d835d71\" data-element_type=\"column\">\n\t\t\t<div class=\"elementor-widget-wrap elementor-element-populated\">\n\t\t\t\t\t\t<div class=\"elementor-element elementor-element-9ffdc39 elementor-widget elementor-widget-image\" data-id=\"9ffdc39\" data-element_type=\"widget\" data-widget_type=\"image.default\">\n\t\t\t\t<div class=\"elementor-widget-container\">\n\t\t\t\t\t\t\t\t\t\t\t\t\t\t<a href=\"https:\/\/fealold.feal.hr\/de\/vijest-zeleni-aluminij\/\">\n\t\t\t\t\t\t\t<img decoding=\"async\" width=\"500\" height=\"327\" src=\"https:\/\/fealold.feal.hr\/wp-content\/uploads\/2021\/08\/zeleni-alu-th-1.jpg\" class=\"attachment-full size-full wp-image-6562\" alt=\"\" srcset=\"https:\/\/fealold.feal.hr\/wp-content\/uploads\/2021\/08\/zeleni-alu-th-1.jpg 500w, https:\/\/fealold.feal.hr\/wp-content\/uploads\/2021\/08\/zeleni-alu-th-1-300x196.jpg 300w, https:\/\/fealold.feal.hr\/wp-content\/uploads\/2021\/08\/zeleni-alu-th-1-18x12.jpg 18w\" sizes=\"(max-width: 500px) 100vw, 500px\" \/>\t\t\t\t\t\t\t\t<\/a>\n\t\t\t\t\t\t\t\t\t\t\t\t\t<\/div>\n\t\t\t\t<\/div>\n\t\t\t\t<div class=\"elementor-element elementor-element-ca05f51 elementor-widget elementor-widget-heading\" data-id=\"ca05f51\" data-element_type=\"widget\" data-widget_type=\"heading.default\">\n\t\t\t\t<div class=\"elementor-widget-container\">\n\t\t\t<h5 class=\"elementor-heading-title elementor-size-default\"><a href=\"https:\/\/fealold.feal.hr\/de\/vijest-zeleni-aluminij\/\"><i>Gr\u00fcnes Aluminium<\/i> - Erneuerbare Energiequellen bei der Aluminiumerzeugung<\/a><\/h5>\t\t<\/div>\n\t\t\t\t<\/div>\n\t\t\t\t<div class=\"elementor-element elementor-element-b56d3fc elementor-widget elementor-widget-text-editor\" data-id=\"b56d3fc\" data-element_type=\"widget\" data-widget_type=\"text-editor.default\">\n\t\t\t\t<div class=\"elementor-widget-container\">\n\t\t\t\t\t\t\tIm Bewusstsein, dass die Zukunft neue energetische Herausforderungen mit sich bringt investiert FEAL ebenso in moderne Technologien.\t\t\t\t\t\t<\/div>\n\t\t\t\t<\/div>\n\t\t\t\t<div class=\"elementor-element elementor-element-b827e38 elementor-align-left elementor-widget elementor-widget-button\" data-id=\"b827e38\" data-element_type=\"widget\" data-widget_type=\"button.default\">\n\t\t\t\t<div class=\"elementor-widget-container\">\n\t\t\t\t\t<div class=\"elementor-button-wrapper\">\n\t\t\t<a class=\"elementor-button elementor-button-link elementor-size-md\" href=\"https:\/\/fealold.feal.hr\/de\/vijest-zeleni-aluminij\/\">\n\t\t\t\t\t\t<span class=\"elementor-button-content-wrapper\">\n\t\t\t\t\t\t<span class=\"elementor-button-icon\">\n\t\t\t\t<i aria-hidden=\"true\" class=\"fas fa-angle-double-right\"><\/i>\t\t\t<\/span>\n\t\t\t\t\t\t\t\t\t<span class=\"elementor-button-text\">Weiterlesen<\/span>\n\t\t\t\t\t<\/span>\n\t\t\t\t\t<\/a>\n\t\t<\/div>\n\t\t\t\t<\/div>\n\t\t\t\t<\/div>\n\t\t\t\t\t<\/div>\n\t\t<\/div>\n\t\t\t\t<div class=\"elementor-column elementor-col-33 elementor-inner-column elementor-element elementor-element-6b3d22c\" data-id=\"6b3d22c\" data-element_type=\"column\">\n\t\t\t<div class=\"elementor-widget-wrap elementor-element-populated\">\n\t\t\t\t\t\t<div class=\"elementor-element elementor-element-4ae6573 elementor-widget elementor-widget-image\" data-id=\"4ae6573\" data-element_type=\"widget\" data-widget_type=\"image.default\">\n\t\t\t\t<div class=\"elementor-widget-container\">\n\t\t\t\t\t\t\t\t\t\t\t\t\t\t<a href=\"https:\/\/fealold.feal.hr\/de\/vijest-dani-arhitekture-u-vrijeme-ubrzane-digitalizacije\/\">\n\t\t\t\t\t\t\t<img decoding=\"async\" width=\"500\" height=\"330\" src=\"https:\/\/fealold.feal.hr\/wp-content\/uploads\/2021\/09\/Arhitekti-02.jpg\" class=\"attachment-full size-full wp-image-6659\" alt=\"\" srcset=\"https:\/\/fealold.feal.hr\/wp-content\/uploads\/2021\/09\/Arhitekti-02.jpg 500w, https:\/\/fealold.feal.hr\/wp-content\/uploads\/2021\/09\/Arhitekti-02-300x198.jpg 300w, https:\/\/fealold.feal.hr\/wp-content\/uploads\/2021\/09\/Arhitekti-02-18x12.jpg 18w\" sizes=\"(max-width: 500px) 100vw, 500px\" \/>\t\t\t\t\t\t\t\t<\/a>\n\t\t\t\t\t\t\t\t\t\t\t\t\t<\/div>\n\t\t\t\t<\/div>\n\t\t\t\t<div class=\"elementor-element elementor-element-265f280 elementor-widget elementor-widget-heading\" data-id=\"265f280\" data-element_type=\"widget\" data-widget_type=\"heading.default\">\n\t\t\t\t<div class=\"elementor-widget-container\">\n\t\t\t<h5 class=\"elementor-heading-title elementor-size-default\"><a href=\"https:\/\/fealold.feal.hr\/de\/vijest-dani-arhitekture-u-vrijeme-ubrzane-digitalizacije\/\">Die Architekturtage in der Zeit beschleunigter Digitalisierung<\/a><\/h5>\t\t<\/div>\n\t\t\t\t<\/div>\n\t\t\t\t<div class=\"elementor-element elementor-element-1468c4f elementor-widget elementor-widget-text-editor\" data-id=\"1468c4f\" data-element_type=\"widget\" data-widget_type=\"text-editor.default\">\n\t\t\t\t<div class=\"elementor-widget-container\">\n\t\t\t\t\t\t\tDie Architekturtage stellen eine der gr\u00f6\u00dften Veranstaltungen im Bereich Architektur in Bosnien und Herzegowina dar.  Es freut uns sehr, dass wir auch in diesem Jahr der \u201eGold-Sponsor\u201c dieser dreit\u00e4gigen Veranstaltung  sein d\u00fcrften.\t\t\t\t\t\t<\/div>\n\t\t\t\t<\/div>\n\t\t\t\t<div class=\"elementor-element elementor-element-cfda15f elementor-align-left elementor-widget elementor-widget-button\" data-id=\"cfda15f\" data-element_type=\"widget\" data-widget_type=\"button.default\">\n\t\t\t\t<div class=\"elementor-widget-container\">\n\t\t\t\t\t<div class=\"elementor-button-wrapper\">\n\t\t\t<a class=\"elementor-button elementor-button-link elementor-size-md\" href=\"https:\/\/fealold.feal.hr\/de\/vijest-dani-arhitekture-u-vrijeme-ubrzane-digitalizacije\/\">\n\t\t\t\t\t\t<span class=\"elementor-button-content-wrapper\">\n\t\t\t\t\t\t<span class=\"elementor-button-icon\">\n\t\t\t\t<i aria-hidden=\"true\" class=\"fas fa-angle-double-right\"><\/i>\t\t\t<\/span>\n\t\t\t\t\t\t\t\t\t<span class=\"elementor-button-text\">Weiterlesen<\/span>\n\t\t\t\t\t<\/span>\n\t\t\t\t\t<\/a>\n\t\t<\/div>\n\t\t\t\t<\/div>\n\t\t\t\t<\/div>\n\t\t\t\t\t<\/div>\n\t\t<\/div>\n\t\t\t\t<div class=\"elementor-column elementor-col-33 elementor-inner-column elementor-element elementor-element-ea5e0b7\" data-id=\"ea5e0b7\" data-element_type=\"column\">\n\t\t\t<div class=\"elementor-widget-wrap elementor-element-populated\">\n\t\t\t\t\t\t<div class=\"elementor-element elementor-element-5df234d elementor-widget elementor-widget-image\" data-id=\"5df234d\" data-element_type=\"widget\" data-widget_type=\"image.default\">\n\t\t\t\t<div class=\"elementor-widget-container\">\n\t\t\t\t\t\t\t\t\t\t\t\t\t\t<a href=\"https:\/\/fealold.feal.hr\/de\/vijest-potpisani-ugovori-o-dodjeli-stipendija\/\">\n\t\t\t\t\t\t\t<img loading=\"lazy\" decoding=\"async\" width=\"500\" height=\"327\" src=\"https:\/\/fealold.feal.hr\/wp-content\/uploads\/2021\/02\/thumbnail.jpg\" class=\"attachment-full size-full wp-image-6218\" alt=\"\" srcset=\"https:\/\/fealold.feal.hr\/wp-content\/uploads\/2021\/02\/thumbnail.jpg 500w, https:\/\/fealold.feal.hr\/wp-content\/uploads\/2021\/02\/thumbnail-300x196.jpg 300w, https:\/\/fealold.feal.hr\/wp-content\/uploads\/2021\/02\/thumbnail-16x10.jpg 16w\" sizes=\"(max-width: 500px) 100vw, 500px\" \/>\t\t\t\t\t\t\t\t<\/a>\n\t\t\t\t\t\t\t\t\t\t\t\t\t<\/div>\n\t\t\t\t<\/div>\n\t\t\t\t<div class=\"elementor-element elementor-element-b758d00 elementor-widget elementor-widget-heading\" data-id=\"b758d00\" data-element_type=\"widget\" data-widget_type=\"heading.default\">\n\t\t\t\t<div class=\"elementor-widget-container\">\n\t\t\t<h5 class=\"elementor-heading-title elementor-size-default\"><a href=\"https:\/\/fealold.feal.hr\/de\/vijest-potpisani-ugovori-o-dodjeli-stipendija\/\">Unterzeichnung der Vereinbarung \u00fcber Stipendienprogramm<\/a><\/h5>\t\t<\/div>\n\t\t\t\t<\/div>\n\t\t\t\t<div class=\"elementor-element elementor-element-3df829a elementor-widget elementor-widget-text-editor\" data-id=\"3df829a\" data-element_type=\"widget\" data-widget_type=\"text-editor.default\">\n\t\t\t\t<div class=\"elementor-widget-container\">\n\t\t\t\t\t\t\tHeute wurde im Headquarter FEAL d.o.o. in Siroki Brijeg die Vereinbarung \u00fcber Stipendienprogramm mit zehn Studenten der Fakult\u00e4t f\u00fcr Maschinenbau, Elektrotechnik, Informatik und Architektur unterzeichnet \t\t\t\t\t\t<\/div>\n\t\t\t\t<\/div>\n\t\t\t\t<div class=\"elementor-element elementor-element-54b389b elementor-align-left elementor-widget elementor-widget-button\" data-id=\"54b389b\" data-element_type=\"widget\" data-widget_type=\"button.default\">\n\t\t\t\t<div class=\"elementor-widget-container\">\n\t\t\t\t\t<div class=\"elementor-button-wrapper\">\n\t\t\t<a class=\"elementor-button elementor-button-link elementor-size-md\" href=\"https:\/\/fealold.feal.hr\/de\/vijest-potpisani-ugovori-o-dodjeli-stipendija\/\">\n\t\t\t\t\t\t<span class=\"elementor-button-content-wrapper\">\n\t\t\t\t\t\t<span class=\"elementor-button-icon\">\n\t\t\t\t<i aria-hidden=\"true\" class=\"fas fa-angle-double-right\"><\/i>\t\t\t<\/span>\n\t\t\t\t\t\t\t\t\t<span class=\"elementor-button-text\">Weiterlesen<\/span>\n\t\t\t\t\t<\/span>\n\t\t\t\t\t<\/a>\n\t\t<\/div>\n\t\t\t\t<\/div>\n\t\t\t\t<\/div>\n\t\t\t\t\t<\/div>\n\t\t<\/div>\n\t\t\t\t\t<\/div>\n\t\t<\/section>\n\t\t\t\t\t<\/div>\n\t\t<\/div>\n\t\t\t\t\t<\/div>\n\t\t<\/section>\n\t\t\t\t<\/div>","protected":false},"excerpt":{"rendered":"<p>&lt; Povratak na sve vijesti FEAL d.o.o. \u0160iroki Brijeg raspisuje natje\u010daj za prijem vi\u0161e radnika u proizvodnji. 13.11.2023. FEAL d.o.o. \u0160iroki Brijeg raspisuje natje\u010daj za prijem vi\u0161e radnika u proizvodnji. Uvjeti: srednja stru\u010dna sprema (SSS\/KV); po\u017eeljno radno iskustvo u industriji (proizvodnji) ili na poslovima bravarije i obrade metala; Odabrani kandidati \u0107e biti raspore\u0111eni na radna &hellip;<\/p>\n<p class=\"read-more\"> <a class=\"\" href=\"https:\/\/fealold.feal.hr\/de\/natjecaj-za-posao-proizvodnja\/\"> <span class=\"screen-reader-text\">Natjecaj za posao: proizvodnja<\/span> Weiterlesen &raquo;<\/a><\/p>","protected":false},"author":4,"featured_media":0,"parent":0,"menu_order":0,"comment_status":"closed","ping_status":"closed","template":"","meta":{"footnotes":""},"tags":[],"class_list":["post-8594","page","type-page","status-publish","hentry"],"_links":{"self":[{"href":"https:\/\/fealold.feal.hr\/de\/wp-json\/wp\/v2\/pages\/8594","targetHints":{"allow":["GET"]}}],"collection":[{"href":"https:\/\/fealold.feal.hr\/de\/wp-json\/wp\/v2\/pages"}],"about":[{"href":"https:\/\/fealold.feal.hr\/de\/wp-json\/wp\/v2\/types\/page"}],"author":[{"embeddable":true,"href":"https:\/\/fealold.feal.hr\/de\/wp-json\/wp\/v2\/users\/4"}],"replies":[{"embeddable":true,"href":"https:\/\/fealold.feal.hr\/de\/wp-json\/wp\/v2\/comments?post=8594"}],"version-history":[{"count":4,"href":"https:\/\/fealold.feal.hr\/de\/wp-json\/wp\/v2\/pages\/8594\/revisions"}],"predecessor-version":[{"id":8600,"href":"https:\/\/fealold.feal.hr\/de\/wp-json\/wp\/v2\/pages\/8594\/revisions\/8600"}],"wp:attachment":[{"href":"https:\/\/fealold.feal.hr\/de\/wp-json\/wp\/v2\/media?parent=8594"}],"wp:term":[{"taxonomy":"post_tag","embeddable":true,"href":"https:\/\/fealold.feal.hr\/de\/wp-json\/wp\/v2\/tags?post=8594"}],"curies":[{"name":"wp","href":"https:\/\/api.w.org\/{rel}","templated":true}]}}