{"id":9676,"date":"2024-10-18T07:49:06","date_gmt":"2024-10-18T07:49:06","guid":{"rendered":"https:\/\/fealold.feal.hr\/?page_id=9676"},"modified":"2024-10-18T08:24:11","modified_gmt":"2024-10-18T08:24:11","slug":"stipendije2024","status":"publish","type":"page","link":"https:\/\/fealold.feal.hr\/de\/stipendije2024\/","title":{"rendered":"Stipendien-Wettbewerb"},"content":{"rendered":"<div data-elementor-type=\"wp-page\" data-elementor-id=\"9676\" class=\"elementor elementor-9676\" data-elementor-post-type=\"page\">\n\t\t\t\t\t\t<section class=\"elementor-section elementor-top-section elementor-element elementor-element-ac581a0 elementor-hidden-tablet elementor-hidden-phone elementor-section-boxed elementor-section-height-default elementor-section-height-default\" data-id=\"ac581a0\" data-element_type=\"section\" data-settings=\"{&quot;background_background&quot;:&quot;classic&quot;}\">\n\t\t\t\t\t\t<div class=\"elementor-container elementor-column-gap-default\">\n\t\t\t\t\t<div class=\"elementor-column elementor-col-100 elementor-top-column elementor-element elementor-element-0bca40f\" data-id=\"0bca40f\" data-element_type=\"column\">\n\t\t\t<div class=\"elementor-widget-wrap elementor-element-populated\">\n\t\t\t\t\t\t<div class=\"elementor-element elementor-element-0a1a2f5 elementor-widget elementor-widget-heading\" data-id=\"0a1a2f5\" data-element_type=\"widget\" data-widget_type=\"heading.default\">\n\t\t\t\t<div class=\"elementor-widget-container\">\n\t\t\t<h6 class=\"elementor-heading-title elementor-size-default\"><a href=\"https:\/\/fealold.feal.hr\/de\/vijesti\/\">&lt; News<\/a><\/h6>\t\t<\/div>\n\t\t\t\t<\/div>\n\t\t\t\t\t<\/div>\n\t\t<\/div>\n\t\t\t\t\t<\/div>\n\t\t<\/section>\n\t\t\t\t<section class=\"elementor-section elementor-top-section elementor-element elementor-element-c2aa793 elementor-section-boxed elementor-section-height-default elementor-section-height-default\" data-id=\"c2aa793\" data-element_type=\"section\">\n\t\t\t\t\t\t<div class=\"elementor-container elementor-column-gap-default\">\n\t\t\t\t\t<div class=\"elementor-column elementor-col-100 elementor-top-column elementor-element elementor-element-0939d73\" data-id=\"0939d73\" data-element_type=\"column\">\n\t\t\t<div class=\"elementor-widget-wrap elementor-element-populated\">\n\t\t\t\t\t\t<div class=\"elementor-element elementor-element-ed989e4 elementor-widget elementor-widget-heading\" data-id=\"ed989e4\" data-element_type=\"widget\" data-widget_type=\"heading.default\">\n\t\t\t\t<div class=\"elementor-widget-container\">\n\t\t\t<h3 class=\"elementor-heading-title elementor-size-default\">Stipendien-Wettbewerb<\/h3>\t\t<\/div>\n\t\t\t\t<\/div>\n\t\t\t\t\t<\/div>\n\t\t<\/div>\n\t\t\t\t\t<\/div>\n\t\t<\/section>\n\t\t\t\t<section class=\"elementor-section elementor-top-section elementor-element elementor-element-12ef8c9 elementor-section-boxed elementor-section-height-default elementor-section-height-default\" data-id=\"12ef8c9\" data-element_type=\"section\">\n\t\t\t\t\t\t<div class=\"elementor-container elementor-column-gap-default\">\n\t\t\t\t\t<div class=\"elementor-column elementor-col-100 elementor-top-column elementor-element elementor-element-70751fa\" data-id=\"70751fa\" data-element_type=\"column\">\n\t\t\t<div class=\"elementor-widget-wrap elementor-element-populated\">\n\t\t\t\t\t\t<div class=\"elementor-element elementor-element-c3efe54 elementor-widget elementor-widget-text-editor\" data-id=\"c3efe54\" data-element_type=\"widget\" data-widget_type=\"text-editor.default\">\n\t\t\t\t<div class=\"elementor-widget-container\">\n\t\t\t\t\t\t\t<em style=\"font-size: 17px; font-weight: 400; text-align: justify;\">18.10.2024.<\/em>\t\t\t\t\t\t<\/div>\n\t\t\t\t<\/div>\n\t\t\t\t\t<\/div>\n\t\t<\/div>\n\t\t\t\t\t<\/div>\n\t\t<\/section>\n\t\t\t\t<section class=\"elementor-section elementor-top-section elementor-element elementor-element-0d92f61 elementor-section-boxed elementor-section-height-default elementor-section-height-default\" data-id=\"0d92f61\" data-element_type=\"section\">\n\t\t\t\t\t\t<div class=\"elementor-container elementor-column-gap-default\">\n\t\t\t\t\t<div class=\"elementor-column elementor-col-100 elementor-top-column elementor-element elementor-element-d013243\" data-id=\"d013243\" data-element_type=\"column\">\n\t\t\t<div class=\"elementor-widget-wrap elementor-element-populated\">\n\t\t\t\t\t\t<div class=\"elementor-element elementor-element-a93fcae elementor-widget elementor-widget-image\" data-id=\"a93fcae\" data-element_type=\"widget\" data-widget_type=\"image.default\">\n\t\t\t\t<div class=\"elementor-widget-container\">\n\t\t\t\t\t\t\t\t\t\t\t\t\t<img fetchpriority=\"high\" decoding=\"async\" width=\"1200\" height=\"400\" src=\"https:\/\/fealold.feal.hr\/wp-content\/uploads\/2021\/11\/graduation-diploma.jpg\" class=\"attachment-full size-full wp-image-6937\" alt=\"\" srcset=\"https:\/\/fealold.feal.hr\/wp-content\/uploads\/2021\/11\/graduation-diploma.jpg 1200w, https:\/\/fealold.feal.hr\/wp-content\/uploads\/2021\/11\/graduation-diploma-300x100.jpg 300w, https:\/\/fealold.feal.hr\/wp-content\/uploads\/2021\/11\/graduation-diploma-1024x341.jpg 1024w, https:\/\/fealold.feal.hr\/wp-content\/uploads\/2021\/11\/graduation-diploma-768x256.jpg 768w, https:\/\/fealold.feal.hr\/wp-content\/uploads\/2021\/11\/graduation-diploma-18x6.jpg 18w\" sizes=\"(max-width: 1200px) 100vw, 1200px\" \/>\t\t\t\t\t\t\t\t\t\t\t\t\t<\/div>\n\t\t\t\t<\/div>\n\t\t\t\t\t<\/div>\n\t\t<\/div>\n\t\t\t\t\t<\/div>\n\t\t<\/section>\n\t\t\t\t<section class=\"elementor-section elementor-top-section elementor-element elementor-element-20246b7 elementor-section-boxed elementor-section-height-default elementor-section-height-default elementor-invisible\" data-id=\"20246b7\" data-element_type=\"section\" data-settings=\"{&quot;animation&quot;:&quot;fadeIn&quot;}\">\n\t\t\t\t\t\t<div class=\"elementor-container elementor-column-gap-default\">\n\t\t\t\t\t<div class=\"elementor-column elementor-col-100 elementor-top-column elementor-element elementor-element-a4d1296\" data-id=\"a4d1296\" data-element_type=\"column\">\n\t\t\t<div class=\"elementor-widget-wrap elementor-element-populated\">\n\t\t\t\t\t\t<div class=\"elementor-element elementor-element-bc2d907 elementor-widget elementor-widget-text-editor\" data-id=\"bc2d907\" data-element_type=\"widget\" data-widget_type=\"text-editor.default\">\n\t\t\t\t<div class=\"elementor-widget-container\">\n\t\t\t\t\t\t\t<p class=\"MsoNormal\"><i><span style=\"font-family: 'Arial',sans-serif; mso-ansi-language: SH;\">FEAL d.o.o. \u0160iroki Brijeg k\u00fcndigt an<\/span><\/i><\/p><p class=\"MsoNormal\" style=\"text-align: center;\" align=\"center\"><b><span style=\"font-family: 'Arial',sans-serif; mso-ansi-language: SH;\">\u00d6FFENTLICHE AUSSCHREIBUNG ZUR VERGABE VON STIPENDIEN F\u00dcR DAS AKADEMISCHE JAHR 2024\/2025<\/span><\/b><\/p><p class=\"MsoNormal\"><span style=\"font-family: 'Arial',sans-serif; mso-ansi-language: SH;\">FEAL d.o.o. \u0160iroki Brijeg k\u00fcndigt eine \u00f6ffentliche Ausschreibung f\u00fcr Stipendien f\u00fcr Studierende der folgenden Studieng\u00e4nge an:<\/span><\/p><ul><li class=\"MsoNormal\"><span style=\"font-family: 'Arial',sans-serif; mso-ansi-language: SH;\">Maschinenbau<\/span><\/li><li class=\"MsoNormal\"><span style=\"font-family: 'Arial',sans-serif; mso-ansi-language: SH;\">Elektrotechnik<\/span><\/li><li class=\"MsoNormal\"><span style=\"font-family: 'Arial',sans-serif; mso-ansi-language: SH;\">Konstruktion<\/span><\/li><li class=\"MsoNormal\"><span style=\"font-family: 'Arial',sans-serif; mso-ansi-language: SH;\">Architektur<\/span><\/li><\/ul><p class=\"MsoNormal\"><b><span style=\"font-family: 'Arial',sans-serif; mso-ansi-language: SH;\">VORAUSSETZUNGEN<\/span><\/b><\/p><ol><li class=\"MsoNormal\"><span style=\"font-family: 'Arial',sans-serif; mso-ansi-language: SH;\">Ein Vollzeitstudium in einem der aufgef\u00fchrten Studieng\u00e4nge im 3. Studienjahr des ersten Studienzyklus oder im 4. oder 5. Studienjahr des zweiten Studienzyklus, einschlie\u00dflich integrierter Studieng\u00e4nge f\u00fcr die angegebenen Studienjahre.<\/span><\/li><li class=\"MsoNormal\"><span style=\"font-family: 'Arial',sans-serif; mso-ansi-language: SH;\">Ein Studium an Universit\u00e4ten in Bosnien und Herzegowina oder in einem der EU-L\u00e4nder.<\/span><\/li><li class=\"MsoNormal\"><!--[endif]--><span style=\"font-family: 'Arial',sans-serif; mso-ansi-language: SH;\">Der Kandidat darf nicht angestellt oder \u00e4lter als 30 Jahre sein.<\/span><\/li><\/ol><p class=\"MsoNormal\"><b><span style=\"font-family: 'Arial',sans-serif; mso-ansi-language: SH;\">KRITERIEN F\u00dcR DIE GEW\u00c4HRUNG VON STIPENDIEN<\/span><\/b><\/p><ol><li class=\"MsoNormal\"><!-- [if !supportLists]--><span style=\"font-family: 'Arial',sans-serif; mso-ansi-language: SH;\">Notendurchschnitt aller abgelegten Pr\u00fcfungen (einschlie\u00dflich f\u00fcr das gesamte Studium)<\/span><\/li><li class=\"MsoNormal\"><!--[endif]--><span style=\"font-family: 'Arial',sans-serif; mso-ansi-language: SH;\">Soziale und materielle Bedingungen der Familie<\/span><\/li><li class=\"MsoNormal\"><span style=\"font-family: 'Arial',sans-serif; mso-ansi-language: SH;\">Ocjena komisije za testiranje i izbor stipendista;<\/span><\/li><\/ol><p class=\"MsoNormal\"><b><span style=\"font-family: 'Arial',sans-serif; mso-ansi-language: SH;\">PRAVILA I UVJETI STIPENDIJE:<\/span><\/b><\/p><p class=\"MsoNormal translation-block\"><span style=\"font-family: 'Arial',sans-serif\">Die H\u00f6he des monatlichen Stipendiums betr\u00e4gt <b>500 KM.<\/b> <\/span><\/p><p class=\"MsoNormal translation-block\"><span style=\"font-family: 'Arial',sans-serif\">Studierende, die von ihrem Anspruch auf ein Stipendium Gebrauch gemacht haben, erhalten w\u00e4hrend 10 Monaten des Studienjahres ein Stipendium. <\/span><span style=\"font-family: 'Arial',sans-serif\">Der Stipendiat beh\u00e4lt den Anspruch auf das Stipendium bis zum Ende des Studiums entsprechend mit den Bedingungen des Stipendiums, die im Stipendienvergabevertrag n\u00e4her geregelt werden.<\/span><\/p><p class=\"MsoNormal\"><b><span style=\"font-family: 'Arial',sans-serif; mso-ansi-language: SH;\">BEIZULEGEN<\/span><\/b><\/p><ol><li class=\"MsoNormal\"><!-- [if !supportLists]--><span style=\"font-family: 'Arial',sans-serif; mso-ansi-language: SH;\">Kurzer Lebenslauf mit pers\u00f6nlichen Angaben sowie Kontaktdaten<\/span><\/li><li class=\"MsoNormal\"><!--[endif]--><span style=\"font-family: 'Arial',sans-serif; mso-ansi-language: SH;\">Geburtsurkunde<\/span><\/li><li class=\"MsoNormal\"><span style=\"font-family: 'Arial',sans-serif; mso-ansi-language: SH;\">Wohnsitzbescheinigung<\/span><\/li><li class=\"MsoNormal\"><span style=\"font-family: 'Arial',sans-serif; mso-ansi-language: SH;\">Bescheinigung \u00fcber erfolgreich abgelegte Pr\u00fcfungsleistungen (Notendurchschnitt aller Pr\u00fcfungen einschlie\u00dflich der im gesamten Studium erzielten Studienleistungen)<\/span><\/li><li class=\"MsoNormal\"><span style=\"font-family: 'Arial',sans-serif; mso-ansi-language: SH;\">Einschreibebest\u00e4tigung f\u00fcr das akademische Jahr 2024\/2025<\/span><\/li><li class=\"MsoNormal\"><span style=\"font-family: 'Arial',sans-serif; mso-ansi-language: SH;\">Familienbogen mit Daten zum Verwandschaftsgrad der im gemeinsamen Haushalt lebenden Personen<\/span><\/li><li class=\"MsoNormal translation-block\">Nachweis des Gesamteinkommens der Eltern bzw. der Erziehungsberechtigten sowie anderen Mitgliedern des gemeinsamen Haushalts (Gehaltsnachweis mit den letzten drei Gehaltsabrechnungen, Bescheinigung der Arbeitsagentur \u00fcber Arbeitslosigkeit, Rentenbezug, Sozialleistungen und sonstige Leistungen, Erkl\u00e4rung zum Besch\u00e4ftigungsverh\u00e4ltnis der Mitglieder des gemeinsamen Haushalts)<\/li><li class=\"MsoNormal\"><span style=\"font-family: 'Arial',sans-serif; mso-ansi-language: SH;\">Kopie der Sterbeurkunde f\u00fcr Studenten ohne Eltern bzw. eines Elternteils<\/span><\/li><\/ol><p class=\"MsoNormal\"><span style=\"font-family: 'Arial',sans-serif; mso-ansi-language: SH;\">Studierende, die bereits andere Stipendien erhalten, verlieren nicht das Recht, sich zu bewerben, es sei denn, sie sind verpflichtet, durch ein Stipendienprogramm bei einem anderen Arbeitgeber ein Arbeitsverh\u00e4ltnis aufzubauen.<\/span><\/p><p class=\"MsoNormal\"><span style=\"font-family: 'Arial',sans-serif; mso-ansi-language: SH;\">Zahtjeve za dodjelu stipendija dostaviti po\u0161tom ili osobno u zape\u0107a\u0107enoj kuverti na adresu: <\/span><b><span style=\"font-family: 'Arial',sans-serif; mso-ansi-language: SH;\">FEAL d.o.o. Siroki Brijeg, Trnska cesta 146, 88220 Siroki Brijeg<\/span><\/b><\/p><p class=\"MsoNormal translation-block\"><span style=\"font-family: 'Arial',sans-serif\">Beschriften Sie den Buchstaben mit \u201e<b>ANTRAG AUF VERGABE EINES STIPENDIUMS\u201c<\/b> und geben Sie das Fachgebiet des Studenten an Studium und Studienjahr. <\/span><span style=\"font-family: 'Arial',sans-serif\">Die \u00f6ffentliche Ausschreibung ist ab dem Ver\u00f6ffentlichungsdatum 14 Tage lang ge\u00f6ffnet. <\/span><span style=\"font-family: Arial, sans-serif;font-size: 16px\">Unvollst\u00e4ndige und versp\u00e4tete Bewerbungen werden nicht angenommen in <\/span><span style=\"font-family: ' Arial ',sans-serif\">consideration.<\/span><\/p><p class=\"MsoNormal\"><span style=\"font-family: 'Arial',sans-serif; mso-ansi-language: SH;\">\u00a0<\/span><\/p>\t\t\t\t\t\t<\/div>\n\t\t\t\t<\/div>\n\t\t\t\t\t<\/div>\n\t\t<\/div>\n\t\t\t\t\t<\/div>\n\t\t<\/section>\n\t\t\t\t<section class=\"elementor-section elementor-top-section elementor-element elementor-element-f42a5f0 elementor-section-boxed elementor-section-height-default elementor-section-height-default\" data-id=\"f42a5f0\" data-element_type=\"section\">\n\t\t\t\t\t\t<div class=\"elementor-container elementor-column-gap-default\">\n\t\t\t\t\t<div class=\"elementor-column elementor-col-100 elementor-top-column elementor-element elementor-element-59e63ec\" data-id=\"59e63ec\" data-element_type=\"column\">\n\t\t\t<div class=\"elementor-widget-wrap elementor-element-populated\">\n\t\t\t\t\t\t<div class=\"elementor-element elementor-element-fe5af4a elementor-widget elementor-widget-spacer\" data-id=\"fe5af4a\" data-element_type=\"widget\" data-widget_type=\"spacer.default\">\n\t\t\t\t<div class=\"elementor-widget-container\">\n\t\t\t\t\t<div class=\"elementor-spacer\">\n\t\t\t<div class=\"elementor-spacer-inner\"><\/div>\n\t\t<\/div>\n\t\t\t\t<\/div>\n\t\t\t\t<\/div>\n\t\t\t\t<div class=\"elementor-element elementor-element-69d72d9 elementor-widget elementor-widget-heading\" data-id=\"69d72d9\" data-element_type=\"widget\" data-widget_type=\"heading.default\">\n\t\t\t\t<div class=\"elementor-widget-container\">\n\t\t\t<h3 class=\"elementor-heading-title elementor-size-default\">Weiterlesen:<\/h3>\t\t<\/div>\n\t\t\t\t<\/div>\n\t\t\t\t<div class=\"elementor-element elementor-element-1487390 elementor-widget-divider--view-line elementor-widget elementor-widget-divider\" data-id=\"1487390\" data-element_type=\"widget\" data-widget_type=\"divider.default\">\n\t\t\t\t<div class=\"elementor-widget-container\">\n\t\t\t\t\t<div class=\"elementor-divider\">\n\t\t\t<span class=\"elementor-divider-separator\">\n\t\t\t\t\t\t<\/span>\n\t\t<\/div>\n\t\t\t\t<\/div>\n\t\t\t\t<\/div>\n\t\t\t\t<section class=\"elementor-section elementor-inner-section elementor-element elementor-element-f77c9f1 elementor-section-full_width elementor-section-height-default elementor-section-height-default\" data-id=\"f77c9f1\" data-element_type=\"section\">\n\t\t\t\t\t\t<div class=\"elementor-container elementor-column-gap-no\">\n\t\t\t\t\t<div class=\"elementor-column elementor-col-33 elementor-inner-column elementor-element elementor-element-d5e22e6\" data-id=\"d5e22e6\" data-element_type=\"column\">\n\t\t\t<div class=\"elementor-widget-wrap elementor-element-populated\">\n\t\t\t\t\t\t<div class=\"elementor-element elementor-element-65aa3e0 elementor-widget elementor-widget-image\" data-id=\"65aa3e0\" data-element_type=\"widget\" data-widget_type=\"image.default\">\n\t\t\t\t<div class=\"elementor-widget-container\">\n\t\t\t\t\t\t\t\t\t\t\t\t\t<img decoding=\"async\" width=\"500\" height=\"327\" src=\"https:\/\/fealold.feal.hr\/wp-content\/uploads\/2020\/04\/dani-arhitekata.jpg\" class=\"attachment-full size-full wp-image-1134\" alt=\"\" srcset=\"https:\/\/fealold.feal.hr\/wp-content\/uploads\/2020\/04\/dani-arhitekata.jpg 500w, https:\/\/fealold.feal.hr\/wp-content\/uploads\/2020\/04\/dani-arhitekata-300x196.jpg 300w\" sizes=\"(max-width: 500px) 100vw, 500px\" \/>\t\t\t\t\t\t\t\t\t\t\t\t\t<\/div>\n\t\t\t\t<\/div>\n\t\t\t\t<div class=\"elementor-element elementor-element-1d74c42 elementor-widget elementor-widget-heading\" data-id=\"1d74c42\" data-element_type=\"widget\" data-widget_type=\"heading.default\">\n\t\t\t\t<div class=\"elementor-widget-container\">\n\t\t\t<h5 class=\"elementor-heading-title elementor-size-default\"><a href=\"https:\/\/fealold.feal.hr\/de\/vijest-dani-arhitekata-3-0\/\">Tage der Architekten 3.0<\/a><\/h5>\t\t<\/div>\n\t\t\t\t<\/div>\n\t\t\t\t<div class=\"elementor-element elementor-element-6be9c22 elementor-widget elementor-widget-text-editor\" data-id=\"6be9c22\" data-element_type=\"widget\" data-widget_type=\"text-editor.default\">\n\t\t\t\t<div class=\"elementor-widget-container\">\n\t\t\t\t\t\t\t<p>FEAL hat auch an der diesj\u00e4hrigen f\u00fchrenden Fachversammlung \"Tage der Architekten 3.0\" teilgenommen<\/p>\t\t\t\t\t\t<\/div>\n\t\t\t\t<\/div>\n\t\t\t\t<div class=\"elementor-element elementor-element-62e9d42 elementor-align-left elementor-widget elementor-widget-button\" data-id=\"62e9d42\" data-element_type=\"widget\" data-widget_type=\"button.default\">\n\t\t\t\t<div class=\"elementor-widget-container\">\n\t\t\t\t\t<div class=\"elementor-button-wrapper\">\n\t\t\t<a class=\"elementor-button elementor-button-link elementor-size-md\" href=\"https:\/\/fealold.feal.hr\/de\/vijest-dani-arhitekata-3-0\/\">\n\t\t\t\t\t\t<span class=\"elementor-button-content-wrapper\">\n\t\t\t\t\t\t<span class=\"elementor-button-icon\">\n\t\t\t\t<i aria-hidden=\"true\" class=\"fas fa-angle-double-right\"><\/i>\t\t\t<\/span>\n\t\t\t\t\t\t\t\t\t<span class=\"elementor-button-text\">Weiterlesen<\/span>\n\t\t\t\t\t<\/span>\n\t\t\t\t\t<\/a>\n\t\t<\/div>\n\t\t\t\t<\/div>\n\t\t\t\t<\/div>\n\t\t\t\t\t<\/div>\n\t\t<\/div>\n\t\t\t\t<div class=\"elementor-column elementor-col-33 elementor-inner-column elementor-element elementor-element-4a86a08\" data-id=\"4a86a08\" data-element_type=\"column\">\n\t\t\t<div class=\"elementor-widget-wrap elementor-element-populated\">\n\t\t\t\t\t\t<div class=\"elementor-element elementor-element-8b9a8d4 elementor-widget elementor-widget-image\" data-id=\"8b9a8d4\" data-element_type=\"widget\" data-widget_type=\"image.default\">\n\t\t\t\t<div class=\"elementor-widget-container\">\n\t\t\t\t\t\t\t\t\t\t\t\t\t<img decoding=\"async\" width=\"500\" height=\"327\" src=\"https:\/\/fealold.feal.hr\/wp-content\/uploads\/2020\/04\/direktor.jpg\" class=\"attachment-full size-full wp-image-1136\" alt=\"\" srcset=\"https:\/\/fealold.feal.hr\/wp-content\/uploads\/2020\/04\/direktor.jpg 500w, https:\/\/fealold.feal.hr\/wp-content\/uploads\/2020\/04\/direktor-300x196.jpg 300w\" sizes=\"(max-width: 500px) 100vw, 500px\" \/>\t\t\t\t\t\t\t\t\t\t\t\t\t<\/div>\n\t\t\t\t<\/div>\n\t\t\t\t<div class=\"elementor-element elementor-element-c9b7581 elementor-widget elementor-widget-heading\" data-id=\"c9b7581\" data-element_type=\"widget\" data-widget_type=\"heading.default\">\n\t\t\t\t<div class=\"elementor-widget-container\">\n\t\t\t<h5 class=\"elementor-heading-title elementor-size-default\"><a href=\"https:\/\/fealold.feal.hr\/de\/vijest-novi-direktor\/\">Interview: Ante Musa, der neue Gesch\u00e4ftsf\u00fchrer von FEAL<\/a><\/h5>\t\t<\/div>\n\t\t\t\t<\/div>\n\t\t\t\t<div class=\"elementor-element elementor-element-e7597b4 elementor-widget elementor-widget-text-editor\" data-id=\"e7597b4\" data-element_type=\"widget\" data-widget_type=\"text-editor.default\">\n\t\t\t\t<div class=\"elementor-widget-container\">\n\t\t\t\t\t\t\t<p>Interview mit dem neuen Gesch\u00e4ftsf\u00fchrer von FEAL<\/p>\t\t\t\t\t\t<\/div>\n\t\t\t\t<\/div>\n\t\t\t\t<div class=\"elementor-element elementor-element-1c4cc46 elementor-align-left elementor-widget elementor-widget-button\" data-id=\"1c4cc46\" data-element_type=\"widget\" data-widget_type=\"button.default\">\n\t\t\t\t<div class=\"elementor-widget-container\">\n\t\t\t\t\t<div class=\"elementor-button-wrapper\">\n\t\t\t<a class=\"elementor-button elementor-button-link elementor-size-md\" href=\"https:\/\/fealold.feal.hr\/de\/vijest-novi-direktor\/\">\n\t\t\t\t\t\t<span class=\"elementor-button-content-wrapper\">\n\t\t\t\t\t\t<span class=\"elementor-button-icon\">\n\t\t\t\t<i aria-hidden=\"true\" class=\"fas fa-angle-double-right\"><\/i>\t\t\t<\/span>\n\t\t\t\t\t\t\t\t\t<span class=\"elementor-button-text\">Weiterlesen<\/span>\n\t\t\t\t\t<\/span>\n\t\t\t\t\t<\/a>\n\t\t<\/div>\n\t\t\t\t<\/div>\n\t\t\t\t<\/div>\n\t\t\t\t\t<\/div>\n\t\t<\/div>\n\t\t\t\t<div class=\"elementor-column elementor-col-33 elementor-inner-column elementor-element elementor-element-03c7cdf\" data-id=\"03c7cdf\" data-element_type=\"column\">\n\t\t\t<div class=\"elementor-widget-wrap elementor-element-populated\">\n\t\t\t\t\t\t<div class=\"elementor-element elementor-element-4bda54a elementor-widget elementor-widget-image\" data-id=\"4bda54a\" data-element_type=\"widget\" data-widget_type=\"image.default\">\n\t\t\t\t<div class=\"elementor-widget-container\">\n\t\t\t\t\t\t\t\t\t\t\t\t\t<img loading=\"lazy\" decoding=\"async\" width=\"500\" height=\"327\" src=\"https:\/\/fealold.feal.hr\/wp-content\/uploads\/2020\/04\/sfera-vijest.jpg\" class=\"attachment-full size-full wp-image-1488\" alt=\"\" srcset=\"https:\/\/fealold.feal.hr\/wp-content\/uploads\/2020\/04\/sfera-vijest.jpg 500w, https:\/\/fealold.feal.hr\/wp-content\/uploads\/2020\/04\/sfera-vijest-300x196.jpg 300w\" sizes=\"(max-width: 500px) 100vw, 500px\" \/>\t\t\t\t\t\t\t\t\t\t\t\t\t<\/div>\n\t\t\t\t<\/div>\n\t\t\t\t<div class=\"elementor-element elementor-element-d0b4fb3 elementor-widget elementor-widget-heading\" data-id=\"d0b4fb3\" data-element_type=\"widget\" data-widget_type=\"heading.default\">\n\t\t\t\t<div class=\"elementor-widget-container\">\n\t\t\t<h5 class=\"elementor-heading-title elementor-size-default\"><a href=\"https:\/\/fealold.feal.hr\/de\/vijest-sfera-2020\/\">Sfera 2020<\/a><\/h5>\t\t<\/div>\n\t\t\t\t<\/div>\n\t\t\t\t<div class=\"elementor-element elementor-element-36086f5 elementor-widget elementor-widget-text-editor\" data-id=\"36086f5\" data-element_type=\"widget\" data-widget_type=\"text-editor.default\">\n\t\t\t\t<div class=\"elementor-widget-container\">\n\t\t\t\t\t\t\t<p>Unser Unternehmen unterst\u00fctzte die Veranstalter auch in diesem Jahr und war Hauptsponsor der Konferenz<\/p>\t\t\t\t\t\t<\/div>\n\t\t\t\t<\/div>\n\t\t\t\t<div class=\"elementor-element elementor-element-18ebaff elementor-align-left elementor-widget elementor-widget-button\" data-id=\"18ebaff\" data-element_type=\"widget\" data-widget_type=\"button.default\">\n\t\t\t\t<div class=\"elementor-widget-container\">\n\t\t\t\t\t<div class=\"elementor-button-wrapper\">\n\t\t\t<a class=\"elementor-button elementor-button-link elementor-size-md\" href=\"https:\/\/fealold.feal.hr\/de\/vijest-sfera-2020\/\">\n\t\t\t\t\t\t<span class=\"elementor-button-content-wrapper\">\n\t\t\t\t\t\t<span class=\"elementor-button-icon\">\n\t\t\t\t<i aria-hidden=\"true\" class=\"fas fa-angle-double-right\"><\/i>\t\t\t<\/span>\n\t\t\t\t\t\t\t\t\t<span class=\"elementor-button-text\">Weiterlesen<\/span>\n\t\t\t\t\t<\/span>\n\t\t\t\t\t<\/a>\n\t\t<\/div>\n\t\t\t\t<\/div>\n\t\t\t\t<\/div>\n\t\t\t\t\t<\/div>\n\t\t<\/div>\n\t\t\t\t\t<\/div>\n\t\t<\/section>\n\t\t\t\t\t<\/div>\n\t\t<\/div>\n\t\t\t\t\t<\/div>\n\t\t<\/section>\n\t\t\t\t<\/div>","protected":false},"excerpt":{"rendered":"<p>&lt; Povratak na sve vijesti Raspisan natje\u010daj za dodjelu stipendija dru\u0161tva FEAL d.o.o. \u0160iroki Brijeg 18.10.2024. FEAL d.o.o. \u0160iroki Brijeg raspisuje JAVNI POZIV ZA DODJELU STIPENDIJA ZA AKADEMSKU GODINU 2024\/2025 FEAL d.o.o. \u0160iroki Brijeg raspisuje javni poziv za stipendiranje studenata sa sljede\u0107ih studija: Strojarstvo; Elektrotehnika; Gra\u0111evina; Arhitektura; UVJETI: Status redovnog studenta na nekom od nabrojanih &hellip;<\/p>\n<p class=\"read-more\"> <a class=\"\" href=\"https:\/\/fealold.feal.hr\/de\/stipendije2024\/\"> <span class=\"screen-reader-text\">Stipendien-Wettbewerb<\/span> Weiterlesen &raquo;<\/a><\/p>","protected":false},"author":4,"featured_media":0,"parent":0,"menu_order":0,"comment_status":"closed","ping_status":"closed","template":"","meta":{"footnotes":""},"tags":[],"class_list":["post-9676","page","type-page","status-publish","hentry"],"_links":{"self":[{"href":"https:\/\/fealold.feal.hr\/de\/wp-json\/wp\/v2\/pages\/9676","targetHints":{"allow":["GET"]}}],"collection":[{"href":"https:\/\/fealold.feal.hr\/de\/wp-json\/wp\/v2\/pages"}],"about":[{"href":"https:\/\/fealold.feal.hr\/de\/wp-json\/wp\/v2\/types\/page"}],"author":[{"embeddable":true,"href":"https:\/\/fealold.feal.hr\/de\/wp-json\/wp\/v2\/users\/4"}],"replies":[{"embeddable":true,"href":"https:\/\/fealold.feal.hr\/de\/wp-json\/wp\/v2\/comments?post=9676"}],"version-history":[{"count":8,"href":"https:\/\/fealold.feal.hr\/de\/wp-json\/wp\/v2\/pages\/9676\/revisions"}],"predecessor-version":[{"id":9692,"href":"https:\/\/fealold.feal.hr\/de\/wp-json\/wp\/v2\/pages\/9676\/revisions\/9692"}],"wp:attachment":[{"href":"https:\/\/fealold.feal.hr\/de\/wp-json\/wp\/v2\/media?parent=9676"}],"wp:term":[{"taxonomy":"post_tag","embeddable":true,"href":"https:\/\/fealold.feal.hr\/de\/wp-json\/wp\/v2\/tags?post=9676"}],"curies":[{"name":"wp","href":"https:\/\/api.w.org\/{rel}","templated":true}]}}