{"id":5995,"date":"2020-11-20T10:23:45","date_gmt":"2020-11-20T10:23:45","guid":{"rendered":"https:\/\/fealold.feal.hr\/?page_id=5995"},"modified":"2021-11-11T08:01:42","modified_gmt":"2021-11-11T08:01:42","slug":"natjecaj-za-dodjelu-stipendija","status":"publish","type":"page","link":"https:\/\/fealold.feal.hr\/en\/natjecaj-za-dodjelu-stipendija\/","title":{"rendered":"Vijest: Natje\u010daj za dodjelu stipendija"},"content":{"rendered":"<div data-elementor-type=\"wp-page\" data-elementor-id=\"5995\" class=\"elementor elementor-5995\" data-elementor-post-type=\"page\">\n\t\t\t\t\t\t<section class=\"elementor-section elementor-top-section elementor-element elementor-element-9d31bdc elementor-hidden-tablet elementor-hidden-phone elementor-section-boxed elementor-section-height-default elementor-section-height-default\" data-id=\"9d31bdc\" data-element_type=\"section\" data-settings=\"{&quot;background_background&quot;:&quot;classic&quot;}\">\n\t\t\t\t\t\t<div class=\"elementor-container elementor-column-gap-default\">\n\t\t\t\t\t<div class=\"elementor-column elementor-col-100 elementor-top-column elementor-element elementor-element-2c7db2d\" data-id=\"2c7db2d\" data-element_type=\"column\">\n\t\t\t<div class=\"elementor-widget-wrap elementor-element-populated\">\n\t\t\t\t\t\t<div class=\"elementor-element elementor-element-74e0bf8 elementor-widget elementor-widget-heading\" data-id=\"74e0bf8\" data-element_type=\"widget\" data-widget_type=\"heading.default\">\n\t\t\t\t<div class=\"elementor-widget-container\">\n\t\t\t<h6 class=\"elementor-heading-title elementor-size-default\"><a href=\"https:\/\/fealold.feal.hr\/en\/vijesti\/\">&lt; News<\/a><\/h6>\t\t<\/div>\n\t\t\t\t<\/div>\n\t\t\t\t\t<\/div>\n\t\t<\/div>\n\t\t\t\t\t<\/div>\n\t\t<\/section>\n\t\t\t\t<section class=\"elementor-section elementor-top-section elementor-element elementor-element-34251be elementor-section-boxed elementor-section-height-default elementor-section-height-default\" data-id=\"34251be\" data-element_type=\"section\">\n\t\t\t\t\t\t<div class=\"elementor-container elementor-column-gap-default\">\n\t\t\t\t\t<div class=\"elementor-column elementor-col-100 elementor-top-column elementor-element elementor-element-5803b9b\" data-id=\"5803b9b\" data-element_type=\"column\">\n\t\t\t<div class=\"elementor-widget-wrap elementor-element-populated\">\n\t\t\t\t\t\t<div class=\"elementor-element elementor-element-76da923 elementor-widget elementor-widget-heading\" data-id=\"76da923\" data-element_type=\"widget\" data-widget_type=\"heading.default\">\n\t\t\t\t<div class=\"elementor-widget-container\">\n\t\t\t<h3 class=\"elementor-heading-title elementor-size-default\">Scholarships tender has been announced by FEAL d.o.o. \u0160iroki Brijeg<\/h3>\t\t<\/div>\n\t\t\t\t<\/div>\n\t\t\t\t\t<\/div>\n\t\t<\/div>\n\t\t\t\t\t<\/div>\n\t\t<\/section>\n\t\t\t\t<section class=\"elementor-section elementor-top-section elementor-element elementor-element-1cde6ce elementor-section-boxed elementor-section-height-default elementor-section-height-default\" data-id=\"1cde6ce\" data-element_type=\"section\">\n\t\t\t\t\t\t<div class=\"elementor-container elementor-column-gap-default\">\n\t\t\t\t\t<div class=\"elementor-column elementor-col-100 elementor-top-column elementor-element elementor-element-e0c7c1c\" data-id=\"e0c7c1c\" data-element_type=\"column\">\n\t\t\t<div class=\"elementor-widget-wrap elementor-element-populated\">\n\t\t\t\t\t\t<div class=\"elementor-element elementor-element-f4e9436 elementor-widget elementor-widget-text-editor\" data-id=\"f4e9436\" data-element_type=\"widget\" data-widget_type=\"text-editor.default\">\n\t\t\t\t<div class=\"elementor-widget-container\">\n\t\t\t\t\t\t\t<em>20.11.2020<\/em>\t\t\t\t\t\t<\/div>\n\t\t\t\t<\/div>\n\t\t\t\t\t<\/div>\n\t\t<\/div>\n\t\t\t\t\t<\/div>\n\t\t<\/section>\n\t\t\t\t<section class=\"elementor-section elementor-top-section elementor-element elementor-element-c227ef9 elementor-section-boxed elementor-section-height-default elementor-section-height-default\" data-id=\"c227ef9\" data-element_type=\"section\">\n\t\t\t\t\t\t<div class=\"elementor-container elementor-column-gap-default\">\n\t\t\t\t\t<div class=\"elementor-column elementor-col-100 elementor-top-column elementor-element elementor-element-920d71a\" data-id=\"920d71a\" data-element_type=\"column\">\n\t\t\t<div class=\"elementor-widget-wrap elementor-element-populated\">\n\t\t\t\t\t\t<div class=\"elementor-element elementor-element-4d3b663 elementor-widget elementor-widget-image\" data-id=\"4d3b663\" data-element_type=\"widget\" data-widget_type=\"image.default\">\n\t\t\t\t<div class=\"elementor-widget-container\">\n\t\t\t\t\t\t\t\t\t\t\t\t\t<img fetchpriority=\"high\" decoding=\"async\" width=\"1200\" height=\"400\" src=\"https:\/\/fealold.feal.hr\/wp-content\/uploads\/2020\/11\/stipendije-2.jpg\" class=\"attachment-full size-full wp-image-5998\" alt=\"\" srcset=\"https:\/\/fealold.feal.hr\/wp-content\/uploads\/2020\/11\/stipendije-2.jpg 1200w, https:\/\/fealold.feal.hr\/wp-content\/uploads\/2020\/11\/stipendije-2-300x100.jpg 300w, https:\/\/fealold.feal.hr\/wp-content\/uploads\/2020\/11\/stipendije-2-1024x341.jpg 1024w, https:\/\/fealold.feal.hr\/wp-content\/uploads\/2020\/11\/stipendije-2-768x256.jpg 768w, https:\/\/fealold.feal.hr\/wp-content\/uploads\/2020\/11\/stipendije-2-16x5.jpg 16w\" sizes=\"(max-width: 1200px) 100vw, 1200px\" \/>\t\t\t\t\t\t\t\t\t\t\t\t\t<\/div>\n\t\t\t\t<\/div>\n\t\t\t\t\t<\/div>\n\t\t<\/div>\n\t\t\t\t\t<\/div>\n\t\t<\/section>\n\t\t\t\t<section class=\"elementor-section elementor-top-section elementor-element elementor-element-a2bec56 elementor-section-boxed elementor-section-height-default elementor-section-height-default elementor-invisible\" data-id=\"a2bec56\" data-element_type=\"section\" data-settings=\"{&quot;animation&quot;:&quot;fadeIn&quot;}\">\n\t\t\t\t\t\t<div class=\"elementor-container elementor-column-gap-default\">\n\t\t\t\t\t<div class=\"elementor-column elementor-col-100 elementor-top-column elementor-element elementor-element-f9ba3b7\" data-id=\"f9ba3b7\" data-element_type=\"column\">\n\t\t\t<div class=\"elementor-widget-wrap elementor-element-populated\">\n\t\t\t\t\t\t<div class=\"elementor-element elementor-element-4a83102 elementor-widget elementor-widget-text-editor\" data-id=\"4a83102\" data-element_type=\"widget\" data-widget_type=\"text-editor.default\">\n\t\t\t\t<div class=\"elementor-widget-container\">\n\t\t\t\t\t\t\t<p><em>Based on the Regulations on awarding scholarships, FEAL d.o.o. \u0160iroki Brijeg is announcing<\/em><\/p><p><strong>PUBLIC CALL FOR SUBMISSION OF APPLICATIONS FOR SCHOLARSHIPS FOR FULL-TIME STUDENTS OF THE FIRST AND SECOND CYCLE OF STUDIES FOR THE ACADEMIC YEAR 2020\/2021<\/strong><\/p><p>By the decision of the Management Board of the Company, and in accordance with the provisions of the Regulations on the award of scholarships, FEAL d.o.o. \u0160iroki Brijeg is announcing a public call for scholarships for students from the following studies:<\/p><ul><li>Mechanical engineering<\/li><li>Electrical engineering<\/li><li>Informatics<\/li><li>Computer Science<\/li><li>Architecture<\/li><li>Industrial design<\/li><\/ul><p>The total number of scholarships will be determined after the application review process, candidate evaluation and interview.<\/p><p>CONDITIONS<\/p><ul><li>The status of a full-time student in one of the listed studies in the 2nd or 3rd year of the first cycle, i.e. the 4th or 5th year of the second cycle, which includes integrated studies for the stated years of study.<\/li><li>Studying at universities in Bosnia and Herzegovina or in any country of the European Union<\/li><li>The candidate must not be employed or older than 30 years<\/li><\/ul><p>SCHOLARSHIP CRITERIA<\/p><ul><li>The average grade point average of all passed exams (including all years of study)<\/li><li>Student engagement in additional professional teaching or extracurricular activities<\/li><li>Social and material conditions in the family<\/li><li>Evaluation of the commission for the selection of scholarship holders<\/li><\/ul><p>SCHOLARSHIP REGULATIONS AND CONDITIONS<\/p><p class=\" translation-block\"><span style=\"font-family: 'Arial',sans-serif\">The amount of the monthly scholarship is <b>500 KM.<\/b> <\/span><\/p><p>Students who are eligible for the scholarship receive the scholarship for 10 months in the academic year.<\/p><p>The scholarship holder retains the right to a scholarship until the completion of studies in accordance with the conditions and provisions of the Regulations on awarding of scholarships.<\/p><p>The beneficiary of the scholarship will conclude a probationary contract for a period of 6 months after graduation and perform practical classes in the company FEAL d.o.o. \u0160iroki Brijeg with the aim of establishing a permanent employment relationship in accordance with the provisions of the Regulations on awarding of scholarships.<\/p><p>Detailed rights and obligations of the Scholarship Beneficiary are contained in the Regulations on awarding of scholarships and in the contract on the award of scholarships, which shall be concluded after the procedure.<\/p><p>NECESSARY DOCUMENTATION<\/p><ul><li>Short CV with personal and contact information<\/li><li>Birth certificate<\/li><li>Certificate of residence<\/li><li>Certificate of passed exams with the average grade of all passed exams (including all years of study)<\/li><li>Certificate of enrolled academic year 2020\/2021.<\/li><li>Copies of evidence of extracurricular or additional teaching activities (certificates, credentials, awards, certificates of courses, workshops, etc.)<\/li><li>Certified house list with data on kinship with the persons listed on the house list<\/li><li class=\" translation-block\">Evidence of total income of parents or guardians and other members of the joint household (salary certificate with the last three payrolls, certificate from the Employment Service on unemployment, pension receipt, social and other benefits, certified statement of employment status of members of the joint household)<\/li><li>A copy of the death certificate for a student without one or both parents<\/li><\/ul><p>Students who are already receiving other scholarships do not lose the right to apply, unless they have an obligation to establish an employment relationship through a scholarship program with another employer.<\/p><p>Applications for scholarships should be submitted by mail or in person in a sealed envelope to the address:<\/p><p><strong>FEAL d.o.o. \u0160iroki Brijeg, Trnska cesta 146, 88220 \u0160iroki Brijeg<\/strong><\/p><p class=\" translation-block\">The envelope should be entitled \"APPLICATION FOR A SCHOLARSHIP\" with an indication of the student's field and year of study.<\/p><p>The public call is open for 14 days from the day of publication.<\/p><p>Incomplete and untimely applications will not be considered!<\/p>\t\t\t\t\t\t<\/div>\n\t\t\t\t<\/div>\n\t\t\t\t\t<\/div>\n\t\t<\/div>\n\t\t\t\t\t<\/div>\n\t\t<\/section>\n\t\t\t\t<section class=\"elementor-section elementor-top-section elementor-element elementor-element-8148c69 elementor-section-boxed elementor-section-height-default elementor-section-height-default\" data-id=\"8148c69\" data-element_type=\"section\">\n\t\t\t\t\t\t<div class=\"elementor-container elementor-column-gap-default\">\n\t\t\t\t\t<div class=\"elementor-column elementor-col-100 elementor-top-column elementor-element elementor-element-75bbd8a\" data-id=\"75bbd8a\" data-element_type=\"column\">\n\t\t\t<div class=\"elementor-widget-wrap elementor-element-populated\">\n\t\t\t\t\t\t<div class=\"elementor-element elementor-element-6288e88 elementor-widget elementor-widget-spacer\" data-id=\"6288e88\" data-element_type=\"widget\" data-widget_type=\"spacer.default\">\n\t\t\t\t<div class=\"elementor-widget-container\">\n\t\t\t\t\t<div class=\"elementor-spacer\">\n\t\t\t<div class=\"elementor-spacer-inner\"><\/div>\n\t\t<\/div>\n\t\t\t\t<\/div>\n\t\t\t\t<\/div>\n\t\t\t\t<div class=\"elementor-element elementor-element-cd78e87 elementor-widget elementor-widget-heading\" data-id=\"cd78e87\" data-element_type=\"widget\" data-widget_type=\"heading.default\">\n\t\t\t\t<div class=\"elementor-widget-container\">\n\t\t\t<h3 class=\"elementor-heading-title elementor-size-default\">Read more:<\/h3>\t\t<\/div>\n\t\t\t\t<\/div>\n\t\t\t\t<div class=\"elementor-element elementor-element-3002611 elementor-widget-divider--view-line elementor-widget elementor-widget-divider\" data-id=\"3002611\" data-element_type=\"widget\" data-widget_type=\"divider.default\">\n\t\t\t\t<div class=\"elementor-widget-container\">\n\t\t\t\t\t<div class=\"elementor-divider\">\n\t\t\t<span class=\"elementor-divider-separator\">\n\t\t\t\t\t\t<\/span>\n\t\t<\/div>\n\t\t\t\t<\/div>\n\t\t\t\t<\/div>\n\t\t\t\t<section class=\"elementor-section elementor-inner-section elementor-element elementor-element-a72f4eb elementor-section-full_width elementor-section-height-default elementor-section-height-default\" data-id=\"a72f4eb\" data-element_type=\"section\">\n\t\t\t\t\t\t<div class=\"elementor-container elementor-column-gap-no\">\n\t\t\t\t\t<div class=\"elementor-column elementor-col-33 elementor-inner-column elementor-element elementor-element-41af3fa\" data-id=\"41af3fa\" data-element_type=\"column\">\n\t\t\t<div class=\"elementor-widget-wrap elementor-element-populated\">\n\t\t\t\t\t\t<div class=\"elementor-element elementor-element-681f951 elementor-widget elementor-widget-image\" data-id=\"681f951\" data-element_type=\"widget\" data-widget_type=\"image.default\">\n\t\t\t\t<div class=\"elementor-widget-container\">\n\t\t\t\t\t\t\t\t\t\t\t\t\t<img decoding=\"async\" width=\"500\" height=\"327\" src=\"https:\/\/fealold.feal.hr\/wp-content\/uploads\/2020\/04\/dani-arhitekata.jpg\" class=\"attachment-full size-full wp-image-1134\" alt=\"\" srcset=\"https:\/\/fealold.feal.hr\/wp-content\/uploads\/2020\/04\/dani-arhitekata.jpg 500w, https:\/\/fealold.feal.hr\/wp-content\/uploads\/2020\/04\/dani-arhitekata-300x196.jpg 300w\" sizes=\"(max-width: 500px) 100vw, 500px\" \/>\t\t\t\t\t\t\t\t\t\t\t\t\t<\/div>\n\t\t\t\t<\/div>\n\t\t\t\t<div class=\"elementor-element elementor-element-7ced5ca elementor-widget elementor-widget-heading\" data-id=\"7ced5ca\" data-element_type=\"widget\" data-widget_type=\"heading.default\">\n\t\t\t\t<div class=\"elementor-widget-container\">\n\t\t\t<h5 class=\"elementor-heading-title elementor-size-default\"><a href=\"https:\/\/fealold.feal.hr\/en\/vijest-dani-arhitekata-3-0\/\">Days of architects 3.0<\/a><\/h5>\t\t<\/div>\n\t\t\t\t<\/div>\n\t\t\t\t<div class=\"elementor-element elementor-element-cb6da9b elementor-widget elementor-widget-text-editor\" data-id=\"cb6da9b\" data-element_type=\"widget\" data-widget_type=\"text-editor.default\">\n\t\t\t\t<div class=\"elementor-widget-container\">\n\t\t\t\t\t\t\t<p>This year, once more we provided support to the leading architectural gathering \"Days of Architects 3.0\"<\/p>\t\t\t\t\t\t<\/div>\n\t\t\t\t<\/div>\n\t\t\t\t<div class=\"elementor-element elementor-element-e5caeaa elementor-align-left elementor-widget elementor-widget-button\" data-id=\"e5caeaa\" data-element_type=\"widget\" data-widget_type=\"button.default\">\n\t\t\t\t<div class=\"elementor-widget-container\">\n\t\t\t\t\t<div class=\"elementor-button-wrapper\">\n\t\t\t<a class=\"elementor-button elementor-button-link elementor-size-md\" href=\"https:\/\/fealold.feal.hr\/en\/vijest-dani-arhitekata-3-0\/\">\n\t\t\t\t\t\t<span class=\"elementor-button-content-wrapper\">\n\t\t\t\t\t\t<span class=\"elementor-button-icon\">\n\t\t\t\t<i aria-hidden=\"true\" class=\"fas fa-angle-double-right\"><\/i>\t\t\t<\/span>\n\t\t\t\t\t\t\t\t\t<span class=\"elementor-button-text\">Read more<\/span>\n\t\t\t\t\t<\/span>\n\t\t\t\t\t<\/a>\n\t\t<\/div>\n\t\t\t\t<\/div>\n\t\t\t\t<\/div>\n\t\t\t\t\t<\/div>\n\t\t<\/div>\n\t\t\t\t<div class=\"elementor-column elementor-col-33 elementor-inner-column elementor-element elementor-element-84b23b5\" data-id=\"84b23b5\" data-element_type=\"column\">\n\t\t\t<div class=\"elementor-widget-wrap elementor-element-populated\">\n\t\t\t\t\t\t<div class=\"elementor-element elementor-element-6de4561 elementor-widget elementor-widget-image\" data-id=\"6de4561\" data-element_type=\"widget\" data-widget_type=\"image.default\">\n\t\t\t\t<div class=\"elementor-widget-container\">\n\t\t\t\t\t\t\t\t\t\t\t\t\t<img decoding=\"async\" width=\"500\" height=\"327\" src=\"https:\/\/fealold.feal.hr\/wp-content\/uploads\/2020\/04\/direktor.jpg\" class=\"attachment-full size-full wp-image-1136\" alt=\"\" srcset=\"https:\/\/fealold.feal.hr\/wp-content\/uploads\/2020\/04\/direktor.jpg 500w, https:\/\/fealold.feal.hr\/wp-content\/uploads\/2020\/04\/direktor-300x196.jpg 300w\" sizes=\"(max-width: 500px) 100vw, 500px\" \/>\t\t\t\t\t\t\t\t\t\t\t\t\t<\/div>\n\t\t\t\t<\/div>\n\t\t\t\t<div class=\"elementor-element elementor-element-f27c743 elementor-widget elementor-widget-heading\" data-id=\"f27c743\" data-element_type=\"widget\" data-widget_type=\"heading.default\">\n\t\t\t\t<div class=\"elementor-widget-container\">\n\t\t\t<h5 class=\"elementor-heading-title elementor-size-default\"><a href=\"https:\/\/fealold.feal.hr\/en\/vijest-novi-direktor\/\">Interview: Ante Musa, the new CEO of FEAL<\/a><\/h5>\t\t<\/div>\n\t\t\t\t<\/div>\n\t\t\t\t<div class=\"elementor-element elementor-element-94630e1 elementor-widget elementor-widget-text-editor\" data-id=\"94630e1\" data-element_type=\"widget\" data-widget_type=\"text-editor.default\">\n\t\t\t\t<div class=\"elementor-widget-container\">\n\t\t\t\t\t\t\t<p>Interview with the new CEO of FEAL<\/p>\t\t\t\t\t\t<\/div>\n\t\t\t\t<\/div>\n\t\t\t\t<div class=\"elementor-element elementor-element-60a4640 elementor-align-left elementor-widget elementor-widget-button\" data-id=\"60a4640\" data-element_type=\"widget\" data-widget_type=\"button.default\">\n\t\t\t\t<div class=\"elementor-widget-container\">\n\t\t\t\t\t<div class=\"elementor-button-wrapper\">\n\t\t\t<a class=\"elementor-button elementor-button-link elementor-size-md\" href=\"https:\/\/fealold.feal.hr\/en\/vijest-novi-direktor\/\">\n\t\t\t\t\t\t<span class=\"elementor-button-content-wrapper\">\n\t\t\t\t\t\t<span class=\"elementor-button-icon\">\n\t\t\t\t<i aria-hidden=\"true\" class=\"fas fa-angle-double-right\"><\/i>\t\t\t<\/span>\n\t\t\t\t\t\t\t\t\t<span class=\"elementor-button-text\">Read more<\/span>\n\t\t\t\t\t<\/span>\n\t\t\t\t\t<\/a>\n\t\t<\/div>\n\t\t\t\t<\/div>\n\t\t\t\t<\/div>\n\t\t\t\t\t<\/div>\n\t\t<\/div>\n\t\t\t\t<div class=\"elementor-column elementor-col-33 elementor-inner-column elementor-element elementor-element-c79b4a6\" data-id=\"c79b4a6\" data-element_type=\"column\">\n\t\t\t<div class=\"elementor-widget-wrap elementor-element-populated\">\n\t\t\t\t\t\t<div class=\"elementor-element elementor-element-d1bcd2e elementor-widget elementor-widget-image\" data-id=\"d1bcd2e\" data-element_type=\"widget\" data-widget_type=\"image.default\">\n\t\t\t\t<div class=\"elementor-widget-container\">\n\t\t\t\t\t\t\t\t\t\t\t\t\t<img loading=\"lazy\" decoding=\"async\" width=\"500\" height=\"327\" src=\"https:\/\/fealold.feal.hr\/wp-content\/uploads\/2020\/04\/sfera-vijest.jpg\" class=\"attachment-full size-full wp-image-1488\" alt=\"\" srcset=\"https:\/\/fealold.feal.hr\/wp-content\/uploads\/2020\/04\/sfera-vijest.jpg 500w, https:\/\/fealold.feal.hr\/wp-content\/uploads\/2020\/04\/sfera-vijest-300x196.jpg 300w\" sizes=\"(max-width: 500px) 100vw, 500px\" \/>\t\t\t\t\t\t\t\t\t\t\t\t\t<\/div>\n\t\t\t\t<\/div>\n\t\t\t\t<div class=\"elementor-element elementor-element-278875b elementor-widget elementor-widget-heading\" data-id=\"278875b\" data-element_type=\"widget\" data-widget_type=\"heading.default\">\n\t\t\t\t<div class=\"elementor-widget-container\">\n\t\t\t<h5 class=\"elementor-heading-title elementor-size-default\"><a href=\"https:\/\/fealold.feal.hr\/en\/vijest-sfera-2020\/\">Sfera 2020<\/a><\/h5>\t\t<\/div>\n\t\t\t\t<\/div>\n\t\t\t\t<div class=\"elementor-element elementor-element-7cbaa28 elementor-widget elementor-widget-text-editor\" data-id=\"7cbaa28\" data-element_type=\"widget\" data-widget_type=\"text-editor.default\">\n\t\t\t\t<div class=\"elementor-widget-container\">\n\t\t\t\t\t\t\t<p>This year, once more we provided support to the organizers and were the general sponsor of the conference\u2026<\/p>\t\t\t\t\t\t<\/div>\n\t\t\t\t<\/div>\n\t\t\t\t<div class=\"elementor-element elementor-element-be06e9c elementor-align-left elementor-widget elementor-widget-button\" data-id=\"be06e9c\" data-element_type=\"widget\" data-widget_type=\"button.default\">\n\t\t\t\t<div class=\"elementor-widget-container\">\n\t\t\t\t\t<div class=\"elementor-button-wrapper\">\n\t\t\t<a class=\"elementor-button elementor-button-link elementor-size-md\" href=\"https:\/\/fealold.feal.hr\/en\/vijest-sfera-2020\/\">\n\t\t\t\t\t\t<span class=\"elementor-button-content-wrapper\">\n\t\t\t\t\t\t<span class=\"elementor-button-icon\">\n\t\t\t\t<i aria-hidden=\"true\" class=\"fas fa-angle-double-right\"><\/i>\t\t\t<\/span>\n\t\t\t\t\t\t\t\t\t<span class=\"elementor-button-text\">Read more<\/span>\n\t\t\t\t\t<\/span>\n\t\t\t\t\t<\/a>\n\t\t<\/div>\n\t\t\t\t<\/div>\n\t\t\t\t<\/div>\n\t\t\t\t\t<\/div>\n\t\t<\/div>\n\t\t\t\t\t<\/div>\n\t\t<\/section>\n\t\t\t\t\t<\/div>\n\t\t<\/div>\n\t\t\t\t\t<\/div>\n\t\t<\/section>\n\t\t\t\t<section class=\"elementor-section elementor-top-section elementor-element elementor-element-6fc92ce elementor-section-boxed elementor-section-height-default elementor-section-height-default\" data-id=\"6fc92ce\" data-element_type=\"section\">\n\t\t\t\t\t\t<div class=\"elementor-container elementor-column-gap-default\">\n\t\t\t\t\t<div class=\"elementor-column elementor-col-100 elementor-top-column elementor-element elementor-element-83dcecb\" data-id=\"83dcecb\" data-element_type=\"column\">\n\t\t\t<div class=\"elementor-widget-wrap elementor-element-populated\">\n\t\t\t\t\t\t<div class=\"elementor-element elementor-element-26a9cf9 elementor-widget elementor-widget-spacer\" data-id=\"26a9cf9\" data-element_type=\"widget\" data-widget_type=\"spacer.default\">\n\t\t\t\t<div class=\"elementor-widget-container\">\n\t\t\t\t\t<div class=\"elementor-spacer\">\n\t\t\t<div class=\"elementor-spacer-inner\"><\/div>\n\t\t<\/div>\n\t\t\t\t<\/div>\n\t\t\t\t<\/div>\n\t\t\t\t\t<\/div>\n\t\t<\/div>\n\t\t\t\t\t<\/div>\n\t\t<\/section>\n\t\t\t\t<\/div>","protected":false},"excerpt":{"rendered":"<p>&lt; Povratak na sve vijesti Raspisan natje\u010daj za dodjelu stipendija dru\u0161tva FEAL d.o.o. \u0160iroki Brijeg 20.11.2020.\u200b Na osnovu Pravilnika o dodjeli stipendija, FEAL d.o.o. \u0160iroki Brijeg raspisuje JAVNI POZIV ZA DOSTAVLJANJE ZAHTJEVA ZA DODJELU STIPENDIJA ZA REDOVNE STUDENTE PRVOG I DRUGOG CIKLUSA STUDIJA ZA AKADEMSKU GODINU 2020\/2021 Odlukom uprave Dru\u0161tva, a u skladu s odredbama &hellip;<\/p>\n<p class=\"read-more\"> <a class=\"\" href=\"https:\/\/fealold.feal.hr\/en\/natjecaj-za-dodjelu-stipendija\/\"> <span class=\"screen-reader-text\">Vijest: Natje\u010daj za dodjelu stipendija<\/span> Read More &raquo;<\/a><\/p>","protected":false},"author":4,"featured_media":0,"parent":0,"menu_order":0,"comment_status":"closed","ping_status":"closed","template":"","meta":{"footnotes":""},"tags":[],"class_list":["post-5995","page","type-page","status-publish","hentry"],"_links":{"self":[{"href":"https:\/\/fealold.feal.hr\/en\/wp-json\/wp\/v2\/pages\/5995","targetHints":{"allow":["GET"]}}],"collection":[{"href":"https:\/\/fealold.feal.hr\/en\/wp-json\/wp\/v2\/pages"}],"about":[{"href":"https:\/\/fealold.feal.hr\/en\/wp-json\/wp\/v2\/types\/page"}],"author":[{"embeddable":true,"href":"https:\/\/fealold.feal.hr\/en\/wp-json\/wp\/v2\/users\/4"}],"replies":[{"embeddable":true,"href":"https:\/\/fealold.feal.hr\/en\/wp-json\/wp\/v2\/comments?post=5995"}],"version-history":[{"count":20,"href":"https:\/\/fealold.feal.hr\/en\/wp-json\/wp\/v2\/pages\/5995\/revisions"}],"predecessor-version":[{"id":7002,"href":"https:\/\/fealold.feal.hr\/en\/wp-json\/wp\/v2\/pages\/5995\/revisions\/7002"}],"wp:attachment":[{"href":"https:\/\/fealold.feal.hr\/en\/wp-json\/wp\/v2\/media?parent=5995"}],"wp:term":[{"taxonomy":"post_tag","embeddable":true,"href":"https:\/\/fealold.feal.hr\/en\/wp-json\/wp\/v2\/tags?post=5995"}],"curies":[{"name":"wp","href":"https:\/\/api.w.org\/{rel}","templated":true}]}}