{"id":9693,"date":"2024-10-21T07:47:16","date_gmt":"2024-10-21T07:47:16","guid":{"rendered":"https:\/\/fealold.feal.hr\/?page_id=9693"},"modified":"2024-10-21T07:55:57","modified_gmt":"2024-10-21T07:55:57","slug":"feal-i-poliklinika-futura-u-suradnji-s-udrugom-narcis-pokrecu-inicijativu-u-mjesecu-borbe-protiv-raka-dojke","status":"publish","type":"page","link":"https:\/\/fealold.feal.hr\/en\/feal-i-poliklinika-futura-u-suradnji-s-udrugom-narcis-pokrecu-inicijativu-u-mjesecu-borbe-protiv-raka-dojke\/","title":{"rendered":"FEAL and POLIKLINIKA FUTURA in cooperation with the NARCIS ASSOCIATION launch an initiative in the month of the fight against breast cancer"},"content":{"rendered":"<div data-elementor-type=\"wp-page\" data-elementor-id=\"9693\" class=\"elementor elementor-9693\" data-elementor-post-type=\"page\">\n\t\t\t\t\t\t<section class=\"elementor-section elementor-top-section elementor-element elementor-element-db0df1f elementor-hidden-tablet elementor-hidden-phone elementor-section-boxed elementor-section-height-default elementor-section-height-default\" data-id=\"db0df1f\" data-element_type=\"section\" data-settings=\"{&quot;background_background&quot;:&quot;classic&quot;}\">\n\t\t\t\t\t\t<div class=\"elementor-container elementor-column-gap-default\">\n\t\t\t\t\t<div class=\"elementor-column elementor-col-100 elementor-top-column elementor-element elementor-element-cb84630\" data-id=\"cb84630\" data-element_type=\"column\">\n\t\t\t<div class=\"elementor-widget-wrap elementor-element-populated\">\n\t\t\t\t\t\t<div class=\"elementor-element elementor-element-61e0e2e elementor-widget elementor-widget-heading\" data-id=\"61e0e2e\" data-element_type=\"widget\" data-widget_type=\"heading.default\">\n\t\t\t\t<div class=\"elementor-widget-container\">\n\t\t\t<h6 class=\"elementor-heading-title elementor-size-default\"><a href=\"https:\/\/fealold.feal.hr\/en\/vijesti\/\">&lt; News<\/a><\/h6>\t\t<\/div>\n\t\t\t\t<\/div>\n\t\t\t\t\t<\/div>\n\t\t<\/div>\n\t\t\t\t\t<\/div>\n\t\t<\/section>\n\t\t\t\t<section class=\"elementor-section elementor-top-section elementor-element elementor-element-acd722c elementor-section-boxed elementor-section-height-default elementor-section-height-default\" data-id=\"acd722c\" data-element_type=\"section\">\n\t\t\t\t\t\t<div class=\"elementor-container elementor-column-gap-default\">\n\t\t\t\t\t<div class=\"elementor-column elementor-col-100 elementor-top-column elementor-element elementor-element-965b3f2\" data-id=\"965b3f2\" data-element_type=\"column\">\n\t\t\t<div class=\"elementor-widget-wrap elementor-element-populated\">\n\t\t\t\t\t\t<div class=\"elementor-element elementor-element-b816bf0 elementor-widget elementor-widget-heading\" data-id=\"b816bf0\" data-element_type=\"widget\" data-widget_type=\"heading.default\">\n\t\t\t\t<div class=\"elementor-widget-container\">\n\t\t\t<h3 class=\"elementor-heading-title elementor-size-default\">FEAL and POLIKLINIKA FUTURA in cooperation with the NARCIS ASSOCIATION launch an initiative in the month of the fight against breast cancer<\/h3>\t\t<\/div>\n\t\t\t\t<\/div>\n\t\t\t\t\t<\/div>\n\t\t<\/div>\n\t\t\t\t\t<\/div>\n\t\t<\/section>\n\t\t\t\t<section class=\"elementor-section elementor-top-section elementor-element elementor-element-3fec9f8 elementor-section-boxed elementor-section-height-default elementor-section-height-default\" data-id=\"3fec9f8\" data-element_type=\"section\">\n\t\t\t\t\t\t<div class=\"elementor-container elementor-column-gap-default\">\n\t\t\t\t\t<div class=\"elementor-column elementor-col-100 elementor-top-column elementor-element elementor-element-26657eb\" data-id=\"26657eb\" data-element_type=\"column\">\n\t\t\t<div class=\"elementor-widget-wrap elementor-element-populated\">\n\t\t\t\t\t\t<div class=\"elementor-element elementor-element-1679bc1 elementor-widget elementor-widget-text-editor\" data-id=\"1679bc1\" data-element_type=\"widget\" data-widget_type=\"text-editor.default\">\n\t\t\t\t<div class=\"elementor-widget-container\">\n\t\t\t\t\t\t\t<em style=\"font-size: 17px; font-weight: 400; text-align: justify;\">21.10.2024.<\/em>\t\t\t\t\t\t<\/div>\n\t\t\t\t<\/div>\n\t\t\t\t\t<\/div>\n\t\t<\/div>\n\t\t\t\t\t<\/div>\n\t\t<\/section>\n\t\t\t\t<section class=\"elementor-section elementor-top-section elementor-element elementor-element-0f7ae94 elementor-section-boxed elementor-section-height-default elementor-section-height-default\" data-id=\"0f7ae94\" data-element_type=\"section\">\n\t\t\t\t\t\t<div class=\"elementor-container elementor-column-gap-default\">\n\t\t\t\t\t<div class=\"elementor-column elementor-col-100 elementor-top-column elementor-element elementor-element-adda703\" data-id=\"adda703\" data-element_type=\"column\">\n\t\t\t<div class=\"elementor-widget-wrap elementor-element-populated\">\n\t\t\t\t\t\t<div class=\"elementor-element elementor-element-6fad459 elementor-widget elementor-widget-image\" data-id=\"6fad459\" data-element_type=\"widget\" data-widget_type=\"image.default\">\n\t\t\t\t<div class=\"elementor-widget-container\">\n\t\t\t\t\t\t\t\t\t\t\t\t\t<img fetchpriority=\"high\" decoding=\"async\" width=\"1600\" height=\"556\" src=\"https:\/\/fealold.feal.hr\/wp-content\/uploads\/2024\/10\/PLAKAT-ZA-WEB.jpg\" class=\"attachment-full size-full wp-image-9695\" alt=\"\" srcset=\"https:\/\/fealold.feal.hr\/wp-content\/uploads\/2024\/10\/PLAKAT-ZA-WEB.jpg 1600w, https:\/\/fealold.feal.hr\/wp-content\/uploads\/2024\/10\/PLAKAT-ZA-WEB-300x104.jpg 300w, https:\/\/fealold.feal.hr\/wp-content\/uploads\/2024\/10\/PLAKAT-ZA-WEB-1024x356.jpg 1024w, https:\/\/fealold.feal.hr\/wp-content\/uploads\/2024\/10\/PLAKAT-ZA-WEB-768x267.jpg 768w, https:\/\/fealold.feal.hr\/wp-content\/uploads\/2024\/10\/PLAKAT-ZA-WEB-1536x534.jpg 1536w, https:\/\/fealold.feal.hr\/wp-content\/uploads\/2024\/10\/PLAKAT-ZA-WEB-18x6.jpg 18w\" sizes=\"(max-width: 1600px) 100vw, 1600px\" \/>\t\t\t\t\t\t\t\t\t\t\t\t\t<\/div>\n\t\t\t\t<\/div>\n\t\t\t\t\t<\/div>\n\t\t<\/div>\n\t\t\t\t\t<\/div>\n\t\t<\/section>\n\t\t\t\t<section class=\"elementor-section elementor-top-section elementor-element elementor-element-b733bd8 elementor-section-boxed elementor-section-height-default elementor-section-height-default elementor-invisible\" data-id=\"b733bd8\" data-element_type=\"section\" data-settings=\"{&quot;animation&quot;:&quot;fadeIn&quot;}\">\n\t\t\t\t\t\t<div class=\"elementor-container elementor-column-gap-default\">\n\t\t\t\t\t<div class=\"elementor-column elementor-col-100 elementor-top-column elementor-element elementor-element-34ca2f3\" data-id=\"34ca2f3\" data-element_type=\"column\">\n\t\t\t<div class=\"elementor-widget-wrap elementor-element-populated\">\n\t\t\t\t\t\t<div class=\"elementor-element elementor-element-55ee01a elementor-widget elementor-widget-text-editor\" data-id=\"55ee01a\" data-element_type=\"widget\" data-widget_type=\"text-editor.default\">\n\t\t\t\t<div class=\"elementor-widget-container\">\n\t\t\t\t\t\t\t<p>As part of its socially responsible activities, Feal, whose group also includes Poliklinika Futura, started cooperation with the local Women's Association for the Fight against Breast Cancer, the Narcis Association.<\/p><p>In the month of October, dedicated to awareness and prevention of this disease, we organized an educational lecture held by Antonija Gali\u0107, president of the Narcissus Association, and Ph.D. Antonela Krasi\u0107 Arapovi\u0107, MD, specialist radiologist. These expert lectures included key information on the importance of self-examination, regular examinations and available diagnostic methods. Our goal was to educate female employees about the importance of prevention and early diagnosis of breast cancer.<\/p><p>In addition to the educational part, Feal and Poliklinika Futura provide free examinations for all female employees, with which we want to raise awareness of the importance of health and prevention. Also, part of the funds will be donated to support the work of the Narcissus Association, in order to support them in the realization of their projects. With these initiatives, we want to empower women in our community and emphasize the importance of a healthy life and timely examinations.<\/p>\t\t\t\t\t\t<\/div>\n\t\t\t\t<\/div>\n\t\t\t\t\t<\/div>\n\t\t<\/div>\n\t\t\t\t\t<\/div>\n\t\t<\/section>\n\t\t\t\t<section class=\"elementor-section elementor-top-section elementor-element elementor-element-2d9ae16 elementor-section-boxed elementor-section-height-default elementor-section-height-default\" data-id=\"2d9ae16\" data-element_type=\"section\">\n\t\t\t\t\t\t<div class=\"elementor-container elementor-column-gap-default\">\n\t\t\t\t\t<div class=\"elementor-column elementor-col-100 elementor-top-column elementor-element elementor-element-6723110\" data-id=\"6723110\" data-element_type=\"column\">\n\t\t\t<div class=\"elementor-widget-wrap elementor-element-populated\">\n\t\t\t\t\t\t<div class=\"elementor-element elementor-element-8eae138 elementor-widget elementor-widget-spacer\" data-id=\"8eae138\" data-element_type=\"widget\" data-widget_type=\"spacer.default\">\n\t\t\t\t<div class=\"elementor-widget-container\">\n\t\t\t\t\t<div class=\"elementor-spacer\">\n\t\t\t<div class=\"elementor-spacer-inner\"><\/div>\n\t\t<\/div>\n\t\t\t\t<\/div>\n\t\t\t\t<\/div>\n\t\t\t\t<div class=\"elementor-element elementor-element-401b3f5 elementor-widget elementor-widget-heading\" data-id=\"401b3f5\" data-element_type=\"widget\" data-widget_type=\"heading.default\">\n\t\t\t\t<div class=\"elementor-widget-container\">\n\t\t\t<h3 class=\"elementor-heading-title elementor-size-default\">Read more:<\/h3>\t\t<\/div>\n\t\t\t\t<\/div>\n\t\t\t\t<div class=\"elementor-element elementor-element-0898478 elementor-widget-divider--view-line elementor-widget elementor-widget-divider\" data-id=\"0898478\" data-element_type=\"widget\" data-widget_type=\"divider.default\">\n\t\t\t\t<div class=\"elementor-widget-container\">\n\t\t\t\t\t<div class=\"elementor-divider\">\n\t\t\t<span class=\"elementor-divider-separator\">\n\t\t\t\t\t\t<\/span>\n\t\t<\/div>\n\t\t\t\t<\/div>\n\t\t\t\t<\/div>\n\t\t\t\t<section class=\"elementor-section elementor-inner-section elementor-element elementor-element-7499367 elementor-section-full_width elementor-section-height-default elementor-section-height-default\" data-id=\"7499367\" data-element_type=\"section\">\n\t\t\t\t\t\t<div class=\"elementor-container elementor-column-gap-no\">\n\t\t\t\t\t<div class=\"elementor-column elementor-col-33 elementor-inner-column elementor-element elementor-element-ae0335a\" data-id=\"ae0335a\" data-element_type=\"column\">\n\t\t\t<div class=\"elementor-widget-wrap elementor-element-populated\">\n\t\t\t\t\t\t<div class=\"elementor-element elementor-element-d9ff360 elementor-widget elementor-widget-image\" data-id=\"d9ff360\" data-element_type=\"widget\" data-widget_type=\"image.default\">\n\t\t\t\t<div class=\"elementor-widget-container\">\n\t\t\t\t\t\t\t\t\t\t\t\t\t<img decoding=\"async\" width=\"500\" height=\"327\" src=\"https:\/\/fealold.feal.hr\/wp-content\/uploads\/2020\/04\/dani-arhitekata.jpg\" class=\"attachment-full size-full wp-image-1134\" alt=\"\" srcset=\"https:\/\/fealold.feal.hr\/wp-content\/uploads\/2020\/04\/dani-arhitekata.jpg 500w, https:\/\/fealold.feal.hr\/wp-content\/uploads\/2020\/04\/dani-arhitekata-300x196.jpg 300w\" sizes=\"(max-width: 500px) 100vw, 500px\" \/>\t\t\t\t\t\t\t\t\t\t\t\t\t<\/div>\n\t\t\t\t<\/div>\n\t\t\t\t<div class=\"elementor-element elementor-element-0fa2a6f elementor-widget elementor-widget-heading\" data-id=\"0fa2a6f\" data-element_type=\"widget\" data-widget_type=\"heading.default\">\n\t\t\t\t<div class=\"elementor-widget-container\">\n\t\t\t<h5 class=\"elementor-heading-title elementor-size-default\"><a href=\"https:\/\/fealold.feal.hr\/en\/vijest-dani-arhitekata-3-0\/\">Days of architects 3.0<\/a><\/h5>\t\t<\/div>\n\t\t\t\t<\/div>\n\t\t\t\t<div class=\"elementor-element elementor-element-2b909ff elementor-widget elementor-widget-text-editor\" data-id=\"2b909ff\" data-element_type=\"widget\" data-widget_type=\"text-editor.default\">\n\t\t\t\t<div class=\"elementor-widget-container\">\n\t\t\t\t\t\t\t<p>This year, once more we provided support to the leading architectural gathering \"Days of Architects 3.0\"<\/p>\t\t\t\t\t\t<\/div>\n\t\t\t\t<\/div>\n\t\t\t\t<div class=\"elementor-element elementor-element-105f046 elementor-align-left elementor-widget elementor-widget-button\" data-id=\"105f046\" data-element_type=\"widget\" data-widget_type=\"button.default\">\n\t\t\t\t<div class=\"elementor-widget-container\">\n\t\t\t\t\t<div class=\"elementor-button-wrapper\">\n\t\t\t<a class=\"elementor-button elementor-button-link elementor-size-md\" href=\"https:\/\/fealold.feal.hr\/en\/vijest-dani-arhitekata-3-0\/\">\n\t\t\t\t\t\t<span class=\"elementor-button-content-wrapper\">\n\t\t\t\t\t\t<span class=\"elementor-button-icon\">\n\t\t\t\t<i aria-hidden=\"true\" class=\"fas fa-angle-double-right\"><\/i>\t\t\t<\/span>\n\t\t\t\t\t\t\t\t\t<span class=\"elementor-button-text\">Read more<\/span>\n\t\t\t\t\t<\/span>\n\t\t\t\t\t<\/a>\n\t\t<\/div>\n\t\t\t\t<\/div>\n\t\t\t\t<\/div>\n\t\t\t\t\t<\/div>\n\t\t<\/div>\n\t\t\t\t<div class=\"elementor-column elementor-col-33 elementor-inner-column elementor-element elementor-element-fffff18\" data-id=\"fffff18\" data-element_type=\"column\">\n\t\t\t<div class=\"elementor-widget-wrap elementor-element-populated\">\n\t\t\t\t\t\t<div class=\"elementor-element elementor-element-5451a77 elementor-widget elementor-widget-image\" data-id=\"5451a77\" data-element_type=\"widget\" data-widget_type=\"image.default\">\n\t\t\t\t<div class=\"elementor-widget-container\">\n\t\t\t\t\t\t\t\t\t\t\t\t\t<img decoding=\"async\" width=\"500\" height=\"327\" src=\"https:\/\/fealold.feal.hr\/wp-content\/uploads\/2020\/04\/direktor.jpg\" class=\"attachment-full size-full wp-image-1136\" alt=\"\" srcset=\"https:\/\/fealold.feal.hr\/wp-content\/uploads\/2020\/04\/direktor.jpg 500w, https:\/\/fealold.feal.hr\/wp-content\/uploads\/2020\/04\/direktor-300x196.jpg 300w\" sizes=\"(max-width: 500px) 100vw, 500px\" \/>\t\t\t\t\t\t\t\t\t\t\t\t\t<\/div>\n\t\t\t\t<\/div>\n\t\t\t\t<div class=\"elementor-element elementor-element-b0f8aa3 elementor-widget elementor-widget-heading\" data-id=\"b0f8aa3\" data-element_type=\"widget\" data-widget_type=\"heading.default\">\n\t\t\t\t<div class=\"elementor-widget-container\">\n\t\t\t<h5 class=\"elementor-heading-title elementor-size-default\"><a href=\"https:\/\/fealold.feal.hr\/en\/vijest-novi-direktor\/\">Interview: Ante Musa, the new CEO of FEAL<\/a><\/h5>\t\t<\/div>\n\t\t\t\t<\/div>\n\t\t\t\t<div class=\"elementor-element elementor-element-db1f287 elementor-widget elementor-widget-text-editor\" data-id=\"db1f287\" data-element_type=\"widget\" data-widget_type=\"text-editor.default\">\n\t\t\t\t<div class=\"elementor-widget-container\">\n\t\t\t\t\t\t\t<p>Interview with the new CEO of FEAL<\/p>\t\t\t\t\t\t<\/div>\n\t\t\t\t<\/div>\n\t\t\t\t<div class=\"elementor-element elementor-element-970d8ff elementor-align-left elementor-widget elementor-widget-button\" data-id=\"970d8ff\" data-element_type=\"widget\" data-widget_type=\"button.default\">\n\t\t\t\t<div class=\"elementor-widget-container\">\n\t\t\t\t\t<div class=\"elementor-button-wrapper\">\n\t\t\t<a class=\"elementor-button elementor-button-link elementor-size-md\" href=\"https:\/\/fealold.feal.hr\/en\/vijest-novi-direktor\/\">\n\t\t\t\t\t\t<span class=\"elementor-button-content-wrapper\">\n\t\t\t\t\t\t<span class=\"elementor-button-icon\">\n\t\t\t\t<i aria-hidden=\"true\" class=\"fas fa-angle-double-right\"><\/i>\t\t\t<\/span>\n\t\t\t\t\t\t\t\t\t<span class=\"elementor-button-text\">Read more<\/span>\n\t\t\t\t\t<\/span>\n\t\t\t\t\t<\/a>\n\t\t<\/div>\n\t\t\t\t<\/div>\n\t\t\t\t<\/div>\n\t\t\t\t\t<\/div>\n\t\t<\/div>\n\t\t\t\t<div class=\"elementor-column elementor-col-33 elementor-inner-column elementor-element elementor-element-b82ab5e\" data-id=\"b82ab5e\" data-element_type=\"column\">\n\t\t\t<div class=\"elementor-widget-wrap elementor-element-populated\">\n\t\t\t\t\t\t<div class=\"elementor-element elementor-element-72ff3d4 elementor-widget elementor-widget-image\" data-id=\"72ff3d4\" data-element_type=\"widget\" data-widget_type=\"image.default\">\n\t\t\t\t<div class=\"elementor-widget-container\">\n\t\t\t\t\t\t\t\t\t\t\t\t\t<img loading=\"lazy\" decoding=\"async\" width=\"500\" height=\"327\" src=\"https:\/\/fealold.feal.hr\/wp-content\/uploads\/2020\/04\/sfera-vijest.jpg\" class=\"attachment-full size-full wp-image-1488\" alt=\"\" srcset=\"https:\/\/fealold.feal.hr\/wp-content\/uploads\/2020\/04\/sfera-vijest.jpg 500w, https:\/\/fealold.feal.hr\/wp-content\/uploads\/2020\/04\/sfera-vijest-300x196.jpg 300w\" sizes=\"(max-width: 500px) 100vw, 500px\" \/>\t\t\t\t\t\t\t\t\t\t\t\t\t<\/div>\n\t\t\t\t<\/div>\n\t\t\t\t<div class=\"elementor-element elementor-element-e70c4d5 elementor-widget elementor-widget-heading\" data-id=\"e70c4d5\" data-element_type=\"widget\" data-widget_type=\"heading.default\">\n\t\t\t\t<div class=\"elementor-widget-container\">\n\t\t\t<h5 class=\"elementor-heading-title elementor-size-default\"><a href=\"https:\/\/fealold.feal.hr\/en\/vijest-sfera-2020\/\">Sfera 2020<\/a><\/h5>\t\t<\/div>\n\t\t\t\t<\/div>\n\t\t\t\t<div class=\"elementor-element elementor-element-33a0474 elementor-widget elementor-widget-text-editor\" data-id=\"33a0474\" data-element_type=\"widget\" data-widget_type=\"text-editor.default\">\n\t\t\t\t<div class=\"elementor-widget-container\">\n\t\t\t\t\t\t\t<p>This year, once more we provided support to the organizers and were the general sponsor of the conference\u2026<\/p>\t\t\t\t\t\t<\/div>\n\t\t\t\t<\/div>\n\t\t\t\t<div class=\"elementor-element elementor-element-4c488d3 elementor-align-left elementor-widget elementor-widget-button\" data-id=\"4c488d3\" data-element_type=\"widget\" data-widget_type=\"button.default\">\n\t\t\t\t<div class=\"elementor-widget-container\">\n\t\t\t\t\t<div class=\"elementor-button-wrapper\">\n\t\t\t<a class=\"elementor-button elementor-button-link elementor-size-md\" href=\"https:\/\/fealold.feal.hr\/en\/vijest-sfera-2020\/\">\n\t\t\t\t\t\t<span class=\"elementor-button-content-wrapper\">\n\t\t\t\t\t\t<span class=\"elementor-button-icon\">\n\t\t\t\t<i aria-hidden=\"true\" class=\"fas fa-angle-double-right\"><\/i>\t\t\t<\/span>\n\t\t\t\t\t\t\t\t\t<span class=\"elementor-button-text\">Read more<\/span>\n\t\t\t\t\t<\/span>\n\t\t\t\t\t<\/a>\n\t\t<\/div>\n\t\t\t\t<\/div>\n\t\t\t\t<\/div>\n\t\t\t\t\t<\/div>\n\t\t<\/div>\n\t\t\t\t\t<\/div>\n\t\t<\/section>\n\t\t\t\t\t<\/div>\n\t\t<\/div>\n\t\t\t\t\t<\/div>\n\t\t<\/section>\n\t\t\t\t<\/div>","protected":false},"excerpt":{"rendered":"<p>&lt; Povratak na sve vijesti FEAL i POLIKLINIKA FUTURA u suradnji s UDRUGOM NARCIS pokre\u0107u inicijativu u mjesecu borbe protiv raka dojke 21.10.2024. U okviru svojih dru\u0161tveno odgovornih aktivnosti, Feal, u \u010dijoj grupaciji se nalazi i Poliklinika Futura, pokrenuo je suradnju s lokalnim Udru\u017eenjem \u017eena za borbu protiv raka dojke, Udrugom Narcis. U mjesecu listopadu, &hellip;<\/p>\n<p class=\"read-more\"> <a class=\"\" href=\"https:\/\/fealold.feal.hr\/en\/feal-i-poliklinika-futura-u-suradnji-s-udrugom-narcis-pokrecu-inicijativu-u-mjesecu-borbe-protiv-raka-dojke\/\"> <span class=\"screen-reader-text\">FEAL and POLIKLINIKA FUTURA in cooperation with the NARCIS ASSOCIATION launch an initiative in the month of the fight against breast cancer<\/span> Read More &raquo;<\/a><\/p>","protected":false},"author":4,"featured_media":0,"parent":0,"menu_order":0,"comment_status":"closed","ping_status":"closed","template":"","meta":{"footnotes":""},"tags":[],"class_list":["post-9693","page","type-page","status-publish","hentry"],"_links":{"self":[{"href":"https:\/\/fealold.feal.hr\/en\/wp-json\/wp\/v2\/pages\/9693","targetHints":{"allow":["GET"]}}],"collection":[{"href":"https:\/\/fealold.feal.hr\/en\/wp-json\/wp\/v2\/pages"}],"about":[{"href":"https:\/\/fealold.feal.hr\/en\/wp-json\/wp\/v2\/types\/page"}],"author":[{"embeddable":true,"href":"https:\/\/fealold.feal.hr\/en\/wp-json\/wp\/v2\/users\/4"}],"replies":[{"embeddable":true,"href":"https:\/\/fealold.feal.hr\/en\/wp-json\/wp\/v2\/comments?post=9693"}],"version-history":[{"count":7,"href":"https:\/\/fealold.feal.hr\/en\/wp-json\/wp\/v2\/pages\/9693\/revisions"}],"predecessor-version":[{"id":9707,"href":"https:\/\/fealold.feal.hr\/en\/wp-json\/wp\/v2\/pages\/9693\/revisions\/9707"}],"wp:attachment":[{"href":"https:\/\/fealold.feal.hr\/en\/wp-json\/wp\/v2\/media?parent=9693"}],"wp:term":[{"taxonomy":"post_tag","embeddable":true,"href":"https:\/\/fealold.feal.hr\/en\/wp-json\/wp\/v2\/tags?post=9693"}],"curies":[{"name":"wp","href":"https:\/\/api.w.org\/{rel}","templated":true}]}}